{"id":1672,"date":"2017-02-28T03:38:49","date_gmt":"2017-02-28T03:38:49","guid":{"rendered":"https:\/\/namchamvn.com.vn\/san-pham\/may-sang-lac\/?lang=en"},"modified":"2022-06-02T01:34:05","modified_gmt":"2022-06-02T01:34:05","slug":"may-sang-lac","status":"publish","type":"product","link":"https:\/\/namchamvn.com.vn\/en\/san-pham\/may-sang-lac","title":{"rendered":"M\u00e1y S\u00e0ng L\u1eafc"},"content":{"rendered":"<p><strong>C\u1ea5u t\u1ea1o v\u00e0 Nguy\u00ean l\u00fd l\u00e0m vi\u1ec7c m\u00e1y s\u00e0ng l\u1eafc:<\/strong><\/p>\n<ul>\n<li>C\u1ea5u t\u1ea1o m\u00e1y:<\/li>\n<\/ul>\n<p><img loading=\"lazy\" decoding=\"async\" class=\"aligncenter wp-image-1228 size-full\" src=\"https:\/\/namchamvn.com.vn\/wp-content\/uploads\/2017\/02\/cau-tao.jpg\" alt=\"cau-tao\" width=\"497\" height=\"441\" srcset=\"https:\/\/namchamvn.com.vn\/wp-content\/uploads\/2017\/02\/cau-tao.jpg 497w, https:\/\/namchamvn.com.vn\/wp-content\/uploads\/2017\/02\/cau-tao-300x266.jpg 300w\" sizes=\"(max-width: 497px) 100vw, 497px\" \/><\/p>\n<p><img loading=\"lazy\" decoding=\"async\" class=\" wp-image-1229 aligncenter\" src=\"https:\/\/namchamvn.com.vn\/wp-content\/uploads\/2017\/02\/may-sang-rung-8.jpg\" alt=\"\" width=\"321\" height=\"340\" \/>&#8211; <a href=\"http:\/\/maysangrung.com\/\" target=\"_blank\" rel=\"noopener\">Nguy\u00ean l\u00fd l\u00e0m vi\u1ec7c c\u1ee7a s\u00e0ng l\u1eafc<\/a> c\u01a1 b\u1ea3n d\u1ef1a tr\u00ean t\u00e1c d\u1ee5ng c\u1ee7a tr\u1ecdng l\u1ef1c, l\u1ef1c qu\u00e1n t\u00ednh v\u00e0 l\u1ef1c ma s\u00e1t. Do qu\u1ef9 \u0111\u1ea1o chuy\u1ec3n \u0111\u1ed9ng c\u1ee7a t\u1ea7ng s\u00e0ng, m\u00e1y s\u00e0ng l\u1eafc c\u0169ng \u0111\u01b0\u1ee3c g\u1ecdi l\u00e0 m\u00e1y s\u00e0ng tr\u00f2n gh\u00e9p. C\u00e1c rung \u0111\u1ed9ng t\u1ea1o ra b\u1edfi h\u1ec7 th\u1ed1ng \u0111\u1ed9ng c\u01a1 l\u00e0 m\u1ed9t lo\u1ea1i l\u1ef1c qu\u00e1n t\u00ednh, xoay quanh tr\u1ee5c v\u00e0 thay \u0111\u1ed5i th\u01b0\u1eddng xuy\u00ean. V\u1ec1 b\u1ea3n ch\u1ea5t, n\u00f3 l\u00e0 m\u1ed9t lo\u1ea1i l\u1ef1c ly t\u00e2m \u0111\u01b0\u1ee3c t\u1ea1o ra b\u1edfi kh\u1ed1i l\u1ec7ch t\u00e2m kh\u1ed1i l\u01b0\u1ee3ng v\u00f2ng quanh tr\u1ee5c . C\u00e1c s\u00e0ng th\u01b0\u1eddng \u0111\u01b0\u1ee3c thi\u1ebft k\u1ebf theo chi\u1ec1u ngang ho\u1eb7c v\u1edbi g\u00f3c nh\u1ecf (0 \u00b0 -5 \u00b0). C\u00e1c th\u00f4ng s\u1ed1 c\u00f3 th\u1ec3 \u0111i\u1ec1u ch\u1ec9nh \u0111\u1ec3 c\u00f3 \u0111\u01b0\u1ee3c n\u0103ng su\u1ea5t v\u00e0 hi\u1ec7u qu\u1ea3 theo nhu c\u1ea7u th\u1ef1c t\u1ebf.<\/p>\n<p><img loading=\"lazy\" decoding=\"async\" class=\"wp-image-5237 aligncenter\" src=\"https:\/\/namchamvn.com.vn\/wp-content\/uploads\/2017\/02\/may-sang-lang-ttvm-1024x748.jpg\" alt=\"\" width=\"781\" height=\"571\" srcset=\"https:\/\/namchamvn.com.vn\/wp-content\/uploads\/2017\/02\/may-sang-lang-ttvm-1024x748.jpg 1024w, https:\/\/namchamvn.com.vn\/wp-content\/uploads\/2017\/02\/may-sang-lang-ttvm-300x219.jpg 300w, https:\/\/namchamvn.com.vn\/wp-content\/uploads\/2017\/02\/may-sang-lang-ttvm-768x561.jpg 768w, https:\/\/namchamvn.com.vn\/wp-content\/uploads\/2017\/02\/may-sang-lang-ttvm-1536x1122.jpg 1536w, https:\/\/namchamvn.com.vn\/wp-content\/uploads\/2017\/02\/may-sang-lang-ttvm-600x438.jpg 600w, https:\/\/namchamvn.com.vn\/wp-content\/uploads\/2017\/02\/may-sang-lang-ttvm.jpg 1893w\" sizes=\"(max-width: 781px) 100vw, 781px\" \/><\/p>\n<ul>\n<li><strong><strong>Th\u00f4ng s\u1ed1 k\u1ef9 thu\u1eadt:<\/strong><\/strong><\/li>\n<li><img loading=\"lazy\" decoding=\"async\" class=\"alignnone size-large wp-image-4425\" src=\"https:\/\/namchamvn.com.vn\/wp-content\/uploads\/2017\/02\/m\u00e1y-s\u00e0ng-tr\u00f2n-chu\u1ea9n-1024x566.png\" alt=\"\" width=\"1024\" height=\"566\" srcset=\"https:\/\/namchamvn.com.vn\/wp-content\/uploads\/2017\/02\/m\u00e1y-s\u00e0ng-tr\u00f2n-chu\u1ea9n-1024x566.png 1024w, https:\/\/namchamvn.com.vn\/wp-content\/uploads\/2017\/02\/m\u00e1y-s\u00e0ng-tr\u00f2n-chu\u1ea9n-600x332.png 600w, https:\/\/namchamvn.com.vn\/wp-content\/uploads\/2017\/02\/m\u00e1y-s\u00e0ng-tr\u00f2n-chu\u1ea9n-300x166.png 300w, https:\/\/namchamvn.com.vn\/wp-content\/uploads\/2017\/02\/m\u00e1y-s\u00e0ng-tr\u00f2n-chu\u1ea9n-768x425.png 768w\" sizes=\"(max-width: 1024px) 100vw, 1024px\" \/><\/li>\n<li>B\u1ea3n v\u1ebd m\u00e1y s\u00e0ng l\u1eafc \u0111\u01b0\u1eddng k\u00ednh 2000mm x 2 l\u1edbp s\u00e0ng<\/li>\n<li><img loading=\"lazy\" decoding=\"async\" class=\"alignnone size-large wp-image-4399\" src=\"https:\/\/namchamvn.com.vn\/wp-content\/uploads\/2017\/02\/B\u1ea3n-v\u1ebd-m\u00e1y-s\u00e0ng-l\u1eafc-1024x576.png\" alt=\"\" width=\"1024\" height=\"576\" \/>\n<ul>\n<li><strong>C\u00e1c t\u00ednh n\u0103ng \u0111\u1eb7c bi\u1ec7t:<\/strong><\/li>\n<li><strong>\u0110\u1ed9 ch\u00ednh x\u00e1c cao h\u01a1n<\/strong><\/li>\n<li>B\u1eb1ng c\u00e1ch \u0111i\u1ec1u ch\u1ec9nh g\u00f3c \u0111\u1ed9 qu\u1ea3 v\u0103ng v\u00e0 g\u00f3c ti\u1ebfp tuy\u1ebfn, bi\u00ean \u0111\u1ed9 dao \u0111\u1ed9ng v\u00e0 th\u1eddi gian n\u1eb1m tr\u00ean l\u01b0\u1edbi s\u00e0ng c\u1ee7a v\u1eadt li\u1ec7u c\u00f3 th\u1ec3 \u0111i\u1ec1u ch\u1ec9nh theo \u00fd mu\u1ed1n \u0111\u01b0\u1ee3c, c\u00f3 th\u1ec3 c\u1ea5p li\u1ec7u th\u00f4ng qua silo \u0111\u1ec3 ki\u1ec3m so\u00e1t \u0111\u1ed9 ch\u00ednh x\u00e1c.<\/li>\n<li>So v\u1edbi c\u00e1c m\u00e1y s\u00e0ng kh\u00e1c, thi\u1ebft k\u1ebf \u0111\u1eb7c bi\u1ec7t c\u1ee7a m\u00e1y s\u00e0ng l\u1eafc gi\u1eef c\u00e1c nguy\u00ean li\u1ec7u th\u00f4 c\u00f3 th\u1eddi gian n\u1eb1m tr\u00ean l\u01b0\u1edbi s\u00e0ng l\u00e2u h\u01a1n. V\u00ec v\u1eady, khi s\u00e0ng l\u1ecdc s\u1ebd tri\u1ec7t \u0111\u1ec3 v\u00e0 c\u00f4ng su\u1ea5t cao h\u01a1n.<\/li>\n<li><strong>\u1ee8ng d\u1ee5ng t\u1ed1t cho c\u00e1c nguy\u00ean li\u1ec7u c\u00f3 t\u1ec9 tr\u1ecdng th\u1ea5p<\/strong><\/li>\n<li>M\u00e1y s\u00e0ng l\u1eafc c\u00f3 m\u1ed9t bi\u00ean \u0111\u1ed9 dao \u0111\u1ed9ng nh\u1ecf h\u01a1n nhi\u1ec1u, \u0111\u1ec3 ng\u0103n c\u00e1c nguy\u00ean li\u1ec7u v\u0103ng kh\u1ecfi l\u01b0\u1edbi trong qu\u00e1 tr\u00ecnh s\u00e0ng, gi\u00fap c\u00e1c nguy\u00ean li\u1ec7u c\u00f3 t\u1ec9 tr\u1ecdng th\u1ea5p g\u1ea7n m\u1eb7t s\u00e0ng di chuy\u1ec3n.<\/li>\n<li>N\u00f3 r\u1ea5t h\u1eefu \u00edch \u0111\u1ec3 n\u00e2ng cao hi\u1ec7u qu\u1ea3 ki\u1ec3m tra c\u00e1c nguy\u00ean li\u1ec7u m\u1eadt \u0111\u1ed9 th\u1ea5p.<\/li>\n<li><strong>M\u1ee9c \u0111\u1ed9 b\u1ea3o tr\u00ec th\u1ea5p<\/strong><\/li>\n<li>N\u1ed5i b\u1eadt kh\u00e1c, M\u00e1y s\u00e0ng l\u1eafc ho\u1ea1t \u0111\u1ed9ng d\u01b0\u1edbi m\u1ed9t t\u1ed1c \u0111\u1ed9 xoay r\u1ea5t th\u1ea5p. kh\u00f4ng c\u1ea7n nhi\u1ec1u th\u1eddi gian v\u00e0 chi ph\u00ed \u0111\u1ec3 b\u1ea3o tr\u00ec, b\u1ea3o d\u01b0\u1ee1ng, gi\u00fap gi\u1ea3m thi\u1ec3u th\u1eddi gian v\u00e0 n\u00e2ng cao n\u0103ng su\u1ea5t.<\/li>\n<li><strong>Kh\u1ea3 n\u0103ng \u1ee9ng d\u1ee5ng r\u1ed9ng r\u00e3i<\/strong><\/li>\n<li>T\u1ea7n s\u1ed1 dao \u0111\u1ed9ng c\u1ee7a m\u00e1y s\u00e0ng l\u1eafc c\u00f3 th\u1ec3 \u0111\u01b0\u1ee3c t\u00f9y ch\u1ec9nh \u0111\u1eb7c bi\u1ec7t d\u1ef1a tr\u00ean y\u00eau c\u1ea7u c\u1ee7a kh\u00e1ch h\u00e0ng. Ph\u00f9 h\u1ee3p v\u1edbi c\u00e1c thi\u1ebft b\u1ecb kh\u00e1c trong m\u1ed9t d\u00e2y chuy\u1ec1n s\u1ea3n xu\u1ea5t. V\u1edbi \u0111\u1ed9ng c\u01a1 IP65 , ch\u1ed1ng b\u1ee5i si\u00eau m\u1ecbn. M\u00e1y s\u00e0ng l\u1eafc c\u00f3 th\u1ec3 l\u1ecdc ch\u1ea5t l\u1ecfng v\u00e0 h\u1ea1t, nhi\u1ec7t \u0111\u1ed9 kh\u00e1c nhau.<\/li>\n<li><strong>D\u00e2y chuy\u1ec1n s\u1ea3n xu\u1ea5t an to\u00e0n v\u1edbi m\u00f4i tr\u01b0\u1eddng<\/strong><\/li>\n<li>K\u1ebft n\u1ed1i v\u1edbi \u1ed1ng m\u1ec1m \u0111\u1ec3 s\u1eed d\u1ee5ng, m\u00e1y s\u00e0ng l\u1eafc s\u1ebd an to\u00e0n. Kh\u00f4ng b\u1ee5i, kh\u00f4ng c\u00f3 b\u1ed9t n\u1ed5i, n\u00f3 r\u1ea5t ph\u00f9 h\u1ee3p v\u1edbi d\u00e2y chuy\u1ec1n s\u1ea3n xu\u1ea5t y\u00eau c\u1ea7u v\u1ec7 sinh, c\u00f3 nhi\u1ec1u b\u1ee5i, v\u00e0 an to\u00e0n v\u1edbi nh\u00e2n vi\u00ean v\u1eadn h\u00e0nh.<\/li>\n<\/ul>\n<\/li>\n<li><strong>\u00a0<\/strong><strong>\u1ee8ng D\u1ee5ng:<\/strong>\n<ul>\n<li>\u00c1p d\u1ee5ng \u0111\u1ed1i v\u1edbi ng\u00e0nh d\u01b0\u1ee3c ph\u1ea9m, th\u1ef1c ph\u1ea9m, khai th\u00e1c m\u1ecf, \u0111\u00fac, m\u00e0i m\u00f2n, h\u00f3a ch\u1ea5t, v\u1eadt li\u1ec7u x\u00e2y d\u1ef1ng, xi m\u0103ng, ph\u00e2n b\u00f3n, gi\u1ea5y, c\u00f4ng nghi\u1ec7p th\u1ef1c ph\u1ea9m, mu\u1ed1i, b\u1ed9t li\u00ean quan \u0111\u1ebfn ng\u00e0nh c\u00f4ng nghi\u1ec7p c\u1ee7a s\u00e0ng kh\u00f4 v\u00e0 \u01b0\u1edbt, s\u00e0ng t\u00e1i ch\u1ebf n\u01b0\u1edbc th\u1ea3i\u2026<\/li>\n<\/ul>\n<\/li>\n<\/ul>\n<p style=\"text-align: center;\"><iframe loading=\"lazy\" src=\"\/\/www.youtube.com\/embed\/RFx_Vq18kMA\" width=\"560\" height=\"314\" allowfullscreen=\"allowfullscreen\"><\/iframe><\/p>\n<p style=\"text-align: center;\"><em>M\u1ecdi th\u00f4ng tin chi ti\u1ebft v\u00e0 y\u00eau c\u1ea7u b\u00e1o gi\u00e1, qu\u00fd kh\u00e1ch vui l\u00f2ng li\u00ean h\u1ec7 cho ch\u00fang t\u00f4i qua:<\/em><\/p>\n<p style=\"text-align: center;\"><em>Hotline 0937 813 868 ho\u1eb7c t\u1ed5ng \u0111\u00e0i: 1800 6355, email: info@ttvm.com.vn<\/em><\/p>\n<p style=\"text-align: center;\"><em>\u00a0Tr\u00e2n tr\u1ecdng c\u1ea3m \u01a1n!<\/em><\/p>\n","protected":false},"excerpt":{"rendered":"<p>C\u1ea5u t\u1ea1o v\u00e0 Nguy\u00ean l\u00fd l\u00e0m vi\u1ec7c m\u00e1y s\u00e0ng l\u1eafc: C\u1ea5u t\u1ea1o m\u00e1y: &#8211; Nguy\u00ean l\u00fd l\u00e0m vi\u1ec7c c\u1ee7a s\u00e0ng l\u1eafc c\u01a1 b\u1ea3n d\u1ef1a tr\u00ean t\u00e1c d\u1ee5ng c\u1ee7a tr\u1ecdng l\u1ef1c, l\u1ef1c qu\u00e1n t\u00ednh v\u00e0 l\u1ef1c ma s\u00e1t. Do qu\u1ef9 \u0111\u1ea1o chuy\u1ec3n \u0111\u1ed9ng c\u1ee7a t\u1ea7ng s\u00e0ng, m\u00e1y s\u00e0ng l\u1eafc c\u0169ng \u0111\u01b0\u1ee3c g\u1ecdi l\u00e0 m\u00e1y s\u00e0ng tr\u00f2n [&hellip;]<\/p>\n","protected":false},"featured_media":5240,"comment_status":"open","ping_status":"closed","template":"","meta":{"rank_math_lock_modified_date":false},"product_cat":[208],"product_tag":[209,210,211],"class_list":{"0":"post-1672","1":"product","2":"type-product","3":"status-publish","4":"has-post-thumbnail","6":"product_cat-shaking-machine","7":"product_tag-may-sang-lac-en","8":"product_tag-may-sang-rung-en","9":"product_tag-may-sang-en","11":"first","12":"instock","13":"shipping-taxable","14":"product-type-simple"},"_links":{"self":[{"href":"https:\/\/namchamvn.com.vn\/en\/wp-json\/wp\/v2\/product\/1672"}],"collection":[{"href":"https:\/\/namchamvn.com.vn\/en\/wp-json\/wp\/v2\/product"}],"about":[{"href":"https:\/\/namchamvn.com.vn\/en\/wp-json\/wp\/v2\/types\/product"}],"replies":[{"embeddable":true,"href":"https:\/\/namchamvn.com.vn\/en\/wp-json\/wp\/v2\/comments?post=1672"}],"wp:featuredmedia":[{"embeddable":true,"href":"https:\/\/namchamvn.com.vn\/en\/wp-json\/wp\/v2\/media\/5240"}],"wp:attachment":[{"href":"https:\/\/namchamvn.com.vn\/en\/wp-json\/wp\/v2\/media?parent=1672"}],"wp:term":[{"taxonomy":"product_cat","embeddable":true,"href":"https:\/\/namchamvn.com.vn\/en\/wp-json\/wp\/v2\/product_cat?post=1672"},{"taxonomy":"product_tag","embeddable":true,"href":"https:\/\/namchamvn.com.vn\/en\/wp-json\/wp\/v2\/product_tag?post=1672"}],"curies":[{"name":"wp","href":"https:\/\/api.w.org\/{rel}","templated":true}]}}