{"id":1673,"date":"2016-11-02T04:32:08","date_gmt":"2016-11-02T04:32:08","guid":{"rendered":"https:\/\/namchamvn.com.vn\/san-pham\/nam-cham-thanh\/?lang=en"},"modified":"2025-10-03T11:11:00","modified_gmt":"2025-10-03T04:11:00","slug":"khung-nam-cham-luoi","status":"publish","type":"product","link":"https:\/\/namchamvn.com.vn\/en\/san-pham\/khung-nam-cham-luoi","title":{"rendered":"Khung nam ch\u00e2m l\u01b0\u1edbi TTVM &#8211; B\u00ed quy\u1ebft l\u1ecdc s\u1eaft hi\u1ec7u qu\u1ea3 trong ng\u00e0nh d\u0103m g\u1ed7 xu\u1ea5t kh\u1ea9u"},"content":{"rendered":"<p style=\"text-align: justify;\">Nh\u1eafc \u0111\u1ebfn <strong>khung nam ch\u00e2m l\u01b0\u1edbi<\/strong> TTVM, ch\u00fang ta kh\u00f4ng th\u1ec3 kh\u00f4ng k\u1ec3 \u0111\u1ebfn nh\u00e0 cung c\u1ea5p T&amp;T. \u0110\u00e2y l\u00e0 m\u1ed9t trong nh\u1eefng gi\u1ea3i ph\u00e1p l\u1ecdc s\u1eaft m\u1ea1nh m\u1ebd v\u00e0 hi\u1ec7u qu\u1ea3, \u0111\u01b0\u1ee3c \u1ee9ng d\u1ee5ng r\u1ed9ng r\u00e3i trong ng\u00e0nh d\u0103m g\u1ed7 xu\u1ea5t kh\u1ea9u. H\u00e3y c\u00f9ng t\u00ecm hi\u1ec3u v\u1ec1 s\u1ea3n ph\u1ea9m n\u00e0y qua c\u00e1c kh\u00eda c\u1ea1nh chi ti\u1ebft nh\u00e9!<\/p>\n<h2 style=\"text-align: justify;\"><span style=\"color: #008000;\">1. Khung nam ch\u00e2m l\u01b0\u1edbi TTVM c\u1ea5u t\u1ea1o nh\u01b0 th\u1ebf n\u00e0o?<\/span><\/h2>\n<p style=\"text-align: justify;\">\u0110\u00e2y l\u00e0 s\u1ea3n ph\u1ea9m \u0111\u00f2i h\u1ecfi t\u00ednh k\u1ef9 thu\u1eadt cao. \u0110\u01b0\u1ee3c thi\u1ebft k\u1ebf v\u1edbi \u0111\u1ed9 ch\u00ednh x\u00e1c v\u00e0 s\u00e1ng t\u1ea1o b\u1edfi \u0111\u1ed9i ng\u0169 chuy\u00ean vi\u00ean k\u1ef9 thu\u1eadt c\u1ee7a T&amp;T. S\u1ea3n ph\u1ea9m n\u00e0y bao g\u1ed3m nhi\u1ec1u nam ch\u00e2m thanh c\u00f3 h\u00ecnh h\u1ed9p ch\u1eef nh\u1eadt ho\u1eb7c tr\u1ee5 tr\u00f2n. Sau \u0111\u00f3, \u0111\u01b0\u1ee3c gh\u00e9p l\u1ea1i th\u00e0nh m\u1ed9t l\u01b0\u1edbi nam ch\u00e2m theo y\u00eau c\u1ea7u c\u1ee7a kh\u00e1ch h\u00e0ng.<\/p>\n<div id=\"attachment_7392\" style=\"width: 880px\" class=\"wp-caption aligncenter\"><img loading=\"lazy\" decoding=\"async\" aria-describedby=\"caption-attachment-7392\" class=\"size-full wp-image-7392\" src=\"https:\/\/namchamvn.com.vn\/wp-content\/uploads\/2016\/11\/khung-nam-cham-luoi-ttvm.jpg\" alt=\"khung nam ch\u00e2m l\u01b0\u1edbi TTVM\" width=\"870\" height=\"580\" srcset=\"https:\/\/namchamvn.com.vn\/wp-content\/uploads\/2016\/11\/khung-nam-cham-luoi-ttvm.jpg 870w, https:\/\/namchamvn.com.vn\/wp-content\/uploads\/2016\/11\/khung-nam-cham-luoi-ttvm-300x200.jpg 300w, https:\/\/namchamvn.com.vn\/wp-content\/uploads\/2016\/11\/khung-nam-cham-luoi-ttvm-768x512.jpg 768w, https:\/\/namchamvn.com.vn\/wp-content\/uploads\/2016\/11\/khung-nam-cham-luoi-ttvm-600x400.jpg 600w\" sizes=\"(max-width: 870px) 100vw, 870px\" \/><p id=\"caption-attachment-7392\" class=\"wp-caption-text\"><em>S\u1ea3n ph\u1ea9m khung nam ch\u00e2m l\u01b0\u1edbi \u0111\u01b0\u1ee3c T&amp;T gia c\u00f4ng ch\u1ec9n chu, tinh x\u1ea3o<\/em><\/p><\/div>\n<p style=\"text-align: justify;\">B\u00ean ngo\u00e0i, n\u00f3 \u0111\u01b0\u1ee3c b\u1ecdc m\u1ed9t l\u1edbp inox 304 ch\u1ea5t l\u01b0\u1ee3ng cao. Gi\u00fap b\u1ea3o v\u1ec7 nam ch\u00e2m v\u00e0 t\u0103ng kh\u1ea3 ch\u1ed1ng m\u1ea5t t\u1eeb t\u00ednh c\u1ee7a nam ch\u00e2m.<\/p>\n<h2 style=\"text-align: justify;\"><span style=\"color: #008000;\">2. L\u1ef1c t\u1eeb c\u1ee7a s\u1ea3n ph\u1ea9m<\/span><\/h2>\n<p style=\"text-align: justify;\">Khung nam ch\u00e2m l\u01b0\u1edbi TTVM c\u1ee7a T&amp;T l\u00e0 c\u00f3 l\u1ef1c t\u1eeb m\u1ea1nh m\u1ebd v\u00e0 \u0111a d\u1ea1ng. T\u00f9y thu\u1ed9c v\u00e0o nhu c\u1ea7u c\u1ee5 th\u1ec3, s\u1ea3n ph\u1ea9m c\u00f3 th\u1ec3 cung c\u1ea5p l\u1ef1c t\u1eeb 1000 Gauss, 5000 Gauss, 7000 Gauss, 9000 Gauss hay l\u00ean \u0111\u1ebfn 13.000 Gauss. \u0110i\u1ec1u n\u00e0y \u0111\u1ea3m b\u1ea3o r\u1eb1ng s\u1ea3n ph\u1ea9m c\u00f3 th\u1ec3 \u0111\u00e1p \u1ee9ng \u0111\u01b0\u1ee3c m\u1ecdi y\u00eau c\u1ea7u l\u1ecdc s\u1eaft trong qu\u00e1 tr\u00ecnh s\u1ea3n xu\u1ea5t.<\/p>\n<h2 style=\"text-align: justify;\"><span style=\"color: #008000;\">3. C\u00e1ch th\u1ee9c ho\u1ea1t \u0111\u1ed9ng c\u1ee7a khung nam ch\u00e2m l\u01b0\u1edbi l\u1ecdc s\u1eaft<\/span><\/h2>\n<div id=\"attachment_7400\" style=\"width: 880px\" class=\"wp-caption aligncenter\"><img loading=\"lazy\" decoding=\"async\" aria-describedby=\"caption-attachment-7400\" class=\"size-full wp-image-7400\" src=\"https:\/\/namchamvn.com.vn\/wp-content\/uploads\/2016\/11\/nguyen-ly-hoat-dong-cua-khung-nam-cham-luoi-1.jpg\" alt=\"nguy\u00ean l\u00fd ho\u1ea1t \u0111\u1ed9ng c\u1ee7a khung nam ch\u00e2m l\u01b0\u1edbi\" width=\"870\" height=\"580\" srcset=\"https:\/\/namchamvn.com.vn\/wp-content\/uploads\/2016\/11\/nguyen-ly-hoat-dong-cua-khung-nam-cham-luoi-1.jpg 870w, https:\/\/namchamvn.com.vn\/wp-content\/uploads\/2016\/11\/nguyen-ly-hoat-dong-cua-khung-nam-cham-luoi-1-300x200.jpg 300w, https:\/\/namchamvn.com.vn\/wp-content\/uploads\/2016\/11\/nguyen-ly-hoat-dong-cua-khung-nam-cham-luoi-1-768x512.jpg 768w, https:\/\/namchamvn.com.vn\/wp-content\/uploads\/2016\/11\/nguyen-ly-hoat-dong-cua-khung-nam-cham-luoi-1-600x400.jpg 600w\" sizes=\"(max-width: 870px) 100vw, 870px\" \/><p id=\"caption-attachment-7400\" class=\"wp-caption-text\"><em>S\u1ea3n ph\u1ea9m \u0111\u01b0\u1ee3c \u01b0a chu\u1ed9ng v\u00ec d\u1ec5 d\u00e0ng l\u1eafp \u0111\u1eb7t v\u00e0 s\u1eed d\u1ee5ng<\/em><\/p><\/div>\n<p style=\"text-align: justify;\">S\u1ea3n ph\u1ea9m ho\u1ea1t \u0111\u1ed9ng \u0111\u01a1n gi\u1ea3n nh\u01b0ng hi\u1ec7u qu\u1ea3. Khi v\u1eadt li\u1ec7u ch\u1ea3y qua b\u1ed9 nam ch\u00e2m l\u01b0\u1edbi. Nh\u1eefng ph\u1ea7n t\u1eed ch\u1ee9a s\u1eaft s\u1ebd b\u1ecb h\u00fat v\u00e0 gi\u1eef l\u1ea1i b\u1edfi l\u1ef1c t\u1eeb m\u1ea1nh m\u1ebd c\u1ee7a nam ch\u00e2m. \u0110i\u1ec1u n\u00e0y gi\u00fap lo\u1ea1i b\u1ecf t\u1ea1p ch\u1ea5t s\u1eaft kh\u1ecfi h\u1ed7n h\u1ee3p v\u1eadt li\u1ec7u, b\u1ea3o v\u1ec7 m\u00e1y m\u00f3c v\u00e0 t\u0103ng ch\u1ea5t l\u01b0\u1ee3ng s\u1ea3n ph\u1ea9m.<\/p>\n<h2 style=\"text-align: justify;\"><span style=\"color: #008000;\">4. \u1ee8ng d\u1ee5ng c\u1ee7a s\u1ea3n ph\u1ea9m trong c\u00f4ng nghi\u1ec7p<\/span><\/h2>\n<p style=\"text-align: justify;\">S\u1ea3n ph\u1ea9m n\u00e0y c\u00f3 \u1ee9ng d\u1ee5ng \u0111a d\u1ea1ng trong nhi\u1ec1u l\u0129nh v\u1ef1c c\u00f4ng nghi\u1ec7p. \u0110\u1eb7c bi\u1ec7t, n\u00f3 th\u01b0\u1eddng \u0111\u01b0\u1ee3c s\u1eed d\u1ee5ng trong ng\u00e0nh xu\u1ea5t kh\u1ea9u d\u0103m g\u1ed7. Khung nam ch\u00e2m l\u01b0\u1edbi l\u1ecdc s\u1ea1ch t\u1ea1p ch\u1ea5t s\u1eaft \u0111\u01b0\u1ee3c l\u1eafp \u0111\u1eb7t tr\u00ean b\u0103ng t\u1ea3i v\u1eadn chuy\u1ec3n g\u1ed7 l\u00ean t\u00e0u \u0111\u1ec3 xu\u1ea5t kh\u1ea9u sang n\u01b0\u1edbc ngo\u00e0i.<\/p>\n<div id=\"attachment_7396\" style=\"width: 880px\" class=\"wp-caption aligncenter\"><img loading=\"lazy\" decoding=\"async\" aria-describedby=\"caption-attachment-7396\" class=\"wp-image-7396 size-full\" src=\"https:\/\/namchamvn.com.vn\/wp-content\/uploads\/2016\/11\/khung-nam-cham-luoi-loc-sat-trong-nganh-dam-go.jpg\" alt=\"khung nam ch\u00e2m l\u01b0\u1edbi l\u1ecdc s\u1eaft trong ng\u00e0nh d\u0103m g\u1ed7\" width=\"870\" height=\"580\" srcset=\"https:\/\/namchamvn.com.vn\/wp-content\/uploads\/2016\/11\/khung-nam-cham-luoi-loc-sat-trong-nganh-dam-go.jpg 870w, https:\/\/namchamvn.com.vn\/wp-content\/uploads\/2016\/11\/khung-nam-cham-luoi-loc-sat-trong-nganh-dam-go-300x200.jpg 300w, https:\/\/namchamvn.com.vn\/wp-content\/uploads\/2016\/11\/khung-nam-cham-luoi-loc-sat-trong-nganh-dam-go-768x512.jpg 768w, https:\/\/namchamvn.com.vn\/wp-content\/uploads\/2016\/11\/khung-nam-cham-luoi-loc-sat-trong-nganh-dam-go-600x400.jpg 600w\" sizes=\"(max-width: 870px) 100vw, 870px\" \/><p id=\"caption-attachment-7396\" class=\"wp-caption-text\"><em>S\u1ea3n ph\u1ea9m l\u1ecdc s\u1eaft trong ng\u00e0nh d\u0103m g\u1ed7 xu\u1ea5t kh\u1ea9u<\/em><\/p><\/div>\n<p style=\"text-align: justify;\">B\u00ean c\u1ea1nh \u0111\u00f3, s\u1ea3n ph\u1ea9m c\u0169ng \u0111\u01b0\u1ee3c \u1ee9ng d\u1ee5ng nhi\u1ec1u trong c\u00e1c ng\u00e0nh ch\u1ebf bi\u1ebfn th\u1ee9c \u0103n ch\u0103n nu\u00f4i, ch\u1ebf bi\u1ebfn n\u00f4ng nghi\u1ec7p. V\u00e0 c\u00e1c ng\u00e0nh c\u00f4ng nghi\u1ec7p kh\u00e1c nh\u01b0 x\u1eed l\u00fd \u0111\u01b0\u1eddng, c\u00e0 ph\u00ea, tr\u00e0, ti\u00eau, ch\u00e8, vi\u00ean n\u00e9n, b\u1ed9t \u0111\u00e1 hay g\u1ea1ch men\u2026<\/p>\n<h2 style=\"text-align: justify;\"><span style=\"color: #008000;\">5. C\u00f4ng ty gia c\u00f4ng v\u00e0 cung c\u1ea5p nam ch\u00e2m l\u01b0\u1edbi h\u00e0ng \u0111\u1ea7u &#8211; T&amp;T<\/span><\/h2>\n<p style=\"text-align: justify;\">T&amp;T kh\u00f4ng ch\u1ec9 l\u00e0 m\u1ed9t \u0111\u01a1n v\u1ecb cung c\u1ea5p khung nam ch\u00e2m l\u01b0\u1edbi, m\u00e0 c\u00f2n l\u00e0 \u0111\u1ed1i t\u00e1c \u0111\u00e1ng tin c\u1eady trong l\u0129nh v\u1ef1c gia c\u00f4ng nam ch\u00e2m l\u1ecdc s\u1eaft. V\u1edbi h\u01a1n 14 n\u0103m kinh nghi\u1ec7m, ch\u00fang t\u00f4i t\u1ef1 tin mang \u0111\u1ebfn cho kh\u00e1ch h\u00e0ng nh\u1eefng s\u1ea3n ph\u1ea9m ch\u1ea5t l\u01b0\u1ee3ng nh\u1ea5t. \u0110\u1ea3m b\u1ea3o \u0111a d\u1ea1ng k\u00edch th\u01b0\u1edbc, l\u1ef1c t\u1eeb v\u00e0 c\u00e1c ch\u1ebf \u0111\u1ed9 h\u1ed7 tr\u1ee3 kh\u00e1ch h\u00e0ng.<\/p>\n<div id=\"attachment_7398\" style=\"width: 880px\" class=\"wp-caption aligncenter\"><img loading=\"lazy\" decoding=\"async\" aria-describedby=\"caption-attachment-7398\" class=\"size-full wp-image-7398\" src=\"https:\/\/namchamvn.com.vn\/wp-content\/uploads\/2016\/11\/cong-ty-cung-cap-khung-nam-cham-luoi.jpg\" alt=\"c\u00f4ng ty cung c\u1ea5p khung nam ch\u00e2m l\u01b0\u1edbi\" width=\"870\" height=\"580\" srcset=\"https:\/\/namchamvn.com.vn\/wp-content\/uploads\/2016\/11\/cong-ty-cung-cap-khung-nam-cham-luoi.jpg 870w, https:\/\/namchamvn.com.vn\/wp-content\/uploads\/2016\/11\/cong-ty-cung-cap-khung-nam-cham-luoi-300x200.jpg 300w, https:\/\/namchamvn.com.vn\/wp-content\/uploads\/2016\/11\/cong-ty-cung-cap-khung-nam-cham-luoi-768x512.jpg 768w, https:\/\/namchamvn.com.vn\/wp-content\/uploads\/2016\/11\/cong-ty-cung-cap-khung-nam-cham-luoi-600x400.jpg 600w\" sizes=\"(max-width: 870px) 100vw, 870px\" \/><p id=\"caption-attachment-7398\" class=\"wp-caption-text\"><em>T&amp;T l\u00e0 \u0111\u01a1n v\u1ecb chuy\u00ean gia c\u00f4ng, ch\u1ebf t\u1ea1o v\u00e0 cung c\u1ea5p khung nam ch\u00e2m l\u01b0\u1edbi c\u00e1c lo\u1ea1i<\/em><\/p><\/div>\n<p style=\"text-align: justify;\">Khung nam ch\u00e2m l\u01b0\u1edbi TTVM c\u1ee7a T&amp;T kh\u00f4ng ch\u1ec9 l\u00e0 m\u1ed9t s\u1ea3n ph\u1ea9m l\u1ecdc s\u1eaft m\u00e0 c\u00f2n l\u00e0 s\u1ef1 k\u1ebft h\u1ee3p ho\u00e0n h\u1ea3o gi\u1eefa c\u00f4ng ngh\u1ec7 v\u00e0 hi\u1ec7u su\u1ea5t. V\u1edbi nh\u1eefng \u0111\u1eb7c t\u00ednh v\u01b0\u1ee3t tr\u1ed9i n\u00e0y, s\u1ea3n ph\u1ea9m kh\u00f4ng ch\u1ec9 b\u1ea3o v\u1ec7 m\u00e1y m\u00f3c m\u00e0 c\u00f2n n\u00e2ng cao ch\u1ea5t l\u01b0\u1ee3ng nguy\u00ean v\u1eadt li\u1ec7u cu\u1ed1i c\u00f9ng.<\/p>\n<p style=\"text-align: justify;\">H\u00e3y li\u00ean h\u1ec7 v\u1edbi T&amp;T \u0111\u1ec3 tr\u1ea3i nghi\u1ec7m s\u1ee9c m\u1ea1nh c\u1ee7a khung nam ch\u00e2m l\u01b0\u1edbi TTVM v\u00e0 \u0111\u1ea3m b\u1ea3o qu\u00e1 tr\u00ecnh s\u1ea3n xu\u1ea5t an to\u00e0n v\u00e0 hi\u1ec7u qu\u1ea3!<\/p>\n<p style=\"text-align: justify;\"><span style=\"color: #008000;\"><strong>C\u00d4NG TY CP XNK V\u1eacT T\u01af M\u00c1Y M\u00d3C T&amp;T<\/strong><\/span><\/p>\n<p style=\"text-align: justify;\"><strong>Tr\u1ee5 s\u1edf ch\u00ednh:<\/strong> S\u1ed1 602, T\u00f2a nh\u00e0 CT1, Ph\u1ed1 \u0110\u1ed7 Nhu\u1eadn, Ph\u01b0\u1eddng Xu\u00e2n \u0110\u1ec9nh, Q. B\u1eafc T\u1eeb Li\u00eam, H\u00e0 N\u1ed9i<\/p>\n<p style=\"text-align: justify;\"><strong>VP HCM:<\/strong> 1073\/63B C\u00e1ch M\u1ea1ng Th\u00e1ng T\u00e1m, Ph\u01b0\u1eddng T\u00e2n S\u01a1n Nh\u1ea5t, HCM<\/p>\n<p style=\"text-align: justify;\"><strong>Kho:<\/strong> S\u1ed1 9 Th\u1ee5y Ph\u01b0\u01a1ng, P. \u0110\u00f4ng Ng\u1ea1c, Q. B\u1eafc T\u1eeb Li\u00eam, TP. H\u00e0 N\u1ed9i<\/p>\n<p style=\"text-align: justify;\"><strong>\u0110i\u1ec7n tho\u1ea1i:<\/strong> (+84) 47305 6699<\/p>\n<p style=\"text-align: justify;\"><strong>Hotline\/Zalo: <\/strong>0937.813.868 (24\/7)<\/p>\n<p style=\"text-align: center;\"><strong><span style=\"color: #008000;\"><em>Thi\u1ebft b\u1ecb t\u00e1ch s\u1eaft TTVM: L\u1ecdc S\u1eaft Hi\u1ec7u Qu\u1ea3 \u2013 T\u1eeb T\u00ednh B\u1ec1n L\u00e2u!\u00a0<\/em><\/span><\/strong><\/p>\n","protected":false},"excerpt":{"rendered":"<p>Nh\u1eafc \u0111\u1ebfn khung nam ch\u00e2m l\u01b0\u1edbi TTVM, ch\u00fang ta kh\u00f4ng th\u1ec3 kh\u00f4ng k\u1ec3 \u0111\u1ebfn nh\u00e0 cung c\u1ea5p T&amp;T. \u0110\u00e2y l\u00e0 m\u1ed9t trong nh\u1eefng gi\u1ea3i ph\u00e1p l\u1ecdc s\u1eaft m\u1ea1nh m\u1ebd v\u00e0 hi\u1ec7u qu\u1ea3, \u0111\u01b0\u1ee3c \u1ee9ng d\u1ee5ng r\u1ed9ng r\u00e3i trong ng\u00e0nh d\u0103m g\u1ed7 xu\u1ea5t kh\u1ea9u. H\u00e3y c\u00f9ng t\u00ecm hi\u1ec3u v\u1ec1 s\u1ea3n ph\u1ea9m n\u00e0y qua c\u00e1c kh\u00eda c\u1ea1nh [&hellip;]<\/p>\n","protected":false},"featured_media":7857,"comment_status":"open","ping_status":"closed","template":"","meta":{"rank_math_lock_modified_date":false},"product_cat":[39],"product_tag":[213,214,215,216],"class_list":{"0":"post-1673","1":"product","2":"type-product","3":"status-publish","4":"has-post-thumbnail","6":"product_cat-thiet-bi-loc-tach-sat","7":"product_tag-nam-cham-thanh-en","8":"product_tag-thanh-nam-cham-en","9":"product_tag-nam-cham-luc-tu-manh-en","10":"product_tag-nam-cham-vinh-cuu-en","12":"first","13":"instock","14":"shipping-taxable","15":"product-type-simple"},"_links":{"self":[{"href":"https:\/\/namchamvn.com.vn\/en\/wp-json\/wp\/v2\/product\/1673"}],"collection":[{"href":"https:\/\/namchamvn.com.vn\/en\/wp-json\/wp\/v2\/product"}],"about":[{"href":"https:\/\/namchamvn.com.vn\/en\/wp-json\/wp\/v2\/types\/product"}],"replies":[{"embeddable":true,"href":"https:\/\/namchamvn.com.vn\/en\/wp-json\/wp\/v2\/comments?post=1673"}],"wp:featuredmedia":[{"embeddable":true,"href":"https:\/\/namchamvn.com.vn\/en\/wp-json\/wp\/v2\/media\/7857"}],"wp:attachment":[{"href":"https:\/\/namchamvn.com.vn\/en\/wp-json\/wp\/v2\/media?parent=1673"}],"wp:term":[{"taxonomy":"product_cat","embeddable":true,"href":"https:\/\/namchamvn.com.vn\/en\/wp-json\/wp\/v2\/product_cat?post=1673"},{"taxonomy":"product_tag","embeddable":true,"href":"https:\/\/namchamvn.com.vn\/en\/wp-json\/wp\/v2\/product_tag?post=1673"}],"curies":[{"name":"wp","href":"https:\/\/api.w.org\/{rel}","templated":true}]}}