{"id":1679,"date":"2016-11-01T02:39:05","date_gmt":"2016-11-01T02:39:05","guid":{"rendered":"https:\/\/namchamvn.com.vn\/san-pham\/nam-cham-alnico\/?lang=en"},"modified":"2019-03-05T02:39:50","modified_gmt":"2019-03-05T02:39:50","slug":"nam-cham-alnico","status":"publish","type":"product","link":"https:\/\/namchamvn.com.vn\/en\/san-pham\/nam-cham-alnico","title":{"rendered":"Nam ch\u00e2m AlNiCo"},"content":{"rendered":"<p><strong>Nam ch\u00e2m AlNiCo nh\u00e3n hi\u1ec7u Lagos<\/strong><\/p>\n<p><img loading=\"lazy\" decoding=\"async\" class=\"aligncenter wp-image-962 size-full\" src=\"https:\/\/namchamvn.com.vn\/wp-content\/uploads\/2016\/11\/nam-ch\u00e2m-alnico.jpg\" alt=\"nam-cham-alnico\" width=\"357\" height=\"359\" srcset=\"https:\/\/namchamvn.com.vn\/wp-content\/uploads\/2016\/11\/nam-ch\u00e2m-alnico.jpg 357w, https:\/\/namchamvn.com.vn\/wp-content\/uploads\/2016\/11\/nam-ch\u00e2m-alnico-100x100.jpg 100w, https:\/\/namchamvn.com.vn\/wp-content\/uploads\/2016\/11\/nam-ch\u00e2m-alnico-150x150.jpg 150w, https:\/\/namchamvn.com.vn\/wp-content\/uploads\/2016\/11\/nam-ch\u00e2m-alnico-298x300.jpg 298w\" sizes=\"(max-width: 357px) 100vw, 357px\" \/><\/p>\n<p><strong>\u0110\u1eb7c \u0111i\u1ec3m v\u00e0 nh\u1eefng t\u00ednh n\u0103ng c\u01a1 b\u1ea3n :<\/strong><\/p>\n<p>Nam Ch\u00e2m AlNiCo\u00a0 nh\u00e3n hi\u1ec7u Lagos \u0111\u01b0\u1ee3c l\u00e0m t\u1eeb 3 h\u1ee3p kim\u00a0 Nh\u00f4m,Niken v\u00e0 Coban.<\/p>\n<p>Nam ch\u00e2m \u0111\u1ea5t hi\u1ebfm\u00a0AlNiCo \u0111\u01b0\u1ee3c ph\u00e1t tri\u1ec3n v\u00e0o \u0111\u1ea7u nh\u1eefng n\u0103m 1930. Trong Th\u1ebf chi\u1ebfn II n\u00f3 \u0111\u00e3 \u0111\u01b0\u1ee3c s\u1eed d\u1ee5ng trong c\u00e1c \u1ee9ng d\u1ee5ng \u0111i\u1ec7n t\u1eed qu\u00e2n s\u1ef1. Sau chi\u1ebfn tranh, n\u00f3 nhanh ch\u00f3ng lan sang c\u00e1c phi\u00ean b\u1ea3n d\u00e2n s\u1ef1 c\u1ee7a nh\u1eefng \u1ee9ng d\u1ee5ng v\u00e0 thay th\u1ebf th\u00e9p nam ch\u00e2m trong nhi\u1ec1u \u1ee9ng d\u1ee5ng. M\u1ee9c cao c\u1ea3m \u1ee9ng v\u1edbi kh\u00e1ng t\u1ed1t \u0111\u1ec3 kh\u1eed t\u1eeb v\u00e0 \u1ed5n \u0111\u1ecbnh, do h\u1ec7 s\u1ed1 nhi\u1ec7t \u0111\u1ed9 th\u1ea5p (0,02% \/ \u00b0 C), v\u1edbi chi ph\u00ed h\u1ee3p l\u00fd c\u1ee7a v\u1eadt li\u1ec7u nam ch\u00e2m \u0111\u1ea5t hi\u1ebfm AlNiCo c\u1ee7a s\u1ef1 l\u1ef1a ch\u1ecdn.<\/p>\n<p>M\u1ed9t gi\u1edbi h\u1ea1n nhi\u1ec7t \u0111\u1ed9 l\u00e0m vi\u1ec7c cao (550 \u00b0 C \/ 1020 \u00b0 F) l\u00e0m cho AlNiCo \u0111\u1eb7c bi\u1ec7t th\u00edch h\u1ee3p cho c\u00e1c \u1ee9ng d\u1ee5ng c\u1ea3m bi\u1ebfn \u00f4 t\u00f4 v\u00e0 m\u00e1y bay nh\u1ea1y c\u1ea3m. AlNico \u0111\u01b0\u1ee3c s\u1ea3n xu\u1ea5t \u1edf nhi\u1ec1u l\u1edbp \u0111\u1ec3 ph\u00f9 h\u1ee3p v\u1edbi c\u00e1c y\u00eau c\u1ea7u c\u1ee7a c\u00e1c \u1ee9ng d\u1ee5ng n\u00e0y, t\u1eeb AlNiCo 1 t\u1edbi 12 AlNiCo, nh\u01b0ng c\u00e1c l\u1edbp ph\u1ed5 bi\u1ebfn nh\u1ea5t l\u00e0 2, 5 v\u00e0 8. B\u1edfi so v\u1edbi c\u00e1c v\u1eadt li\u1ec7u m\u1edbi h\u01a1n, \u0111\u1ed9 kh\u00e1ng \u00a0t\u1eeb c\u1ee7a AlNiCo l\u00e0 th\u1ea5p.<\/p>\n<p>L\u00e0 lo\u1ea1i nam ch\u00e2m cho t\u1eeb d\u01b0 cao (t\u1edbi 1,2-1,5 T) nh\u01b0ng c\u00f3 l\u1ef1c kh\u00e1ng t\u1eeb ch\u1ec9 xung quanh 1 kOe, \u0111\u1ed3ng th\u1eddi gi\u00e1 th\u00e0nh c\u0169ng kh\u00e1 cao n\u00ean hi\u1ec7n nay t\u1ec9 l\u1ec7 s\u1eed d\u1ee5ng ng\u00e0y c\u00e0ng gi\u1ea3m d\u1ea7n (ch\u1ec9 c\u00f2n kh\u00f4ng \u0111\u1ea7y 10% th\u1ecb ph\u1ea7n s\u1eed d\u1ee5ng).<\/p>\n<p>\u01af\u0301ng du\u0323ng chu\u0309 y\u00ea\u0301u trong c\u00f4ng nghi\u00ea\u0323p ch\u00ea\u0301 ta\u0323o<\/p>\n<p>C\u00e1c\u00a0s\u1ea3n ph\u1ea9m\u00a0c\u00f4ng nghi\u1ec7p, thi\u1ebft b\u1ecb n\u00e2ng h\u1ea1 .<\/p>\n<p>Nam ch\u00e2m Alnico n\u00e0y \u0111\u01b0\u1ee3c d\u00f9ng trong tr\u01b0\u1eddng h\u1ee3p nam ch\u00e2m ch\u1ecbu nhi\u1ec7t \u1edf nhi\u1ec7t \u0111\u1ed9 trung b\u00ecnh (kho\u1ea3ng 180 \u0111\u1ed9 C).<\/p>\n<p>Th\u00f4ng s\u1ed1 c\u1ee7a lo\u1ea1i nam ch\u00e2m Alnico n\u00e0y c\u00f3 r\u1ea5t nhi\u1ec1u lo\u1ea1i cho kh\u00e1ch h\u00e0ng l\u1ef1a ch\u1ecdn.<\/p>\n<p><img loading=\"lazy\" decoding=\"async\" class=\"aligncenter wp-image-952\" src=\"https:\/\/namchamvn.com.vn\/wp-content\/uploads\/2016\/11\/thong-so-nam-cham-alnico-279x300.jpg\" alt=\"thong-so-nam-cham-alnico\" width=\"418\" height=\"450\" srcset=\"https:\/\/namchamvn.com.vn\/wp-content\/uploads\/2016\/11\/thong-so-nam-cham-alnico-279x300.jpg 279w, https:\/\/namchamvn.com.vn\/wp-content\/uploads\/2016\/11\/thong-so-nam-cham-alnico.jpg 539w\" sizes=\"(max-width: 418px) 100vw, 418px\" \/><\/p>\n<p>N\u1ebfu\u00a0Qu\u00fd kh\u00e1ch\u00a0c\u1ea7n t\u01b0 v\u1ea5n\u00a0<span lang=\"EN-US\">b\u00e1o gi\u00e1 : nam ch\u00e2m vi\u00ean, nam ch\u00e2m n\u00e2ng t\u1ef1 \u0111\u1ed9ng, nam ch\u00e2m \u0111i\u1ec7n, nam ch\u00e2m l\u1ecdc s\u1eaft tr\u00ean m\u1eb7t b\u0103ng t\u1ea3i,\u00a0 qu\u1ea3 l\u00f4 t\u1eeb, m\u00e1y s\u00e0ng rung, m\u00e1y tuy\u1ec3n t\u1eeb, b\u0103ng t\u1ea3i cao su<strong>\u00a0<\/strong><\/span><span lang=\"EN-US\">h\u00e3y li\u00ean h\u1ec7 ngay v\u1edbi ch\u00fang t\u00f4i, Hotline 24\/7:\u00a0<strong>0937.813.868\u00a0<\/strong>ho\u1eb7c g\u1ecdi\u00a0t\u1ed5ng \u0111\u00e0i mi\u1ec5n ph\u00ed\u00a0<strong>1800.6355\u00a0<\/strong>(Gi\u1edd HC)<strong>,<\/strong>\u00a0email:\u00a0<strong>info@ttvm.com.vn<\/strong>\u00a0.\u00a0<\/span><\/p>\n<p>TH\u00d4NG TIN CHI TI\u1ebeT:<\/p>\n<div><b>C\u00d4NG TY CP XNK V\u1eacT T\u01af M\u00c1Y M\u00d3C T&amp;T<\/b><\/div>\n<div><b>Add:\u00a0<\/b>S\u1ed1 404 , T\u00f2a nh\u00e0 CT1 , Ph\u1ed1 \u0110\u1ed7 Nhu\u1eadn, P. Xu\u00e2n \u0110\u1ec9nh, Q. B\u1eafc T\u1eeb Li\u00eam, TP. H\u00e0 N\u1ed9i<br \/>\n<b>Tel\u00a0 :\u00a0<\/b>(+84) 47305 6699<\/div>\n<div><strong>Kho:\u00a0<\/strong>Km s\u1ed1 3, QL 3, X\u00e3 V\u0129nh Ng\u1ecdc, Th\u1ecb tr\u1ea5n \u0110\u00f4ng Anh, H\u00e0 N\u1ed9i<br \/>\n<b>Hotline<\/b>\u00a0\/ Zalo:\u00a0<b>0937.813.868<\/b>\u00a0(24\/7)<\/div>\n<div><b>Hotline\u00a0KH d\u1ef1 \u00e1n: 0962.096.089<\/b><\/div>\n<div><b>T\u1ed5ng \u0111\u00e0i mi\u1ec5n ph\u00ed:<\/b>\u00a0<b>1800.6355\u00a0<\/b>(Gi\u1edd HC)<\/div>\n<p>&nbsp;<\/p>\n","protected":false},"excerpt":{"rendered":"<p>Nam ch\u00e2m AlNiCo nh\u00e3n hi\u1ec7u Lagos \u0110\u1eb7c \u0111i\u1ec3m v\u00e0 nh\u1eefng t\u00ednh n\u0103ng c\u01a1 b\u1ea3n : Nam Ch\u00e2m AlNiCo\u00a0 nh\u00e3n hi\u1ec7u Lagos \u0111\u01b0\u1ee3c l\u00e0m t\u1eeb 3 h\u1ee3p kim\u00a0 Nh\u00f4m,Niken v\u00e0 Coban. Nam ch\u00e2m \u0111\u1ea5t hi\u1ebfm\u00a0AlNiCo \u0111\u01b0\u1ee3c ph\u00e1t tri\u1ec3n v\u00e0o \u0111\u1ea7u nh\u1eefng n\u0103m 1930. Trong Th\u1ebf chi\u1ebfn II n\u00f3 \u0111\u00e3 \u0111\u01b0\u1ee3c s\u1eed d\u1ee5ng trong c\u00e1c \u1ee9ng d\u1ee5ng [&hellip;]<\/p>\n","protected":false},"featured_media":1494,"comment_status":"open","ping_status":"closed","template":"","meta":{"rank_math_lock_modified_date":false},"product_cat":[224],"product_tag":[226,227,219],"class_list":{"0":"post-1679","1":"product","2":"type-product","3":"status-publish","4":"has-post-thumbnail","6":"product_cat-alnico-magnet-smco","7":"product_tag-nam-cham-chiu-nhiet-en","8":"product_tag-nam-cham-alnico-en","9":"product_tag-nam-cham-dat-hiem-en","11":"first","12":"instock","13":"shipping-taxable","14":"product-type-simple"},"_links":{"self":[{"href":"https:\/\/namchamvn.com.vn\/en\/wp-json\/wp\/v2\/product\/1679"}],"collection":[{"href":"https:\/\/namchamvn.com.vn\/en\/wp-json\/wp\/v2\/product"}],"about":[{"href":"https:\/\/namchamvn.com.vn\/en\/wp-json\/wp\/v2\/types\/product"}],"replies":[{"embeddable":true,"href":"https:\/\/namchamvn.com.vn\/en\/wp-json\/wp\/v2\/comments?post=1679"}],"wp:featuredmedia":[{"embeddable":true,"href":"https:\/\/namchamvn.com.vn\/en\/wp-json\/wp\/v2\/media\/1494"}],"wp:attachment":[{"href":"https:\/\/namchamvn.com.vn\/en\/wp-json\/wp\/v2\/media?parent=1679"}],"wp:term":[{"taxonomy":"product_cat","embeddable":true,"href":"https:\/\/namchamvn.com.vn\/en\/wp-json\/wp\/v2\/product_cat?post=1679"},{"taxonomy":"product_tag","embeddable":true,"href":"https:\/\/namchamvn.com.vn\/en\/wp-json\/wp\/v2\/product_tag?post=1679"}],"curies":[{"name":"wp","href":"https:\/\/api.w.org\/{rel}","templated":true}]}}