{"id":1680,"date":"2016-10-29T02:54:07","date_gmt":"2016-10-29T02:54:07","guid":{"rendered":"https:\/\/namchamvn.com.vn\/san-pham\/may-sang-hinh-chu-nhat\/?lang=en"},"modified":"2020-05-27T04:13:11","modified_gmt":"2020-05-27T04:13:11","slug":"may-sang-hinh-chu-nhat","status":"publish","type":"product","link":"https:\/\/namchamvn.com.vn\/en\/san-pham\/may-sang-hinh-chu-nhat","title":{"rendered":"M\u00e1y s\u00e0ng h\u00ecnh ch\u1eef nh\u1eadt"},"content":{"rendered":"<p><strong><a href=\"http:\/\/maysangrung.com\/\" target=\"_blank\" rel=\"noopener\">C\u1ea4U T\u1ea0O M\u00c1Y S\u00c0NG H\u00ccNH CH\u1eee NH\u1eacT<\/a> :<\/strong><\/p>\n<div id=\"attachment_4269\" style=\"width: 706px\" class=\"wp-caption alignnone\"><img loading=\"lazy\" decoding=\"async\" aria-describedby=\"caption-attachment-4269\" class=\"size-full wp-image-4269\" src=\"https:\/\/namchamvn.com.vn\/wp-content\/uploads\/2016\/10\/may-rung-hinh-chu-nh\u1ea1t.png\" alt=\"C\u1ea5u t\u1ea1o m\u00e1y s\u00e0ng rung h\u00ecnh ch\u1eef nh\u1eadt\" width=\"696\" height=\"491\" srcset=\"https:\/\/namchamvn.com.vn\/wp-content\/uploads\/2016\/10\/may-rung-hinh-chu-nh\u1ea1t.png 696w, https:\/\/namchamvn.com.vn\/wp-content\/uploads\/2016\/10\/may-rung-hinh-chu-nh\u1ea1t-600x423.png 600w, https:\/\/namchamvn.com.vn\/wp-content\/uploads\/2016\/10\/may-rung-hinh-chu-nh\u1ea1t-300x212.png 300w\" sizes=\"(max-width: 696px) 100vw, 696px\" \/><p id=\"caption-attachment-4269\" class=\"wp-caption-text\">C\u1ea5u t\u1ea1o m\u00e1y s\u00e0ng rung h\u00ecnh ch\u1eef nh\u1eadt<\/p><\/div>\n<p><strong>NGUY\u00caN L\u00dd V\u00c0 HO\u1ea0T \u0110\u1ed8NG<\/strong><\/p>\n<p>Nguy\u00ean t\u1eafc l\u00e0m vi\u1ec7c c\u1ee7a s\u00e0ng ph\u00e2n lo\u1ea1i l\u00e0 ph\u00e2n chia kh\u1ed1i v\u1eadt li\u1ec7u theo k\u00edch th\u01b0\u1edbc nh\u1edd m\u1ed9t b\u1ec1 m\u1eb7t kim lo\u1ea1i c\u00f3 \u0111\u1ee5c l\u1ed7 ho\u1eb7c l\u01b0\u1edbi. V\u1eadt li\u1ec7u chuy\u1ec3n \u0111\u1ed9ng tr\u00ean m\u1eb7t s\u00e0ng v\u00e0 \u0111\u01b0\u1ee3c ph\u00e2n chia th\u00e0nh hai lo\u1ea1i:<\/p>\n<ul>\n<li>\u00a0 Ph\u1ea7n l\u1ecdt qua s\u00e0ng l\u00e0 nh\u1eefng h\u1ea1t c\u00f3 k\u00edch th\u01b0\u1edbc nh\u1ecf h\u01a1n k\u00edch th\u01b0\u1edbc l\u1ed7 s\u00e0ng.<\/li>\n<li>\u00a0 Ph\u1ea7n kh\u00f4ng qua s\u00e0ng c\u00f3 c\u1ee1 l\u1edbn h\u01a1n k\u00edch th\u01b0\u1edbc l\u1ed7 s\u00e0ng,<\/li>\n<\/ul>\n<p>Qu\u00e1 tr\u00ecnh l\u00e0m vi\u1ec7c c\u1ee7a s\u00e0ng \u0111\u01b0\u1ee3c th\u1ef1c hi\u1ec7n nh\u1edd c\u00f3 chuy\u1ec3n \u0111\u1ed9ng t\u01b0\u01a1ng \u0111\u1ed1i c\u1ee7a h\u1ea1t tr\u00ean s\u00e0ng. C\u00f9ng trong kho\u1ea3ng th\u1eddi gian ph\u00e2n ly qu\u00e3ng \u0111\u01b0\u1eddng chuy\u1ec3n \u0111\u1ed9ng t\u01b0\u01a1ng \u0111\u1ed1i c\u00e0ng l\u1edbn th\u00ec x\u00e1c su\u1ea5t ph\u00e2n ly qua l\u1ed7 s\u00e0ng c\u00e0ng cao.<\/p>\n<p><img loading=\"lazy\" decoding=\"async\" class=\"aligncenter wp-image-929\" src=\"https:\/\/namchamvn.com.vn\/wp-content\/uploads\/2016\/10\/sangchunhat-300x191.jpg\" alt=\"sangchunhat\" width=\"706\" height=\"450\" srcset=\"https:\/\/namchamvn.com.vn\/wp-content\/uploads\/2016\/10\/sangchunhat-300x191.jpg 300w, https:\/\/namchamvn.com.vn\/wp-content\/uploads\/2016\/10\/sangchunhat-600x383.jpg 600w, https:\/\/namchamvn.com.vn\/wp-content\/uploads\/2016\/10\/sangchunhat-768x490.jpg 768w, https:\/\/namchamvn.com.vn\/wp-content\/uploads\/2016\/10\/sangchunhat.jpg 996w\" sizes=\"(max-width: 706px) 100vw, 706px\" \/><\/p>\n<h2><a href=\"http:\/\/maysangrung.com\/hinh-chu-nhat\/\" target=\"_blank\" rel=\"noopener\"><strong>B\u1ea2NG TH\u00d4NG S\u1ed0 M\u00c1Y S\u00c0NG H\u00ccNH CH\u1eee NH\u1eacT<\/strong><\/a><\/h2>\n<div style=\"width: 823px\" class=\"wp-caption alignnone\"><img loading=\"lazy\" decoding=\"async\" src=\"http:\/\/maysangrung.com\/wp-content\/uploads\/2017\/05\/th%C3%B4ng-s%E1%BB%91-k%E1%BB%B9-thu%E1%BA%ADt-m%C3%A1y-s%C3%A0ng-rung-h%C3%ACnh-ch%E1%BB%AF-nh%E1%BA%ADt-TTVM.jpg\" alt=\"B\u1ea3ng th\u00f4ng s\u1ed1 k\u1ef9 thu\u1eadt m\u00e1y s\u00e0ng rung h\u00ecnh ch\u1eef nh\u1eadt TTVM\" width=\"813\" height=\"1300\" \/><p class=\"wp-caption-text\">B\u1ea3ng th\u00f4ng s\u1ed1 k\u1ef9 thu\u1eadt m\u00e1y s\u00e0ng rung h\u00ecnh ch\u1eef nh\u1eadt TTVM<\/p><\/div>\n<p><strong>\u1ee8NG D\u1ee4NG M\u00c1Y S\u00c0NG H\u00ccNH CH\u1eee NH\u1eacT<\/strong><\/p>\n<p><strong>\u1ee8ng d\u1ee5ng s\u00e0ng kh\u00f4<\/strong><\/p>\n<ul>\n<li>S\u00e0ng tinh \u2013 h\u1ea1t k\u00edch th\u01b0\u1edbc nh\u1ecf<\/li>\n<li>S\u00e0ng th\u00f4 \u2013 v\u01b0\u1ee3t ti\u00eau chu\u1ea9n k\u00edch th\u01b0\u1edbc nh\u1ecf<\/li>\n<li>Ph\u00e2n lo\u1ea1i h\u1ea1t th\u00e0nh 2 -3<\/li>\n<li>\u00a0-4 hay nhi\u1ec1u k\u00edch c\u1ee1<\/li>\n<\/ul>\n<p><strong>\u1ee8ng d\u1ee5ng c\u00e1c ng\u00e0nh<\/strong>: Th\u1ef1c ph\u1ea9m, h\u00f3a ch\u1ea5t v\u00e0 s\u1ea3n ph\u1ea9m h\u00f3a d\u1ea7u, Th\u1ee9c \u0103n ch\u0103n nu\u00f4i, Ng\u0169 c\u1ed1c, Kho\u00e1ng s\u1ea3n v\u00e0 kim lo\u1ea1i, B\u1ed9t gi\u1ea5y v\u00e0 s\u1ea3n ph\u1ea9m t\u1eeb g\u1ed7, D\u01b0\u1ee3c ph\u1ea9m, Ph\u00e2n b\u00f3n, \u2026..<\/p>\n<p>Ngo\u00e0i m\u00e1y s\u00e0ng rung s\u1eed d\u1ee5ng \u0111\u1ed9ng c\u01a1 th\u00f4ng th\u01b0\u1eddng th\u00ec T&amp;T c\u00f2n cung c\u1ea5p\u00a0<strong>m\u00e1y s\u00e0ng rung s\u1eed d\u1ee5ng \u0111\u1ed9ng c\u01a1 ch\u1ed1ng ch\u00e1y n\u1ed5.\u00a0<\/strong>\u0110\u1ed9ng c\u01a1 ph\u00f2ng ch\u1ed1ng ch\u00e1y n\u1ed5 c\u1ee7a\u00a0<strong>M\u00e1y s\u00e0ng rung TTVM<\/strong>\u00a0\u0111\u01b0\u1ee3c thi\u1ebft k\u1ebf v\u00e0 s\u1ea3n xu\u1ea5t theo nh\u1eefng ti\u00eau chu\u1ea9n k\u1ef9 thu\u1eadt cao, m\u00e1y ho\u1ea1t \u0111\u1ed9ng m\u00e1t v\u00e0 \u00eam, tu\u1ed5i th\u1ecd cao, \u0111\u1eb7c bi\u1ec7t d\u1ec5 d\u00e0ng b\u1ea3o tr\u00ec v\u1eadn h\u00e0nh c\u0169ng nh\u01b0 l\u1eafp \u0111\u1eb7t. \u0110\u1ed9ng c\u01a1 ph\u00f2ng n\u1ed5 \u0111\u01b0\u1ee3c \u1ee9ng d\u1ee5ng nhi\u1ec1u trong nhi\u1ec1u l\u0129nh v\u1ef1c kh\u00e1c nhau, hi\u1ec7u n\u0103ng cao.<\/p>\n<div id=\"attachment_599\" style=\"width: 1010px\" class=\"wp-caption alignnone\"><img loading=\"lazy\" decoding=\"async\" aria-describedby=\"caption-attachment-599\" class=\"size-full wp-image-599\" src=\"http:\/\/maysangrung.com\/wp-content\/uploads\/2017\/05\/170516ca0d67f739ae76.jpg\" alt=\"H\u00ecnh \u1ea3nh \u0111\u1ed9ng c\u01a1 ch\u1ed1ng ch\u00e1y n\u1ed5 c\u1ee7a m\u00e1y s\u00e0ng rung TTVM\" width=\"1000\" height=\"753\" \/><p id=\"caption-attachment-599\" class=\"wp-caption-text\">H\u00ecnh \u1ea3nh \u0111\u1ed9ng c\u01a1 ch\u1ed1ng ch\u00e1y n\u1ed5 c\u1ee7a m\u00e1y s\u00e0ng rung TTVM<\/p><\/div>\n<p>B\u1ea3n v\u1ebd m\u00e1y s\u00e0ng ch\u1eef nh\u1eadt r\u1ed9ng 1500 x d\u00e0i 3500 x 3 t\u1ea7ng s\u00e0ng TTVM 1535-3<img loading=\"lazy\" decoding=\"async\" class=\"alignnone size-full wp-image-4407\" src=\"https:\/\/namchamvn.com.vn\/wp-content\/uploads\/2016\/10\/b\u1ea3n-v\u1ebd-m\u00e1y-s\u00e0ng.png\" alt=\"\" width=\"1008\" height=\"479\" srcset=\"https:\/\/namchamvn.com.vn\/wp-content\/uploads\/2016\/10\/b\u1ea3n-v\u1ebd-m\u00e1y-s\u00e0ng.png 1008w, https:\/\/namchamvn.com.vn\/wp-content\/uploads\/2016\/10\/b\u1ea3n-v\u1ebd-m\u00e1y-s\u00e0ng-600x285.png 600w, https:\/\/namchamvn.com.vn\/wp-content\/uploads\/2016\/10\/b\u1ea3n-v\u1ebd-m\u00e1y-s\u00e0ng-300x143.png 300w, https:\/\/namchamvn.com.vn\/wp-content\/uploads\/2016\/10\/b\u1ea3n-v\u1ebd-m\u00e1y-s\u00e0ng-768x365.png 768w\" sizes=\"(max-width: 1008px) 100vw, 1008px\" \/><\/p>\n<p>&nbsp;<\/p>\n<p><iframe loading=\"lazy\" title=\"M\u00e1y s\u00e0ng rung  - M\u00e1y S\u00e0ng Ph\u00e2n Chia C\u00e1c Lo\u1ea1i H\u1ea1t -C\u00e1c m\u00e1y s\u00e0ng ph\u1ed5 bi\u1ebfn hi\u1ec7n nay\" width=\"500\" height=\"281\" src=\"https:\/\/www.youtube.com\/embed\/RFx_Vq18kMA?feature=oembed\" frameborder=\"0\" allow=\"accelerometer; autoplay; clipboard-write; encrypted-media; gyroscope; picture-in-picture; web-share\" referrerpolicy=\"strict-origin-when-cross-origin\" allowfullscreen><\/iframe><\/p>\n<p>N\u1ebfu\u00a0Qu\u00fd kh\u00e1ch\u00a0c\u1ea7n t\u01b0 v\u1ea5n,\u00a0<span lang=\"EN-US\">b\u00e1o gi\u00e1 b\u0103ng t\u1ea3i cao su hay nam ch\u00e2m l\u1ecdc s\u1eaft<strong>\u00a0<\/strong><\/span><span lang=\"EN-US\">h\u00e3y li\u00ean h\u1ec7 ngay v\u1edbi ch\u00fang t\u00f4i, Hotline 24\/7:\u00a0<strong>0937.813.868\u00a0<\/strong>ho\u1eb7c g\u1ecdi\u00a0t\u1ed5ng \u0111\u00e0i mi\u1ec5n ph\u00ed\u00a0<strong>1800.6355\u00a0<\/strong>(Gi\u1edd HC)<strong>,<\/strong>\u00a0email:\u00a0<strong>info@ttvm.com.vn<\/strong>\u00a0.\u00a0<\/span><\/p>\n<p>TH\u00d4NG TIN CHI TI\u1ebeT:<\/p>\n<div><b>C\u00d4NG TY CP XNK V\u1eacT T\u01af M\u00c1Y M\u00d3C T&amp;T<\/b><\/div>\n<div><b>Add:\u00a0<\/b>S\u1ed1 404 , T\u00f2a nh\u00e0 CT1 , Ph\u1ed1 \u0110\u1ed7 Nhu\u1eadn, P. Xu\u00e2n \u0110\u1ec9nh, Q. B\u1eafc T\u1eeb Li\u00eam, TP. H\u00e0 N\u1ed9i<br \/>\n<b>Tel\u00a0 :\u00a0<\/b>(+84) 47305 6699<\/div>\n<div><strong>Kho:\u00a0<\/strong>Km s\u1ed1 3, QL 3, X\u00e3 V\u0129nh Ng\u1ecdc, Th\u1ecb tr\u1ea5n \u0110\u00f4ng Anh, H\u00e0 N\u1ed9i<br \/>\n<b>Hotline<\/b>\u00a0\/ Zalo:\u00a0<b>0937.813.868<\/b>\u00a0(24\/7)<\/div>\n<div><b>Hotline\u00a0KH d\u1ef1 \u00e1n: 0962.096.089<\/b><\/div>\n<div><b>T\u1ed5ng \u0111\u00e0i mi\u1ec5n ph\u00ed:<\/b>\u00a0<b>1800.6355\u00a0<\/b>(Gi\u1edd HC)<\/div>\n<blockquote class=\"wp-embedded-content\" data-secret=\"NKADrIiRPP\"><p><a href=\"https:\/\/namchamvn.com.vn\/san-pham\/may-sang-rung-tron\">M\u00e1y s\u00e0ng rung tr\u00f2n<\/a><\/p><\/blockquote>\n<p><iframe loading=\"lazy\" class=\"wp-embedded-content\" sandbox=\"allow-scripts\" security=\"restricted\" style=\"position: absolute; visibility: hidden;\" title=\"&#8220;M\u00e1y s\u00e0ng rung tr\u00f2n&#8221; &#8212; Nam ch\u00e2m l\u1ecdc s\u1eaft TTVM | Cung c\u1ea5p gi\u1ea3i ph\u00e1p l\u1ecdc t\u00e1ch s\u1eaft trong c\u00f4ng nghi\u1ec7p\" src=\"https:\/\/namchamvn.com.vn\/san-pham\/may-sang-rung-tron\/embed#?secret=9teUq8YUxW#?secret=NKADrIiRPP\" data-secret=\"NKADrIiRPP\" width=\"500\" height=\"282\" frameborder=\"0\" marginwidth=\"0\" marginheight=\"0\" scrolling=\"no\"><\/iframe><\/p>\n<p>&nbsp;<\/p>\n","protected":false},"excerpt":{"rendered":"<p>C\u1ea4U T\u1ea0O M\u00c1Y S\u00c0NG H\u00ccNH CH\u1eee NH\u1eacT : NGUY\u00caN L\u00dd V\u00c0 HO\u1ea0T \u0110\u1ed8NG Nguy\u00ean t\u1eafc l\u00e0m vi\u1ec7c c\u1ee7a s\u00e0ng ph\u00e2n lo\u1ea1i l\u00e0 ph\u00e2n chia kh\u1ed1i v\u1eadt li\u1ec7u theo k\u00edch th\u01b0\u1edbc nh\u1edd m\u1ed9t b\u1ec1 m\u1eb7t kim lo\u1ea1i c\u00f3 \u0111\u1ee5c l\u1ed7 ho\u1eb7c l\u01b0\u1edbi. V\u1eadt li\u1ec7u chuy\u1ec3n \u0111\u1ed9ng tr\u00ean m\u1eb7t s\u00e0ng v\u00e0 \u0111\u01b0\u1ee3c ph\u00e2n chia th\u00e0nh hai lo\u1ea1i: [&hellip;]<\/p>\n","protected":false},"featured_media":1558,"comment_status":"open","ping_status":"closed","template":"","meta":{"rank_math_lock_modified_date":false},"product_cat":[228],"product_tag":[229,230,210,211],"class_list":{"0":"post-1680","1":"product","2":"type-product","3":"status-publish","4":"has-post-thumbnail","6":"product_cat-rectangular-sieve","7":"product_tag-may-sang-tuyen-tinh-en","8":"product_tag-may-sang-hinh-chu-nhat-en","9":"product_tag-may-sang-rung-en","10":"product_tag-may-sang-en","12":"first","13":"instock","14":"shipping-taxable","15":"product-type-simple"},"_links":{"self":[{"href":"https:\/\/namchamvn.com.vn\/en\/wp-json\/wp\/v2\/product\/1680"}],"collection":[{"href":"https:\/\/namchamvn.com.vn\/en\/wp-json\/wp\/v2\/product"}],"about":[{"href":"https:\/\/namchamvn.com.vn\/en\/wp-json\/wp\/v2\/types\/product"}],"replies":[{"embeddable":true,"href":"https:\/\/namchamvn.com.vn\/en\/wp-json\/wp\/v2\/comments?post=1680"}],"wp:featuredmedia":[{"embeddable":true,"href":"https:\/\/namchamvn.com.vn\/en\/wp-json\/wp\/v2\/media\/1558"}],"wp:attachment":[{"href":"https:\/\/namchamvn.com.vn\/en\/wp-json\/wp\/v2\/media?parent=1680"}],"wp:term":[{"taxonomy":"product_cat","embeddable":true,"href":"https:\/\/namchamvn.com.vn\/en\/wp-json\/wp\/v2\/product_cat?post=1680"},{"taxonomy":"product_tag","embeddable":true,"href":"https:\/\/namchamvn.com.vn\/en\/wp-json\/wp\/v2\/product_tag?post=1680"}],"curies":[{"name":"wp","href":"https:\/\/api.w.org\/{rel}","templated":true}]}}