{"id":1686,"date":"2016-10-28T09:36:45","date_gmt":"2016-10-28T09:36:45","guid":{"rendered":"https:\/\/namchamvn.com.vn\/san-pham\/nam-cham-sat-hach-lai-xe\/?lang=en"},"modified":"2019-03-05T02:41:11","modified_gmt":"2019-03-05T02:41:11","slug":"nam-cham-sat-hach-lai-xe","status":"publish","type":"product","link":"https:\/\/namchamvn.com.vn\/en\/san-pham\/nam-cham-sat-hach-lai-xe","title":{"rendered":"Nam ch\u00e2m s\u00e1t h\u1ea1ch l\u00e1i xe"},"content":{"rendered":"<p>Cty T&amp;T chuy\u00ean cung c\u1ea5p <strong>nam ch\u00e2m<\/strong> Lagos d\u00f9ng trong s\u00e1t h\u1ea1ch l\u00e1i xe. Ch\u00fang t\u00f4i t\u1ef1 h\u00e0o l\u00e0 \u0111\u01a1n v\u1ecb cung c\u1ea5p 90% s\u1ed1 l\u01b0\u1ee3ng nam ch\u00e2m l\u00e0m c\u00e1c s\u00e2n t\u1eadp l\u00e1i xe t\u1ea1i Mi\u1ec1n B\u1eafc v\u00e0 Mi\u1ec1n Trung, v\u00e0 20% s\u1ed1 l\u01b0\u1ee3ng nam ch\u00e2m l\u00e0m s\u00e2n t\u1eadp l\u00e1i \u1edf khu v\u1ef1c Mi\u1ec1n Nam. <strong>Nam ch\u00e2m s\u00e1t h\u1ea1ch l\u00e1i xe <\/strong>\u00a0c\u1ee7a ch\u00fang t\u00f4i v\u01b0\u1ee3t qua c\u00e1c cu\u1ed9c ki\u1ec3m tra g\u1eaft gao v\u1ec1 ch\u1ea5t l\u01b0\u1ee3ng, m\u1eabu m\u00e3, l\u1ef1c t\u1eeb, \u0111\u00e1p \u1ee9ng \u0111\u01b0\u1ee3c cao nh\u1ea5t nh\u1eefng y\u00eau c\u1ea7u k\u1ef9 thu\u1eadt c\u1ee7a c\u00f4ng ty \u0111\u1ed1i t\u00e1c. N\u00ean qu\u00fd kh\u00e1ch ho\u00e0n to\u00e0n y\u00ean t\u00e2m khi l\u1ef1a ch\u1ecdn v\u00e0 s\u1eed d\u1ee5ng s\u1ea3n ph\u1ea9m c\u1ee7a ch\u00fang t\u00f4i.<\/p>\n<p>K\u00edch th\u01b0\u1edbc nam ch\u00e2m d\u00f9ng trong s\u00e1t h\u1ea1ch: 150 x 30 x 25 mm<\/p>\n<p><img loading=\"lazy\" decoding=\"async\" class=\"alignnone size-full wp-image-4298\" src=\"https:\/\/namchamvn.com.vn\/wp-content\/uploads\/2016\/10\/t\u1ea3i-xu\u1ed1ng.jpg\" alt=\"\" width=\"232\" height=\"217\" \/><\/p>\n<p>N\u1ebfu\u00a0Qu\u00fd kh\u00e1ch\u00a0c\u1ea7n t\u01b0 v\u1ea5n\u00a0<span lang=\"EN-US\">b\u00e1o gi\u00e1 : nam ch\u00e2m vi\u00ean, nam ch\u00e2m n\u00e2ng t\u1ef1 \u0111\u1ed9ng, nam ch\u00e2m \u0111i\u1ec7n, nam ch\u00e2m l\u1ecdc s\u1eaft tr\u00ean m\u1eb7t b\u0103ng t\u1ea3i,\u00a0 qu\u1ea3 l\u00f4 t\u1eeb, m\u00e1y s\u00e0ng rung, m\u00e1y tuy\u1ec3n t\u1eeb, b\u0103ng t\u1ea3i cao su<strong>\u00a0<\/strong><\/span><span lang=\"EN-US\">h\u00e3y li\u00ean h\u1ec7 ngay v\u1edbi ch\u00fang t\u00f4i, Hotline 24\/7:\u00a0<strong>0937.813.868\u00a0<\/strong>ho\u1eb7c g\u1ecdi\u00a0t\u1ed5ng \u0111\u00e0i mi\u1ec5n ph\u00ed\u00a0<strong>1800.6355\u00a0<\/strong>(Gi\u1edd HC)<strong>,<\/strong>\u00a0email:\u00a0<strong>info@ttvm.com.vn<\/strong>\u00a0.\u00a0<\/span><\/p>\n<p>TH\u00d4NG TIN CHI TI\u1ebeT:<\/p>\n<div><b>C\u00d4NG TY CP XNK V\u1eacT T\u01af M\u00c1Y M\u00d3C T&amp;T<\/b><\/div>\n<div><b>Add:\u00a0<\/b>S\u1ed1 404 , T\u00f2a nh\u00e0 CT1 , Ph\u1ed1 \u0110\u1ed7 Nhu\u1eadn, P. Xu\u00e2n \u0110\u1ec9nh, Q. B\u1eafc T\u1eeb Li\u00eam, TP. H\u00e0 N\u1ed9i<br \/>\n<b>Tel\u00a0 :\u00a0<\/b>(+84) 47305 6699<\/div>\n<div><strong>Kho:\u00a0<\/strong>Km s\u1ed1 3, QL 3, X\u00e3 V\u0129nh Ng\u1ecdc, Th\u1ecb tr\u1ea5n \u0110\u00f4ng Anh, H\u00e0 N\u1ed9i<br \/>\n<b>Hotline<\/b>\u00a0\/ Zalo:\u00a0<b>0937.813.868<\/b>\u00a0(24\/7)<\/div>\n<div><b>Hotline\u00a0KH d\u1ef1 \u00e1n: 0962.096.089<\/b><\/div>\n<div><b>T\u1ed5ng \u0111\u00e0i mi\u1ec5n ph\u00ed:<\/b>\u00a0<b>1800.6355\u00a0<\/b>(Gi\u1edd HC)<\/div>\n","protected":false},"excerpt":{"rendered":"<p>Cty T&amp;T chuy\u00ean cung c\u1ea5p nam ch\u00e2m Lagos d\u00f9ng trong s\u00e1t h\u1ea1ch l\u00e1i xe. Ch\u00fang t\u00f4i t\u1ef1 h\u00e0o l\u00e0 \u0111\u01a1n v\u1ecb cung c\u1ea5p 90% s\u1ed1 l\u01b0\u1ee3ng nam ch\u00e2m l\u00e0m c\u00e1c s\u00e2n t\u1eadp l\u00e1i xe t\u1ea1i Mi\u1ec1n B\u1eafc v\u00e0 Mi\u1ec1n Trung, v\u00e0 20% s\u1ed1 l\u01b0\u1ee3ng nam ch\u00e2m l\u00e0m s\u00e2n t\u1eadp l\u00e1i \u1edf khu v\u1ef1c Mi\u1ec1n Nam. [&hellip;]<\/p>\n","protected":false},"featured_media":4299,"comment_status":"open","ping_status":"closed","template":"","meta":{"rank_math_lock_modified_date":false},"product_cat":[245],"product_tag":[246,247,248,249],"class_list":{"0":"post-1686","1":"product","2":"type-product","3":"status-publish","4":"has-post-thumbnail","6":"product_cat-male-acupuncture-driving-nodes","7":"product_tag-nam-cham-sat-hach-lai-xe-en","8":"product_tag-nam-cham-ferritte-en","9":"product_tag-nam-cham-den-en","10":"product_tag-nam-cham-en","12":"first","13":"instock","14":"shipping-taxable","15":"product-type-simple"},"_links":{"self":[{"href":"https:\/\/namchamvn.com.vn\/en\/wp-json\/wp\/v2\/product\/1686"}],"collection":[{"href":"https:\/\/namchamvn.com.vn\/en\/wp-json\/wp\/v2\/product"}],"about":[{"href":"https:\/\/namchamvn.com.vn\/en\/wp-json\/wp\/v2\/types\/product"}],"replies":[{"embeddable":true,"href":"https:\/\/namchamvn.com.vn\/en\/wp-json\/wp\/v2\/comments?post=1686"}],"wp:featuredmedia":[{"embeddable":true,"href":"https:\/\/namchamvn.com.vn\/en\/wp-json\/wp\/v2\/media\/4299"}],"wp:attachment":[{"href":"https:\/\/namchamvn.com.vn\/en\/wp-json\/wp\/v2\/media?parent=1686"}],"wp:term":[{"taxonomy":"product_cat","embeddable":true,"href":"https:\/\/namchamvn.com.vn\/en\/wp-json\/wp\/v2\/product_cat?post=1686"},{"taxonomy":"product_tag","embeddable":true,"href":"https:\/\/namchamvn.com.vn\/en\/wp-json\/wp\/v2\/product_tag?post=1686"}],"curies":[{"name":"wp","href":"https:\/\/api.w.org\/{rel}","templated":true}]}}