{"id":1688,"date":"2016-10-28T09:21:48","date_gmt":"2016-10-28T09:21:48","guid":{"rendered":"https:\/\/namchamvn.com.vn\/san-pham\/nam-cham-trong-bo-de-xe-may\/?lang=en"},"modified":"2019-03-05T02:41:26","modified_gmt":"2019-03-05T02:41:26","slug":"nam-cham-trong-bo-de-xe-may","status":"publish","type":"product","link":"https:\/\/namchamvn.com.vn\/en\/san-pham\/nam-cham-trong-bo-de-xe-may","title":{"rendered":"Nam ch\u00e2m trong b\u1ed9 \u0111\u1ec1 xe m\u00e1y"},"content":{"rendered":"<p>T&amp;T chuy\u00ean cung c\u1ea5p nam ch\u00e2m d\u00f9ng l\u1eafp trong b\u1ed9 \u0111\u1ec1 c\u1ee7a xe m\u00e1y. \u0110\u00e2y l\u00e0 lo\u1ea1i nam ch\u00e2m \u0111en hay c\u00f2n g\u1ecdi l\u00e0 nam ch\u00e2m Ferrite ho\u1eb7c nam ch\u00e2m g\u1ed1m. <strong>Nam ch\u00e2m<\/strong> d\u00f9ng trong b\u1ed9 \u0111\u1ec1 c\u00f3 h\u00ecnh cung. M\u1ed7i m\u1ed9t b\u1ed9 \u0111\u1ec1 g\u1ed3m 2 vi\u00ean nam ch\u00e2m \u0111en \u0111\u01b0\u1ee3c d\u00e1n keo v\u00e0o 2 v\u1ecb tr\u00ed \u0111\u1ed1i di\u1ec7n nhau ph\u00eda b\u00ean trong c\u1ee7a v\u1ecf b\u1ed9 \u0111\u1ec1.<\/p>\n<p>Trong b\u1ea5t k\u1ef3 \u0111\u1ed9ng c\u01a1 \u0111i\u1ec7n th\u00f4ng d\u1ee5ng n\u00e0o c\u0169ng c\u1ea7n c\u00f3 ch\u1ed5i than v\u00e0 b\u1ed9 \u0111\u1ec1 xe m\u00e1y c\u0169ng kh\u00f4ng l\u00e0 ngo\u1ea1i l\u1ec7. Khi ch\u1ed5i than m\u00f2n nhi\u1ec1u, kh\u00f4ng \u0111\u01b0\u1ee3c b\u1ea3o d\u01b0\u1ee1ng, l\u00e0m s\u1ea1ch \u0111\u1ecbnh k\u1ef3, ph\u1ea7n m\u1ea1t do ch\u1ed5i than sinh ra s\u1ebd b\u00e1m v\u00e0o ph\u1ea7n nam ch\u00e2m \u0111\u01b0\u1ee3c d\u00e1n c\u1ed1 \u0111\u1ecbnh v\u00e0o v\u1ecf b\u1ed9 \u0111\u1ec1 (stato).<br \/>\nPh\u1ea7n m\u1ea1t n\u00e0y ng\u00e0y c\u00e0ng nhi\u1ec1u, khe h\u1edf gi\u1eefa b\u1ec1 m\u1eb7t r\u00f4-to v\u00e0 stato s\u1ebd gi\u1ea3m d\u1ea7n, t\u1edbi khi n\u00e0o kho\u1ea3ng c\u00e1ch n\u00e0y \u0111\u1ee7 nh\u1ecf v\u00e0 l\u01b0\u1ee3ng m\u1ea1t \u0111\u1ee7 nhi\u1ec1u s\u1ebd g\u00e2y ra k\u1eb9t, l\u00e0m bong <strong>nam ch\u00e2m<\/strong> c\u1ee7a stato g\u00e2y h\u1ecfng \u0111\u1ec1. Tr\u01b0\u1eddng h\u1ee3p kh\u00e1c, ch\u1ed5i than qu\u00e1 m\u00f2n, l\u1edbp m\u1ea1t b\u00e1m nhi\u1ec1u tr\u00ean c\u1ed5 g\u00f3p s\u1ebd g\u00e2y ra hi\u1ec7n t\u01b0\u1ee3ng ch\u1eadp ch\u1eddn khi s\u1eed d\u1ee5ng.<\/p>\n<p>N\u1ebfu\u00a0Qu\u00fd kh\u00e1ch\u00a0c\u1ea7n t\u01b0 v\u1ea5n\u00a0<span lang=\"EN-US\">b\u00e1o gi\u00e1 : nam ch\u00e2m vi\u00ean, nam ch\u00e2m n\u00e2ng t\u1ef1 \u0111\u1ed9ng, nam ch\u00e2m \u0111i\u1ec7n, nam ch\u00e2m l\u1ecdc s\u1eaft tr\u00ean m\u1eb7t b\u0103ng t\u1ea3i,\u00a0 qu\u1ea3 l\u00f4 t\u1eeb, m\u00e1y s\u00e0ng rung, m\u00e1y tuy\u1ec3n t\u1eeb, b\u0103ng t\u1ea3i cao su<strong>\u00a0<\/strong><\/span><span lang=\"EN-US\">h\u00e3y li\u00ean h\u1ec7 ngay v\u1edbi ch\u00fang t\u00f4i, Hotline 24\/7:\u00a0<strong>0937.813.868\u00a0<\/strong>ho\u1eb7c g\u1ecdi\u00a0t\u1ed5ng \u0111\u00e0i mi\u1ec5n ph\u00ed\u00a0<strong>1800.6355\u00a0<\/strong>(Gi\u1edd HC)<strong>,<\/strong>\u00a0email:\u00a0<strong>info@ttvm.com.vn<\/strong>\u00a0.\u00a0<\/span><\/p>\n<p>TH\u00d4NG TIN CHI TI\u1ebeT:<\/p>\n<div><b>C\u00d4NG TY CP XNK V\u1eacT T\u01af M\u00c1Y M\u00d3C T&amp;T<\/b><\/div>\n<div><b>Add:\u00a0<\/b>S\u1ed1 404 , T\u00f2a nh\u00e0 CT1 , Ph\u1ed1 \u0110\u1ed7 Nhu\u1eadn, P. Xu\u00e2n \u0110\u1ec9nh, Q. B\u1eafc T\u1eeb Li\u00eam, TP. H\u00e0 N\u1ed9i<br \/>\n<b>Tel\u00a0 :\u00a0<\/b>(+84) 47305 6699<\/div>\n<div><strong>Kho:\u00a0<\/strong>Km s\u1ed1 3, QL 3, X\u00e3 V\u0129nh Ng\u1ecdc, Th\u1ecb tr\u1ea5n \u0110\u00f4ng Anh, H\u00e0 N\u1ed9i<br \/>\n<b>Hotline<\/b>\u00a0\/ Zalo:\u00a0<b>0937.813.868<\/b>\u00a0(24\/7)<\/div>\n<div><b>Hotline\u00a0KH d\u1ef1 \u00e1n: 0962.096.089<\/b><\/div>\n<div><b>T\u1ed5ng \u0111\u00e0i mi\u1ec5n ph\u00ed:<\/b>\u00a0<b>1800.6355\u00a0<\/b>(Gi\u1edd HC)<\/div>\n<p>&nbsp;<\/p>\n","protected":false},"excerpt":{"rendered":"<p>T&amp;T chuy\u00ean cung c\u1ea5p nam ch\u00e2m d\u00f9ng l\u1eafp trong b\u1ed9 \u0111\u1ec1 c\u1ee7a xe m\u00e1y. \u0110\u00e2y l\u00e0 lo\u1ea1i nam ch\u00e2m \u0111en hay c\u00f2n g\u1ecdi l\u00e0 nam ch\u00e2m Ferrite ho\u1eb7c nam ch\u00e2m g\u1ed1m. Nam ch\u00e2m d\u00f9ng trong b\u1ed9 \u0111\u1ec1 c\u00f3 h\u00ecnh cung. M\u1ed7i m\u1ed9t b\u1ed9 \u0111\u1ec1 g\u1ed3m 2 vi\u00ean nam ch\u00e2m \u0111en \u0111\u01b0\u1ee3c d\u00e1n keo v\u00e0o 2 [&hellip;]<\/p>\n","protected":false},"featured_media":1466,"comment_status":"open","ping_status":"closed","template":"","meta":{"rank_math_lock_modified_date":false},"product_cat":[250],"product_tag":[254,251,252,253,247,248],"class_list":{"0":"post-1688","1":"product","2":"type-product","3":"status-publish","4":"has-post-thumbnail","6":"product_cat-magnets-in-the-motorcycle-theme","7":"product_tag-nam-cham-bo-de-xe-may-en","8":"product_tag-nam-cham-cu-de-xe-may-en","9":"product_tag-nam-cham-hinh-cung-en","10":"product_tag-nam-cham-lam-dong-co-en","11":"product_tag-nam-cham-ferritte-en","12":"product_tag-nam-cham-den-en","14":"first","15":"instock","16":"shipping-taxable","17":"product-type-simple"},"_links":{"self":[{"href":"https:\/\/namchamvn.com.vn\/en\/wp-json\/wp\/v2\/product\/1688"}],"collection":[{"href":"https:\/\/namchamvn.com.vn\/en\/wp-json\/wp\/v2\/product"}],"about":[{"href":"https:\/\/namchamvn.com.vn\/en\/wp-json\/wp\/v2\/types\/product"}],"replies":[{"embeddable":true,"href":"https:\/\/namchamvn.com.vn\/en\/wp-json\/wp\/v2\/comments?post=1688"}],"wp:featuredmedia":[{"embeddable":true,"href":"https:\/\/namchamvn.com.vn\/en\/wp-json\/wp\/v2\/media\/1466"}],"wp:attachment":[{"href":"https:\/\/namchamvn.com.vn\/en\/wp-json\/wp\/v2\/media?parent=1688"}],"wp:term":[{"taxonomy":"product_cat","embeddable":true,"href":"https:\/\/namchamvn.com.vn\/en\/wp-json\/wp\/v2\/product_cat?post=1688"},{"taxonomy":"product_tag","embeddable":true,"href":"https:\/\/namchamvn.com.vn\/en\/wp-json\/wp\/v2\/product_tag?post=1688"}],"curies":[{"name":"wp","href":"https:\/\/api.w.org\/{rel}","templated":true}]}}