{"id":1695,"date":"2016-10-28T07:18:07","date_gmt":"2016-10-28T07:18:07","guid":{"rendered":"https:\/\/namchamvn.com.vn\/san-pham\/nam-cham-dat-hiem-hinh-khoi\/?lang=en"},"modified":"2019-03-05T02:42:37","modified_gmt":"2019-03-05T02:42:37","slug":"nam-cham-dat-hiem-hinh-khoi","status":"publish","type":"product","link":"https:\/\/namchamvn.com.vn\/en\/san-pham\/nam-cham-dat-hiem-hinh-khoi","title":{"rendered":"Nam ch\u00e2m \u0111\u1ea5t hi\u1ebfm h\u00ecnh kh\u1ed1i"},"content":{"rendered":"<p>Nam ch\u00e2m \u0111\u1ea5t hi\u1ebfm\u00a0(NdFeB) h\u00ecnh kh\u1ed1i nh\u00e3n hi\u1ec7u Lagos: C\u00f3 th\u1ec3 d\u1ec5 d\u00e0ng nh\u1eadn th\u1ea5y ngay lo\u1ea1i nam ch\u00e2m n\u00e0y c\u00f3 h\u00ecnh d\u1ea1ng kh\u1ed1i l\u1eadp ph\u01b0\u01a1ng d\u1ec5 nh\u1eadn bi\u1ebft v\u00e0 th\u01b0\u1eddng \u0111\u01b0\u1ee3c g\u1ecdi v\u1edbi c\u00e1i t\u00ean kh\u00e1c l\u00e0 nam ch\u00e2m tr\u1eafng.<\/p>\n<p>&nbsp;<\/p>\n<p>Nam ch\u00e2m NdFeB l\u00e0 s\u1ef1 l\u1ef1a ch\u1ecdn \u0111\u1ea7u ti\u00ean cho \u1ee9ng d\u1ee5ng khi ng\u01b0\u1eddi d\u00f9ng c\u1ea7n cung c\u1ea5p hi\u1ec7u su\u1ea5t l\u1edbn nh\u1ea5t v\u1edbi kh\u1ed1i l\u01b0\u1ee3ng nh\u1ecf. Ch\u00fang t\u00e1c d\u1ee5ng t\u1eeb l\u00ean nhau r\u1ea5t l\u1edbn v\u00e0 h\u00fat nhau \u1edf nh\u1eefng kho\u1ea3ng c\u00e1ch r\u1ea5t xa, ch\u1eafc ch\u1eafn nam ch\u00e2m neodymium s\u1ebd l\u00e0m b\u1ea1n b\u1ea5t ng\u1edd tr\u01b0\u1edbc l\u1ef1c h\u00fat v\u00e0 kh\u1ed1i l\u01b0\u1ee3ng c\u1ee7a n\u00f3.<\/p>\n<p>L\u1ef1c gauss tr\u00ean b\u1ec1 m\u1eb7t c\u1ee7a nam ch\u00e2m neodymium h\u00ecnh kh\u1ed1i th\u01b0\u1eddng giao \u0111\u1ed9ng trong kho\u1ea3ng 4000 -&gt; 5400 Gauss t\u00f9y v\u00e0o l\u1edbp N42 ho\u1eb7c N52 ch\u1eb3ng h\u1ea1n. V\u00ec l\u1ef1c h\u00fat c\u1ef1c l\u1edbn, n\u00ean nam ch\u00e2m NdFeB h\u00ecnh kh\u1ed1i \u0111\u01b0\u1ee3c s\u1eed d\u1ee5ng nhi\u1ec1u trong h\u1ec7 th\u1ed1ng turbine gi\u00f3, m\u00e1y ph\u00e1t \u0111i\u1ec7n, \u1ed5 \u0111\u0129a c\u1ee9ng m\u00e1y t\u00ednh, gi\u1eef c\u00e1c thi\u1ebft b\u1ecb gia d\u1ee5ng, c\u00e1c th\u00ed nghi\u1ec7m khoa h\u1ecdc&#8230;<\/p>\n<p>Kh\u00f4ng gi\u1ed1ng nh\u01b0 nam ch\u00e2m ferrite hay nam ch\u00e2m d\u1ebbo, nam ch\u00e2m tr\u1eafng c\u1ea7n m\u1ed9t l\u1edbp m\u1ea1 b\u1ea3o v\u1ec7 b\u00ean ngo\u00e0i ch\u00fang. Nam ch\u00e2m \u0111\u1ea5t hi\u1ebfm Lagos th\u00f4ng th\u01b0\u1eddng l\u00e0 \u0111\u01b0\u1ee3c m\u1ea1 3 l\u1edbp NiCuNi, ngo\u00e0i ra ch\u00fang c\u00f3 m\u1ed9t s\u1ed1 l\u1edbp m\u1ea1 kh\u00e1c nh\u01b0 k\u1ebdm, chorme, b\u1ea1c, hay c\u1ea3 v\u00e0ng.<\/p>\n<p>C\u0169ng gi\u1ed1ng nh\u01b0 c\u00e1c lo\u1ea1i nam ch\u00e2m \u0111\u1ea5t hi\u1ebfm kh\u00e1c r\u1ea5t nhanh r\u1ec9 s\u00e9t n\u00ean b\u00ean ngo\u00e0i \u0111\u01b0\u1ee3c ph\u1ee7 m\u1ed9t l\u1edbp ch\u1ed1ng r\u1ec9 \u0111\u1eb7c bi\u1ec7t. S\u1ea3n ph\u1ea9m \u0111\u01b0\u1ee3c thi\u1ebft k\u1ebf theo c\u00e1c \u0111\u01a1n \u0111\u1eb7t h\u00e0ng c\u1ee7a kh\u00e1ch h\u00e0ng \u0111\u1eb7t theo y\u00eau c\u1ea7u.<\/p>\n<p>Nam ch\u00e2m NdFeB h\u00ecnh kh\u1ed1i \u00a0nh\u00e3n hi\u1ec7u Lagos phong ph\u00fa v\u1ec1 ch\u1ee7ng lo\u1ea1i, k\u00edch th\u01b0\u1edbc. D\u01b0\u1edbi \u0111\u00e2y l\u00e0 m\u1ed9t v\u00e0i k\u00edch th\u01b0\u1edbc ph\u1ed5 th\u00f4ng:<\/p>\n<p>K\u00edch th\u01b0\u1edbc: t\u1eeb 5x5x1(mm), 3x3x3(mm), 30x15x10(mm), 50x25x10(mm) \u0111\u1ebfn nh\u1eefng vi\u00ean c\u00f3 l\u1ef1c h\u00fat c\u1ef1c k\u00ec l\u1edbn nh\u01b0 50x50x25(mm), 100x100x30(mm) ho\u1eb7c c\u00f3 th\u1ec3 l\u1edbn h\u01a1n.<\/p>\n<p>Kh\u1ea3 n\u0103ng k\u00e9o: t\u1eeb 0.2Kg \u0111\u1ebfn 118kg,<\/p>\n<p>M\u00e3 hi\u1ec7u: N35, N38, N42, N52 l\u00e0 nh\u1eefng l\u1edbp ph\u1ed5 bi\u1ebfn \u0111\u01b0\u1ee3c d\u00f9ng nhi\u1ec1u nh\u1ea5t.<\/p>\n<p>Nhi\u1ec7t \u0111\u1ed9: t\u1ea5t c\u1ea3 nam ch\u00e2m neodymium ch\u1ec9 ho\u1ea1t \u0111\u1ed9ng t\u1ed1i \u0111a \u0111\u1ebfn 80<sup>o<\/sup>C.<\/p>\n<div>\n<p>N\u1ebfu\u00a0Qu\u00fd kh\u00e1ch\u00a0c\u1ea7n t\u01b0 v\u1ea5n\u00a0<span lang=\"EN-US\">b\u00e1o gi\u00e1 : nam ch\u00e2m vi\u00ean, nam ch\u00e2m n\u00e2ng t\u1ef1 \u0111\u1ed9ng, nam ch\u00e2m \u0111i\u1ec7n, nam ch\u00e2m l\u1ecdc s\u1eaft tr\u00ean m\u1eb7t b\u0103ng t\u1ea3i,\u00a0 qu\u1ea3 l\u00f4 t\u1eeb, m\u00e1y s\u00e0ng rung, m\u00e1y tuy\u1ec3n t\u1eeb, b\u0103ng t\u1ea3i cao su<strong>\u00a0<\/strong><\/span><span lang=\"EN-US\">h\u00e3y li\u00ean h\u1ec7 ngay v\u1edbi ch\u00fang t\u00f4i, Hotline 24\/7:\u00a0<strong>0937.813.868\u00a0<\/strong>ho\u1eb7c g\u1ecdi\u00a0t\u1ed5ng \u0111\u00e0i mi\u1ec5n ph\u00ed\u00a0<strong>1800.6355\u00a0<\/strong>(Gi\u1edd HC)<strong>,<\/strong>\u00a0email:\u00a0<strong>info@ttvm.com.vn<\/strong>\u00a0.\u00a0<\/span><\/p>\n<p>TH\u00d4NG TIN CHI TI\u1ebeT:<\/p>\n<div><b>C\u00d4NG TY CP XNK V\u1eacT T\u01af M\u00c1Y M\u00d3C T&amp;T<\/b><\/div>\n<div><b>Add:\u00a0<\/b>S\u1ed1 404 , T\u00f2a nh\u00e0 CT1 , Ph\u1ed1 \u0110\u1ed7 Nhu\u1eadn, P. Xu\u00e2n \u0110\u1ec9nh, Q. B\u1eafc T\u1eeb Li\u00eam, TP. H\u00e0 N\u1ed9i<br \/>\n<b>Tel\u00a0 :\u00a0<\/b>(+84) 47305 6699<\/div>\n<div><strong>Kho:\u00a0<\/strong>Km s\u1ed1 3, QL 3, X\u00e3 V\u0129nh Ng\u1ecdc, Th\u1ecb tr\u1ea5n \u0110\u00f4ng Anh, H\u00e0 N\u1ed9i<br \/>\n<b>Hotline<\/b>\u00a0\/ Zalo:\u00a0<b>0937.813.868<\/b>\u00a0(24\/7)<\/div>\n<div><b>Hotline\u00a0KH d\u1ef1 \u00e1n: 0962.096.089<\/b><\/div>\n<div><b>T\u1ed5ng \u0111\u00e0i mi\u1ec5n ph\u00ed:<\/b>\u00a0<b>1800.6355\u00a0<\/b>(Gi\u1edd HC)<\/div>\n<\/div>\n","protected":false},"excerpt":{"rendered":"<p>Nam ch\u00e2m \u0111\u1ea5t hi\u1ebfm\u00a0(NdFeB) h\u00ecnh kh\u1ed1i nh\u00e3n hi\u1ec7u Lagos: C\u00f3 th\u1ec3 d\u1ec5 d\u00e0ng nh\u1eadn th\u1ea5y ngay lo\u1ea1i nam ch\u00e2m n\u00e0y c\u00f3 h\u00ecnh d\u1ea1ng kh\u1ed1i l\u1eadp ph\u01b0\u01a1ng d\u1ec5 nh\u1eadn bi\u1ebft v\u00e0 th\u01b0\u1eddng \u0111\u01b0\u1ee3c g\u1ecdi v\u1edbi c\u00e1i t\u00ean kh\u00e1c l\u00e0 nam ch\u00e2m tr\u1eafng. &nbsp; Nam ch\u00e2m NdFeB l\u00e0 s\u1ef1 l\u1ef1a ch\u1ecdn \u0111\u1ea7u ti\u00ean cho \u1ee9ng d\u1ee5ng khi [&hellip;]<\/p>\n","protected":false},"featured_media":1455,"comment_status":"open","ping_status":"closed","template":"","meta":{"rank_math_lock_modified_date":false},"product_cat":[255],"product_tag":[265,266,219,220],"class_list":{"0":"post-1695","1":"product","2":"type-product","3":"status-publish","4":"has-post-thumbnail","6":"product_cat-rare-earth-magnets","7":"product_tag-nam-cham-hinh-khoi-en","8":"product_tag-nam-cham-vinh-cuu-hinh-khoi-en","9":"product_tag-nam-cham-dat-hiem-en","10":"product_tag-nam-cham-trang-en","12":"first","13":"instock","14":"shipping-taxable","15":"product-type-simple"},"_links":{"self":[{"href":"https:\/\/namchamvn.com.vn\/en\/wp-json\/wp\/v2\/product\/1695"}],"collection":[{"href":"https:\/\/namchamvn.com.vn\/en\/wp-json\/wp\/v2\/product"}],"about":[{"href":"https:\/\/namchamvn.com.vn\/en\/wp-json\/wp\/v2\/types\/product"}],"replies":[{"embeddable":true,"href":"https:\/\/namchamvn.com.vn\/en\/wp-json\/wp\/v2\/comments?post=1695"}],"wp:featuredmedia":[{"embeddable":true,"href":"https:\/\/namchamvn.com.vn\/en\/wp-json\/wp\/v2\/media\/1455"}],"wp:attachment":[{"href":"https:\/\/namchamvn.com.vn\/en\/wp-json\/wp\/v2\/media?parent=1695"}],"wp:term":[{"taxonomy":"product_cat","embeddable":true,"href":"https:\/\/namchamvn.com.vn\/en\/wp-json\/wp\/v2\/product_cat?post=1695"},{"taxonomy":"product_tag","embeddable":true,"href":"https:\/\/namchamvn.com.vn\/en\/wp-json\/wp\/v2\/product_tag?post=1695"}],"curies":[{"name":"wp","href":"https:\/\/api.w.org\/{rel}","templated":true}]}}