{"id":1700,"date":"2016-10-27T08:18:48","date_gmt":"2016-10-27T08:18:48","guid":{"rendered":"https:\/\/namchamvn.com.vn\/san-pham\/nam-cham-ferrite-hinh-khoi\/?lang=en"},"modified":"2019-03-05T02:43:58","modified_gmt":"2019-03-05T02:43:58","slug":"nam-cham-ferrite-hinh-khoi","status":"publish","type":"product","link":"https:\/\/namchamvn.com.vn\/en\/san-pham\/nam-cham-ferrite-hinh-khoi","title":{"rendered":"Nam ch\u00e2m Ferrite h\u00ecnh kh\u1ed1i"},"content":{"rendered":"<p><strong>Nam ch\u00e2m Ferrite<\/strong>\u00a0h\u00ecnh kh\u1ed1i (Ferrite Magnet) : l\u00e0 nam ch\u00e2m v\u0129nh c\u1eedu, th\u01b0\u1eddng \u0111\u01b0\u1ee3c g\u1ecdi l\u00e0 nam ch\u00e2m \u201cg\u1ed1m\u201d hay nam ch\u00e2m \u0111en v\u00ec n\u00f3 c\u1ee9ng v\u00e0 d\u1ec5 v\u1ee1 nh\u01b0 s\u1ee9. \u0110\u00f3 l\u00e0 v\u1eadt li\u1ec7u<strong> nam ch\u00e2m<\/strong> \u0111\u01b0\u1ee3c s\u1eed d\u1ee5ng r\u1ed9ng r\u00e3i nh\u1ea5t v\u00ec chi ph\u00ed s\u1ea3n xu\u1ea5t th\u1ea5p.<br \/>\nNam ch\u00e2m Ferrite h\u00ecnh kh\u1ed1i l\u00e0 h\u1ee3p ch\u1ea5t h\u00f3a h\u1ecdc bao g\u1ed3m g\u1ed1m s\u1ee9 v\u1eadt li\u1ec7u c\u00f3 s\u1eaft (III) oxit (Fe 2 O 3 ) l\u00e0 th\u00e0nh ph\u1ea7n ch\u1ee7 y\u1ebfu.<\/p>\n<p>Ferrites th\u01b0\u1eddng kh\u00f4ng d\u1eabn \u0111i\u1ec7n bao g\u1ed3m c\u00e1c oxit s\u1eaft c\u00f3 trong qu\u1eb7ng hematit (Fe 2 O 3 ) ho\u1eb7c magnetite (Fe 3 O 4 ) c\u0169ng nh\u01b0 c\u00e1c oxit c\u1ee7a c\u00e1c kim lo\u1ea1i kh\u00e1c. V\u1ec1 t\u00ednh ch\u1ea5t, ferrites \u0111\u01b0\u1ee3c ph\u00e2n th\u00e0nh hai lo\u1ea1i l\u00e0 \u201cm\u1ec1m\u201d hay \u201cc\u1ee9ng\u201d, hay c\u00f2n g\u1ecdi t\u1eeb th\u1ea5p ho\u1eb7c t\u1eeb cao. Nam ch\u00e2m Ferrite h\u00ecnh nh\u1eabn c\u00f3 l\u1ef1c t\u1eeb tr\u00ean b\u1ec1 m\u1eb7t v\u00e0o kho\u1ea3ng 1000 \u00f7 1500 Gauss v\u00e0 ho\u1ea1t \u0111\u1ed9ng \u1edf nhi\u1ec7t \u0111\u1ed9 \u2264 80<sup>0<\/sup> C(v\u00e0 ho\u00e0n to\u00e0n m\u1ea5t t\u1eeb \u1edf nhi\u1ec7t \u0111\u1ed9 180<sup>0 <\/sup>C)<\/p>\n<p><strong>\u01afu \u0111i\u1ec3m c\u1ee7a nam ch\u00e2m ferrite h\u00ecnh kh\u1ed1i nh\u00e3n hi\u1ec7u Lagos:<\/strong><\/p>\n<p>\u01afu \u0111i\u1ec3m l\u1edbn nh\u1ea5t c\u1ee7a nam ch\u00e2m ferrite h\u00ecnh kh\u1ed1i khi\u1ebfn ch\u00fang \u0111\u01b0\u1ee3c s\u1eed d\u1ee5ng r\u1ed9ng r\u00e3i nh\u1ea5t l\u00e0 ph\u01b0\u01a1ng ph\u00e1p ch\u1ebf t\u1ea1o \u0111\u01a1n gi\u1ea3n v\u00e0 gi\u00e1 th\u00e0nh th\u1ea5p, gia c\u00f4ng \u0111\u01b0\u1ee3c m\u1ecdi k\u00edch th\u01b0\u1edbc theo y\u00eau c\u1ea7u. Ph\u01b0\u01a1ng ph\u00e1p ph\u1ed5 th\u00f4ng nh\u1ea5t (\u0111\u01b0\u1ee3c d\u00f9ng trong c\u1ea3 nghi\u00ean c\u1ee9u v\u00e0 c\u00f4ng nghi\u1ec7p) l\u00e0 ph\u01b0\u01a1ng ph\u00e1p ph\u1ea3n \u1ee9ng pha r\u1eafn t\u1ee9c l\u00e0 nghi\u1ec1n tr\u1ed9n c\u00e1c \u00f4xit th\u00e0nh ph\u1ea7n, sau \u0111\u00f3 ch\u1ed9n keo k\u1ebft d\u00ednh, \u00e9p \u0111\u1ecbnh h\u00ecnh s\u1ea3n ph\u1ea9m v\u00e0 nung thi\u00eau k\u1ebft \u0111\u1ec3 t\u1ea1o ph\u1ea3n \u1ee9ng ferrite h\u00f3a. Ng\u01b0\u1eddi ta c\u00f3 th\u1ec3 b\u1ed5 sung nhi\u1ec1u c\u00f4ng \u0111o\u1ea1n \u0111\u1ec3 t\u1ea1o th\u00eam nhi\u1ec1u t\u00ednh ch\u1ea5t nh\u01b0 mong mu\u1ed1n: v\u00ed d\u1ee5 \u00e9p \u0111\u1ecbnh h\u01b0\u1edbng (trong t\u1eeb tr\u01b0\u1eddng), \u00e9p \u0111\u1eb3ng t\u0129nh\u2026, nung trong t\u1eeb tr\u01b0\u1eddng<\/p>\n<p><strong>\u1ee8ng d\u1ee5ng c\u1ee7a nam ch\u00e2m Ferrite h\u00ecnh kh\u1ed1i nh\u00e3n hi\u1ec7u Lagos<\/strong><\/p>\n<ul>\n<li>C\u00e1c h\u1ec7 th\u1ed1ng loa<\/li>\n<li>D\u1ee5ng c\u1ee5 v\u00e0 c\u00e1c thi\u1ebft b\u1ecb \u0111o l\u01b0\u1eddng<\/li>\n<li>\u0110\u1ed3 ch\u01a1i<\/li>\n<li>Thi\u1ebft b\u1ecb gia d\u1ee5ng<\/li>\n<li>Nam ch\u00e2m l\u1ecdc s\u1eaft<\/li>\n<li>C\u00e1c h\u1ec7 th\u1ed1ng m\u00e1y m\u00f3c,\u0111\u1ed9ng c\u01a1<\/li>\n<li>D\u00f9ng trong s\u00e2n s\u00e1t h\u1ea1ch l\u00e1i xe<\/li>\n<li>D\u00f9ng gh\u00e9p m\u00e1y tuy\u1ec3n t\u1eeb<\/li>\n<\/ul>\n<p>N\u1ebfu\u00a0Qu\u00fd kh\u00e1ch\u00a0c\u1ea7n t\u01b0 v\u1ea5n\u00a0<span lang=\"EN-US\">b\u00e1o gi\u00e1 :\u00a0nam ch\u00e2m n\u00e2ng t\u1ef1 \u0111\u1ed9ng, nam ch\u00e2m \u0111i\u1ec7n, nam ch\u00e2m l\u1ecdc s\u1eaft tr\u00ean m\u1eb7t b\u0103ng t\u1ea3i,\u00a0 qu\u1ea3 l\u00f4 t\u1eeb, m\u00e1y s\u00e0ng rung, m\u00e1y tuy\u1ec3n t\u1eeb, b\u0103ng t\u1ea3i cao su<strong>\u00a0<\/strong><\/span><span lang=\"EN-US\">h\u00e3y li\u00ean h\u1ec7 ngay v\u1edbi ch\u00fang t\u00f4i, Hotline 24\/7:\u00a0<strong>0937.813.868\u00a0<\/strong>ho\u1eb7c g\u1ecdi\u00a0t\u1ed5ng \u0111\u00e0i mi\u1ec5n ph\u00ed\u00a0<strong>1800.6355\u00a0<\/strong>(Gi\u1edd HC)<strong>,<\/strong>\u00a0email:\u00a0<strong>info@ttvm.com.vn<\/strong>\u00a0.\u00a0<\/span><\/p>\n<p>TH\u00d4NG TIN CHI TI\u1ebeT:<\/p>\n<div><b>C\u00d4NG TY CP XNK V\u1eacT T\u01af M\u00c1Y M\u00d3C T&amp;T<\/b><\/div>\n<div><b>Add:\u00a0<\/b>S\u1ed1 404 , T\u00f2a nh\u00e0 CT1 , Ph\u1ed1 \u0110\u1ed7 Nhu\u1eadn, P. Xu\u00e2n \u0110\u1ec9nh, Q. B\u1eafc T\u1eeb Li\u00eam, TP. H\u00e0 N\u1ed9i<br \/>\n<b>Tel\u00a0 :\u00a0<\/b>(+84) 47305 6699<\/div>\n<div><strong>Kho:\u00a0<\/strong>Km s\u1ed1 3, QL 3, X\u00e3 V\u0129nh Ng\u1ecdc, Th\u1ecb tr\u1ea5n \u0110\u00f4ng Anh, H\u00e0 N\u1ed9i<br \/>\n<b>Hotline<\/b>\u00a0\/ Zalo:\u00a0<b>0937.813.868<\/b>\u00a0(24\/7)<\/div>\n<div><b>Hotline\u00a0KH d\u1ef1 \u00e1n: 0962.096.089<\/b><\/div>\n<div><b>T\u1ed5ng \u0111\u00e0i mi\u1ec5n ph\u00ed:<\/b>\u00a0<b>1800.6355\u00a0<\/b>(Gi\u1edd HC)<\/div>\n","protected":false},"excerpt":{"rendered":"<p>Nam ch\u00e2m Ferrite\u00a0h\u00ecnh kh\u1ed1i (Ferrite Magnet) : l\u00e0 nam ch\u00e2m v\u0129nh c\u1eedu, th\u01b0\u1eddng \u0111\u01b0\u1ee3c g\u1ecdi l\u00e0 nam ch\u00e2m \u201cg\u1ed1m\u201d hay nam ch\u00e2m \u0111en v\u00ec n\u00f3 c\u1ee9ng v\u00e0 d\u1ec5 v\u1ee1 nh\u01b0 s\u1ee9. \u0110\u00f3 l\u00e0 v\u1eadt li\u1ec7u nam ch\u00e2m \u0111\u01b0\u1ee3c s\u1eed d\u1ee5ng r\u1ed9ng r\u00e3i nh\u1ea5t v\u00ec chi ph\u00ed s\u1ea3n xu\u1ea5t th\u1ea5p. Nam ch\u00e2m Ferrite h\u00ecnh kh\u1ed1i l\u00e0 [&hellip;]<\/p>\n","protected":false},"featured_media":1461,"comment_status":"open","ping_status":"closed","template":"","meta":{"rank_math_lock_modified_date":false},"product_cat":[267],"product_tag":[268,274,275,248],"class_list":{"0":"post-1700","1":"product","2":"type-product","3":"status-publish","4":"has-post-thumbnail","6":"product_cat-ferrite-magnets","7":"product_tag-nam-cham-ferrite-en","8":"product_tag-nam-cham-ferrite-hinh-khoi-en","9":"product_tag-nam-cham-den-hinh-khoi-en","10":"product_tag-nam-cham-den-en","12":"first","13":"instock","14":"shipping-taxable","15":"product-type-simple"},"_links":{"self":[{"href":"https:\/\/namchamvn.com.vn\/en\/wp-json\/wp\/v2\/product\/1700"}],"collection":[{"href":"https:\/\/namchamvn.com.vn\/en\/wp-json\/wp\/v2\/product"}],"about":[{"href":"https:\/\/namchamvn.com.vn\/en\/wp-json\/wp\/v2\/types\/product"}],"replies":[{"embeddable":true,"href":"https:\/\/namchamvn.com.vn\/en\/wp-json\/wp\/v2\/comments?post=1700"}],"wp:featuredmedia":[{"embeddable":true,"href":"https:\/\/namchamvn.com.vn\/en\/wp-json\/wp\/v2\/media\/1461"}],"wp:attachment":[{"href":"https:\/\/namchamvn.com.vn\/en\/wp-json\/wp\/v2\/media?parent=1700"}],"wp:term":[{"taxonomy":"product_cat","embeddable":true,"href":"https:\/\/namchamvn.com.vn\/en\/wp-json\/wp\/v2\/product_cat?post=1700"},{"taxonomy":"product_tag","embeddable":true,"href":"https:\/\/namchamvn.com.vn\/en\/wp-json\/wp\/v2\/product_tag?post=1700"}],"curies":[{"name":"wp","href":"https:\/\/api.w.org\/{rel}","templated":true}]}}