{"id":1701,"date":"2016-10-27T08:16:12","date_gmt":"2016-10-27T08:16:12","guid":{"rendered":"https:\/\/namchamvn.com.vn\/san-pham\/nam-cham-ferrite-hinh-cung\/?lang=en"},"modified":"2024-07-20T10:42:12","modified_gmt":"2024-07-20T10:42:12","slug":"nam-cham-ferrite-hinh-cung","status":"publish","type":"product","link":"https:\/\/namchamvn.com.vn\/en\/san-pham\/nam-cham-ferrite-hinh-cung","title":{"rendered":"Nam ch\u00e2m Ferrite h\u00ecnh cung"},"content":{"rendered":"<p>Nam ch\u00e2m Ferrite h\u00ecnh cung(Nam ch\u00e2m \u0111en h\u00ecnh cung)\u0111\u01b0\u1ee3c t\u1ea1o th\u00e0nh t\u1eeb Fe<sub>2<\/sub>O<sub>3<\/sub> v\u00e0 BaO hay SrO. Nam ch\u00e2m Ferrite h\u00ecnh cung(hay c\u00f2n g\u1ecdi l\u00e0 nam ch\u00e2m loa)c\u00f3 l\u1ef1c h\u00fat m\u1ea1nh h\u01a1n nam ch\u00e2m AlNiCo v\u00e0 y\u1ebfu h\u01a1n nhi\u1ec1u so v\u1edbi nam ch\u00e2m NdFeB nh\u01b0ng b\u00f9 l\u1ea1i nam ch\u00e2m Ferrite c\u00f3 gi\u00e1 th\u00e0nh th\u00ec l\u1ea1i r\u1ebb h\u01a1n nhi\u1ec1u so v\u1edbi c\u00e1c lo\u1ea1i nam ch\u00e2m kh\u00e1c. Nam ch\u00e2m Ferrite c\u00f3 kh\u1ea3 n\u0103ng ch\u1ed1ng \u0103n m\u00f2n r\u1ea5t t\u1ed1t n\u00ean ch\u00fang kh\u00f4ng c\u1ea7n l\u1edbp m\u1ea1 b\u1ea3o v\u1ec7.<\/p>\n<p><img loading=\"lazy\" decoding=\"async\" class=\"aligncenter wp-image-899 size-full\" src=\"https:\/\/namchamvn.com.vn\/wp-content\/uploads\/2016\/10\/Ferrite-h\u00ecnh-cung.jpg\" alt=\"ferrite-hinh-cung\" width=\"530\" height=\"282\" srcset=\"https:\/\/namchamvn.com.vn\/wp-content\/uploads\/2016\/10\/Ferrite-h\u00ecnh-cung.jpg 530w, https:\/\/namchamvn.com.vn\/wp-content\/uploads\/2016\/10\/Ferrite-h\u00ecnh-cung-300x160.jpg 300w\" sizes=\"(max-width: 530px) 100vw, 530px\" \/><\/p>\n<p>Nam ch\u00e2m Ferrite h\u00ecnh cung c\u00f3 l\u1ef1c t\u1eeb tr\u00ean b\u1ec1 m\u1eb7t v\u00e0o kho\u1ea3ng 620 \u00f7 1000 Gauss v\u00e0 ho\u1ea1t \u0111\u1ed9ng \u1edf nhi\u1ec7t \u0111\u1ed9 \u2264 80<sup>0<\/sup> C(v\u00e0 ho\u00e0n to\u00e0n m\u1ea5t t\u1eeb \u1edf nhi\u1ec7t \u0111\u1ed9 180<sup>0 <\/sup>C)<\/p>\n<p>Tuy l\u1ef1c h\u00fat c\u1ee7a nam ch\u00e2m Ferrite h\u00ecnh cung y\u1ebfu h\u01a1n nhi\u1ec1u so v\u1edbi nam ch\u00e2m \u0111\u1ea5t hi\u1ebfm h\u00ecnh nh\u1eabn,nh\u01b0ng v\u1eabn \u0111\u01b0\u1ee3c ch\u1ecdn nhi\u1ec1u trong c\u00e1c \u1ee9ng d\u1ee5ng v\u00ec: gi\u00e1 th\u00e0nh th\u1ea5p,kh\u1ea3 n\u0103ng ch\u1ed1ng kh\u1eed t\u1eeb cao,\u0111a d\u1ea1ng v\u1ec1 h\u00ecnh d\u1ea1ng v\u00e0 k\u00edch th\u01b0\u1edbc &#8230;..<\/p>\n<p>\u1ee8ng d\u1ee5ng c\u1ee7a Nam ch\u00e2m Ferrite h\u00ecnh cung nh\u00e3n hi\u1ec7u Lagos<\/p>\n<ul>\n<li>B\u1ed9 \u0111\u1ec1 xe m\u00e1y<\/li>\n<li>Chi ti\u1ebft \u0111\u1ed9ng c\u01a1,motor&#8230;<\/li>\n<\/ul>\n<div><\/div>\n<div>\n<p>N\u1ebfu\u00a0Qu\u00fd kh\u00e1ch\u00a0c\u1ea7n t\u01b0 v\u1ea5n\u00a0<span lang=\"EN-US\">b\u00e1o gi\u00e1 : nam ch\u00e2m vi\u00ean, nam ch\u00e2m n\u00e2ng t\u1ef1 \u0111\u1ed9ng, nam ch\u00e2m \u0111i\u1ec7n, nam ch\u00e2m l\u1ecdc s\u1eaft tr\u00ean m\u1eb7t b\u0103ng t\u1ea3i,\u00a0 qu\u1ea3 l\u00f4 t\u1eeb, m\u00e1y s\u00e0ng rung, m\u00e1y tuy\u1ec3n t\u1eeb, b\u0103ng t\u1ea3i cao su<strong>\u00a0<\/strong><\/span><span lang=\"EN-US\">h\u00e3y li\u00ean h\u1ec7 ngay v\u1edbi ch\u00fang t\u00f4i, Hotline 24\/7:\u00a0<strong>0937.813.868\u00a0<\/strong>ho\u1eb7c g\u1ecdi\u00a0t\u1ed5ng \u0111\u00e0i mi\u1ec5n ph\u00ed\u00a0<strong>1800.6355\u00a0<\/strong>(Gi\u1edd HC)<strong>,<\/strong>\u00a0email:\u00a0<strong>info@ttvm.com.vn<\/strong>\u00a0.\u00a0<\/span><\/p>\n<p>TH\u00d4NG TIN CHI TI\u1ebeT:<\/p>\n<div><b>C\u00d4NG TY CP XNK V\u1eacT T\u01af M\u00c1Y M\u00d3C T&amp;T<\/b><\/div>\n<div><b>Add:\u00a0<\/b>S\u1ed1 404 , T\u00f2a nh\u00e0 CT1 , Ph\u1ed1 \u0110\u1ed7 Nhu\u1eadn, P. Xu\u00e2n \u0110\u1ec9nh, Q. B\u1eafc T\u1eeb Li\u00eam, TP. H\u00e0 N\u1ed9i<br \/>\n<b>Tel\u00a0 :\u00a0<\/b>(+84) 47305 6699<\/div>\n<div><strong>Kho:\u00a0<\/strong>Km s\u1ed1 3, QL 3, X\u00e3 V\u0129nh Ng\u1ecdc, Th\u1ecb tr\u1ea5n \u0110\u00f4ng Anh, H\u00e0 N\u1ed9i<br \/>\n<b>Hotline<\/b>\u00a0\/ Zalo:\u00a0<b>0937.813.868<\/b>\u00a0(24\/7)<\/div>\n<div><b>Hotline\u00a0KH d\u1ef1 \u00e1n: 0962.096.089<\/b><\/div>\n<div><b>T\u1ed5ng \u0111\u00e0i mi\u1ec5n ph\u00ed:<\/b>\u00a0<b>1800.6355\u00a0<\/b>(Gi\u1edd HC)<\/div>\n<\/div>\n","protected":false},"excerpt":{"rendered":"<p>Nam ch\u00e2m Ferrite h\u00ecnh cung(Nam ch\u00e2m \u0111en h\u00ecnh cung)\u0111\u01b0\u1ee3c t\u1ea1o th\u00e0nh t\u1eeb Fe2O3 v\u00e0 BaO hay SrO. Nam ch\u00e2m Ferrite h\u00ecnh cung(hay c\u00f2n g\u1ecdi l\u00e0 nam ch\u00e2m loa)c\u00f3 l\u1ef1c h\u00fat m\u1ea1nh h\u01a1n nam ch\u00e2m AlNiCo v\u00e0 y\u1ebfu h\u01a1n nhi\u1ec1u so v\u1edbi nam ch\u00e2m NdFeB nh\u01b0ng b\u00f9 l\u1ea1i nam ch\u00e2m Ferrite c\u00f3 gi\u00e1 th\u00e0nh th\u00ec l\u1ea1i [&hellip;]<\/p>\n","protected":false},"featured_media":1463,"comment_status":"open","ping_status":"closed","template":"","meta":{"rank_math_lock_modified_date":false},"product_cat":[267],"product_tag":[277,273,276,254,253],"class_list":{"0":"post-1701","1":"product","2":"type-product","3":"status-publish","4":"has-post-thumbnail","6":"product_cat-ferrite-magnets","7":"product_tag-nam-cham-den-hinh-cung-en","8":"product_tag-nam-cham-lam-loa-en","9":"product_tag-nam-cham-ferrite-hinh-cung-en","10":"product_tag-nam-cham-bo-de-xe-may-en","11":"product_tag-nam-cham-lam-dong-co-en","13":"first","14":"instock","15":"shipping-taxable","16":"product-type-simple"},"_links":{"self":[{"href":"https:\/\/namchamvn.com.vn\/en\/wp-json\/wp\/v2\/product\/1701"}],"collection":[{"href":"https:\/\/namchamvn.com.vn\/en\/wp-json\/wp\/v2\/product"}],"about":[{"href":"https:\/\/namchamvn.com.vn\/en\/wp-json\/wp\/v2\/types\/product"}],"replies":[{"embeddable":true,"href":"https:\/\/namchamvn.com.vn\/en\/wp-json\/wp\/v2\/comments?post=1701"}],"wp:featuredmedia":[{"embeddable":true,"href":"https:\/\/namchamvn.com.vn\/en\/wp-json\/wp\/v2\/media\/1463"}],"wp:attachment":[{"href":"https:\/\/namchamvn.com.vn\/en\/wp-json\/wp\/v2\/media?parent=1701"}],"wp:term":[{"taxonomy":"product_cat","embeddable":true,"href":"https:\/\/namchamvn.com.vn\/en\/wp-json\/wp\/v2\/product_cat?post=1701"},{"taxonomy":"product_tag","embeddable":true,"href":"https:\/\/namchamvn.com.vn\/en\/wp-json\/wp\/v2\/product_tag?post=1701"}],"curies":[{"name":"wp","href":"https:\/\/api.w.org\/{rel}","templated":true}]}}