{"id":1709,"date":"2016-10-25T07:42:32","date_gmt":"2016-10-25T07:42:32","guid":{"rendered":"https:\/\/namchamvn.com.vn\/san-pham\/nam-cham-nang-tu-dong\/?lang=en"},"modified":"2019-03-05T02:35:15","modified_gmt":"2019-03-05T02:35:15","slug":"nam-cham-nang-tu-dong","status":"publish","type":"product","link":"https:\/\/namchamvn.com.vn\/en\/san-pham\/nam-cham-nang-tu-dong","title":{"rendered":"Nam Ch\u00e2m N\u00e2ng T\u1ef1 \u0110\u1ed9ng"},"content":{"rendered":"<p>Nam ch\u00e2m\u00a0n\u00e2ng v\u0129nh c\u1eedu lo\u1ea1i \u0111i\u1ec1u ch\u1ec9nh t\u1ef1 \u0111\u1ed9ng v\u1edbi c\u00e1c d\u1ea3i th\u00f4ng s\u1ed1 n\u00e2ng: 1000 kg, 2000 kg, 3000 kg, 5000 kg, 10000 kg, 20000 kg\u2026.<\/p>\n<p><img loading=\"lazy\" decoding=\"async\" class=\"aligncenter wp-image-884 size-full\" src=\"https:\/\/namchamvn.com.vn\/wp-content\/uploads\/2016\/10\/nam-cham-nang-vinh-cuu-tu-dong.jpg\" alt=\"nam-cham-nang-vinh-cuu-tu-dong\" width=\"600\" height=\"584\" srcset=\"https:\/\/namchamvn.com.vn\/wp-content\/uploads\/2016\/10\/nam-cham-nang-vinh-cuu-tu-dong.jpg 600w, https:\/\/namchamvn.com.vn\/wp-content\/uploads\/2016\/10\/nam-cham-nang-vinh-cuu-tu-dong-300x292.jpg 300w\" sizes=\"(max-width: 600px) 100vw, 600px\" \/><\/p>\n<p>&#8211; <u>Nguy\u00ean t\u1eafc ho\u1ea1t \u0111\u1ed9ng<\/u>: Nam ch\u00e2m n\u00e2ng lo\u1ea1i v\u0129nh c\u1eedu \u0111i\u1ec1u ch\u1ec9nh t\u1ef1 \u0111\u1ed9ng \u0111\u01b0\u1ee3c s\u1ea3n xu\u1ea5t b\u1eb1ng th\u00e0nh ph\u1ea7n nguy\u00ean li\u1ec7u \u0111\u1ea5t hi\u1ebfm NdFeB. R\u01a1le c\u1ea3m bi\u1ebfn t\u1ef1 \u0111\u1ed9ng \u0111\u00f3ng\/ng\u1eaft ho\u1ea1t \u0111\u1ed9ng c\u1ee7a nam ch\u00e2m khi s\u1eed d\u1ee5ng. V\u1edbi l\u1ef1c t\u1eeb m\u1ea1nh v\u00e0 \u00edt b\u1ecb suy y\u1ebfu d\u01b0\u1edbi t\u00e1c \u0111\u1ed9ng c\u1ee7a m\u00f4i tr\u01b0\u1eddng, th\u1eddi gian nh\u1eb1m \u0111\u1ea3m b\u1ea3o m\u1ecdi ho\u1ea1t \u0111\u1ed9ng c\u1ee7a s\u1ea3n xu\u1ea5t v\u00e0 c\u00e1c y\u00eau c\u1ea7u an to\u00e0n k\u1ef9 thu\u00e2t.<\/p>\n<p>&#8211; <u>\u1ee8ng d\u1ee5ng<\/u>: \u1ee8ng d\u1ee5ng trong vi\u1ec7c n\u00e2ng h\u1ea1 c\u00e1c lo\u1ea1i s\u1eaft th\u00e9p (Th\u00e9p t\u1ea5m, Th\u00e9p tr\u00f2n, Th\u00e9p v\u1ee5n\u2026), c\u00e1c t\u1ea5m t\u00f4n v\u1edbi nhi\u1ec1u k\u00edch th\u01b0\u1edbc, c\u00e1c thi\u1ebft b\u1ecb m\u00e1y m\u00f3c c\u00f4ng nghi\u1ec7p n\u1eb7ng\u2026 ph\u1ed5 bi\u1ebfn trong c\u00e1c ng\u00e0nh: S\u1ea3n xu\u1ea5t s\u1eaft th\u00e9p, gia c\u00f4ng c\u01a1 kh\u00ed, v\u1eadn chuy\u1ec3n h\u00e0ng ho\u00e1, c\u1ea9u tr\u1ee5c, c\u1ea7u c\u1ea3ng\u2026.<\/p>\n<p>&#8211; <u>T\u00ednh n\u0103ng<\/u>: \u0110\u01a1n gi\u1ea3n, ti\u1ec7n l\u1ee3i, d\u1ec5 d\u00e0ng s\u1eed d\u1ee5ng, ti\u1ebft ki\u1ec7m th\u1eddi gian, gi\u00e1 th\u00e0nh r\u1ebb l\u00e0 nh\u1eefng \u01b0u \u0111i\u1ec3m c\u1ee7a Nam ch\u00e2m v\u0129nh c\u1eedu \u0111i\u1ec1u ch\u1ec9nh t\u1ef1 \u0111\u1ed9ng.<\/p>\n<p>N\u1ebfu\u00a0Qu\u00fd kh\u00e1ch\u00a0c\u1ea7n t\u01b0 v\u1ea5n\u00a0<span lang=\"EN-US\">b\u00e1o gi\u00e1 :\u00a0nam ch\u00e2m n\u00e2ng t\u1ef1 \u0111\u1ed9ng, nam ch\u00e2m \u0111i\u1ec7n, nam ch\u00e2m l\u1ecdc s\u1eaft tr\u00ean m\u1eb7t b\u0103ng t\u1ea3i,\u00a0 qu\u1ea3 l\u00f4 t\u1eeb, m\u00e1y s\u00e0ng rung, m\u00e1y tuy\u1ec3n t\u1eeb, b\u0103ng t\u1ea3i cao su<strong>\u00a0<\/strong><\/span><span lang=\"EN-US\">h\u00e3y li\u00ean h\u1ec7 ngay v\u1edbi ch\u00fang t\u00f4i, Hotline 24\/7:\u00a0<strong>0937.813.868\u00a0<\/strong>ho\u1eb7c g\u1ecdi\u00a0t\u1ed5ng \u0111\u00e0i mi\u1ec5n ph\u00ed\u00a0<strong>1800.6355\u00a0<\/strong>(Gi\u1edd HC)<strong>,<\/strong>\u00a0email:\u00a0<strong>info@ttvm.com.vn<\/strong>\u00a0.\u00a0<\/span><\/p>\n<p>TH\u00d4NG TIN CHI TI\u1ebeT:<\/p>\n<div><b>C\u00d4NG TY CP XNK V\u1eacT T\u01af M\u00c1Y M\u00d3C T&amp;T<\/b><\/div>\n<div><b>Add:\u00a0<\/b>S\u1ed1 404 , T\u00f2a nh\u00e0 CT1 , Ph\u1ed1 \u0110\u1ed7 Nhu\u1eadn, P. Xu\u00e2n \u0110\u1ec9nh, Q. B\u1eafc T\u1eeb Li\u00eam, TP. H\u00e0 N\u1ed9i<br \/>\n<b>Tel\u00a0 :\u00a0<\/b>(+84) 47305 6699<\/div>\n<div><strong>Kho:\u00a0<\/strong>Km s\u1ed1 3, QL 3, X\u00e3 V\u0129nh Ng\u1ecdc, Th\u1ecb tr\u1ea5n \u0110\u00f4ng Anh, H\u00e0 N\u1ed9i<br \/>\n<b>Hotline<\/b>\u00a0\/ Zalo:\u00a0<b>0937.813.868<\/b>\u00a0(24\/7)<\/div>\n<div><b>Hotline\u00a0KH d\u1ef1 \u00e1n: 0962.096.089<\/b><\/div>\n<div><b>T\u1ed5ng \u0111\u00e0i mi\u1ec5n ph\u00ed:<\/b>\u00a0<b>1800.6355\u00a0<\/b>(Gi\u1edd HC)<\/div>\n","protected":false},"excerpt":{"rendered":"<p>Nam ch\u00e2m\u00a0n\u00e2ng v\u0129nh c\u1eedu lo\u1ea1i \u0111i\u1ec1u ch\u1ec9nh t\u1ef1 \u0111\u1ed9ng v\u1edbi c\u00e1c d\u1ea3i th\u00f4ng s\u1ed1 n\u00e2ng: 1000 kg, 2000 kg, 3000 kg, 5000 kg, 10000 kg, 20000 kg\u2026. &#8211; Nguy\u00ean t\u1eafc ho\u1ea1t \u0111\u1ed9ng: Nam ch\u00e2m n\u00e2ng lo\u1ea1i v\u0129nh c\u1eedu \u0111i\u1ec1u ch\u1ec9nh t\u1ef1 \u0111\u1ed9ng \u0111\u01b0\u1ee3c s\u1ea3n xu\u1ea5t b\u1eb1ng th\u00e0nh ph\u1ea7n nguy\u00ean li\u1ec7u \u0111\u1ea5t hi\u1ebfm NdFeB. R\u01a1le c\u1ea3m [&hellip;]<\/p>\n","protected":false},"featured_media":1452,"comment_status":"open","ping_status":"closed","template":"","meta":{"rank_math_lock_modified_date":false},"product_cat":[286],"product_tag":[287,288,289],"class_list":{"0":"post-1709","1":"product","2":"type-product","3":"status-publish","4":"has-post-thumbnail","6":"product_cat-magnet-lifting","7":"product_tag-nam-cham-nang-tu-dong-en","8":"product_tag-nam-cham-nang-vinh-cuu-en","9":"product_tag-nam-cham-nang-en","11":"first","12":"instock","13":"shipping-taxable","14":"product-type-simple"},"_links":{"self":[{"href":"https:\/\/namchamvn.com.vn\/en\/wp-json\/wp\/v2\/product\/1709"}],"collection":[{"href":"https:\/\/namchamvn.com.vn\/en\/wp-json\/wp\/v2\/product"}],"about":[{"href":"https:\/\/namchamvn.com.vn\/en\/wp-json\/wp\/v2\/types\/product"}],"replies":[{"embeddable":true,"href":"https:\/\/namchamvn.com.vn\/en\/wp-json\/wp\/v2\/comments?post=1709"}],"wp:featuredmedia":[{"embeddable":true,"href":"https:\/\/namchamvn.com.vn\/en\/wp-json\/wp\/v2\/media\/1452"}],"wp:attachment":[{"href":"https:\/\/namchamvn.com.vn\/en\/wp-json\/wp\/v2\/media?parent=1709"}],"wp:term":[{"taxonomy":"product_cat","embeddable":true,"href":"https:\/\/namchamvn.com.vn\/en\/wp-json\/wp\/v2\/product_cat?post=1709"},{"taxonomy":"product_tag","embeddable":true,"href":"https:\/\/namchamvn.com.vn\/en\/wp-json\/wp\/v2\/product_tag?post=1709"}],"curies":[{"name":"wp","href":"https:\/\/api.w.org\/{rel}","templated":true}]}}