{"id":1723,"date":"2016-10-11T10:08:14","date_gmt":"2016-10-11T10:08:14","guid":{"rendered":"https:\/\/namchamvn.com.vn\/san-pham\/nam-cham-hinh-bac-dan\/?lang=en"},"modified":"2025-10-03T11:12:48","modified_gmt":"2025-10-03T04:12:48","slug":"nam-cham-bac-dan","status":"publish","type":"product","link":"https:\/\/namchamvn.com.vn\/en\/san-pham\/nam-cham-bac-dan","title":{"rendered":"Nam ch\u00e2m b\u1ea1c \u0111\u1ea1n TTVM &#8211; Tr\u1ee3 th\u1ee7 \u0111\u1eafc l\u1ef1c l\u1ecdc s\u1eaft t\u1ed1i \u01b0u c\u1ee7a ng\u00e0nh th\u1ee9c \u0103n ch\u0103n nu\u00f4i"},"content":{"rendered":"<p style=\"text-align: justify;\"><strong>Nam ch\u00e2m b\u1ea1c \u0111\u1ea1n<\/strong> l\u00e0 m\u1ed9t trong nh\u1eefng ph\u01b0\u01a1ng ph\u00e1p l\u1ecdc t\u00e1ch s\u1eaft hi\u1ec7u qu\u1ea3, \u0111\u01b0\u1ee3c \u1ee9ng d\u1ee5ng trong nhi\u1ec1u ng\u00e0nh s\u1ea3n xu\u1ea5t. V\u1eady ph\u01b0\u01a1ng ph\u00e1p n\u00e0y c\u00f3 g\u00ec \u1ea5n t\u01b0\u1ee3ng, hi\u1ec7u qu\u1ea3 l\u1ecdc t\u00e1ch s\u1eaft c\u00f3 tri\u1ec7t \u0111\u1ec3 hay kh\u00f4ng\u2026 C\u00f9ng T&amp;T t\u00ecm hi\u1ec3u k\u1ef9 h\u01a1n trong b\u00e0i vi\u1ebft n\u00e0y nh\u00e9!<\/p>\n<h2 style=\"text-align: justify;\"><span style=\"color: #008000;\">1. C\u1ea5u t\u1ea1o c\u1ee7a nam ch\u00e2m b\u1ea1c \u0111\u1ea1n\u00a0<\/span><\/h2>\n<p style=\"text-align: justify;\">Nam ch\u00e2m b\u1ea1c \u0111\u1ea1n (nam ch\u00e2m l\u1ecdc s\u1eaft h\u00ecnh h\u1ecfa ti\u1ec5n) c\u00f3 c\u1ea5u t\u1ea1o g\u1ed3m 2 b\u1ed9 ph\u1eadn:<\/p>\n<ul style=\"text-align: justify;\">\n<li aria-level=\"1\"><strong>L\u00f5i t\u1eeb:<\/strong> C\u00f3 d\u1ea1ng h\u00ecnh tr\u00f2n\/n\u00f3n, \u0111\u01b0\u1ee3c l\u00e0m t\u1eeb nam ch\u00e2m ferrite ho\u1eb7c nam ch\u00e2m \u0111\u1ea5t hi\u1ebfm t\u00f9y v\u00e0o \u0111i\u1ec1u ki\u1ec7n s\u1eed d\u1ee5ng. B\u00ean ngo\u00e0i \u0111\u01b0\u1ee3c b\u1ea3o v\u1ec7 b\u1eb1ng v\u1ecf inox 304.<\/li>\n<li aria-level=\"1\"><strong>V\u1ecf:<\/strong> V\u1ecf \u0111\u01b0\u1ee3c thi\u1ebft k\u1ebf b\u1eb1ng inox nh\u1eb1m \u0111\u1ea3m b\u1ea3o v\u1ec7 sinh an to\u00e0n th\u1ef1c ph\u1ea9m.<\/li>\n<\/ul>\n<div id=\"attachment_5304\" style=\"width: 880px\" class=\"wp-caption aligncenter\"><img loading=\"lazy\" decoding=\"async\" aria-describedby=\"caption-attachment-5304\" class=\"size-full wp-image-5304\" src=\"https:\/\/namchamvn.com.vn\/wp-content\/uploads\/2016\/10\/cau-tao-cua-nam-cham-bac-dan.jpg\" alt=\"cau-tao-cua-nam-cham-bac-dan\" width=\"870\" height=\"580\" srcset=\"https:\/\/namchamvn.com.vn\/wp-content\/uploads\/2016\/10\/cau-tao-cua-nam-cham-bac-dan.jpg 870w, https:\/\/namchamvn.com.vn\/wp-content\/uploads\/2016\/10\/cau-tao-cua-nam-cham-bac-dan-300x200.jpg 300w, https:\/\/namchamvn.com.vn\/wp-content\/uploads\/2016\/10\/cau-tao-cua-nam-cham-bac-dan-768x512.jpg 768w, https:\/\/namchamvn.com.vn\/wp-content\/uploads\/2016\/10\/cau-tao-cua-nam-cham-bac-dan-600x400.jpg 600w\" sizes=\"(max-width: 870px) 100vw, 870px\" \/><p id=\"caption-attachment-5304\" class=\"wp-caption-text\">Nam ch\u00e2m h\u00ecnh b\u1ea1c \u0111\u1ea1n c\u00f3 thi\u1ebft k\u1ebf \u0111\u1eb7c th\u00f9, d\u1ec5 nh\u1eadn di\u1ec7n<\/p><\/div>\n<h2 style=\"text-align: justify;\"><span style=\"color: #008000;\">2. L\u1ef1c t\u1eeb c\u1ee7a nam ch\u00e2m h\u1ecfa ti\u1ec5n\u00a0<\/span><\/h2>\n<p style=\"text-align: justify;\">Th\u00f4ng th\u01b0\u1eddng, l\u1ef1c t\u1eeb c\u1ee7a nam ch\u00e2m h\u1ecfa ti\u1ec5n giao \u0111\u1ed9ng t\u1eeb 1.000 &#8211; 10.000 Gauss. T\u00f9y v\u00e0o nhu c\u1ea7u l\u1ecdc t\u00e1ch s\u1eaft c\u1ee7a kh\u00e1ch h\u00e0ng, T&amp;T s\u1ebd t\u01b0 v\u1ea5n c\u1ee5 th\u1ec3 v\u1ec1 l\u1ef1c t\u1eeb c\u1ee7a nam ch\u00e2m.<\/p>\n<h2 style=\"text-align: justify;\"><span style=\"color: #008000;\">3. \u01afu v\u00e0 nh\u01b0\u1ee3c \u0111i\u1ec3m c\u1ee7a s\u1ea3n ph\u1ea9m\u00a0<\/span><\/h2>\n<p style=\"text-align: justify;\">L\u00e0 s\u1ea3n ph\u1ea9m quen thu\u1ed9c, th\u01b0\u1eddng xu\u1ea5t hi\u1ec7n trong c\u00e1c c\u00f4ng ty ch\u1ebf bi\u1ebfn th\u1ee9c \u0103n ch\u0103n nu\u00f4i, xay x\u00e1t\u2026 Li\u1ec7u nam ch\u00e2m b\u1ea1c \u0111\u1ea1n c\u00f3 th\u1ef1c s\u1ef1 t\u1ed1i \u01b0u? D\u01b0\u1edbi \u0111\u00e2y l\u00e0 nh\u1eefng \u01b0u v\u00e0 nh\u01b0\u1ee3c \u0111i\u1ec3m c\u1ee7a s\u1ea3n ph\u1ea9m n\u00e0y:<\/p>\n<ul style=\"text-align: justify;\">\n<li aria-level=\"1\"><strong>\u01afu \u0111i\u1ec3m:<\/strong> L\u1ef1c t\u1eeb ph\u00e2n b\u1ed1 \u0111\u1ec1u, kh\u00f4ng ti\u00eau hao n\u0103ng l\u01b0\u1ee3ng khi v\u1eadn h\u00e0nh.<\/li>\n<li aria-level=\"1\"><strong>Nh\u01b0\u1ee3c \u0111i\u1ec3m:<\/strong> Kh\u00e2u v\u1ec7 sinh l\u00f5i t\u1eeb m\u1ea5t nhi\u1ec1u th\u1eddi gian.<\/li>\n<\/ul>\n<h2 style=\"text-align: justify;\"><span style=\"color: #008000;\">4. Nam ch\u00e2m b\u1ea1c \u0111\u1ea1n \u0111\u01b0\u1ee3c \u1ee9ng d\u1ee5ng trong ng\u00e0nh s\u1ea3n xu\u1ea5t n\u00e0o?\u00a0<\/span><\/h2>\n<p style=\"text-align: justify;\">Nam ch\u00e2m l\u1ecdc s\u1eaft h\u00ecnh h\u1ecfa ti\u1ec5n \u1ee9ng d\u1ee5ng hi\u1ec7u qu\u1ea3 trong vi\u1ec7c lo\u1ea1i b\u1ecf c\u00e1c ph\u1ea7n t\u1eed kim lo\u1ea1i s\u1eaft ra kh\u1ecfi d\u00f2ng ch\u1ea3y c\u1ee7a c\u00e1c s\u1ea3n ph\u1ea9m d\u1ea1ng h\u1ea1t. S\u1ea3n ph\u1ea9m n\u00e0y th\u00f4ng th\u01b0\u1eddng \u0111\u01b0\u1ee3c thi\u1ebft k\u1ebf v\u00e0 l\u1eafp \u0111\u1eb7t trong c\u00e1c \u0111\u01b0\u1eddng \u1ed1ng d\u1eabn.<\/p>\n<div id=\"attachment_7386\" style=\"width: 880px\" class=\"wp-caption aligncenter\"><img loading=\"lazy\" decoding=\"async\" aria-describedby=\"caption-attachment-7386\" class=\"size-full wp-image-7386\" src=\"https:\/\/namchamvn.com.vn\/wp-content\/uploads\/2016\/10\/nam-cham-bac-dan-duoc-su-dung-nhieu.jpg\" alt=\"nam ch\u00e2m b\u1ea1c \u0111\u1ea1n \u0111\u01b0\u1ee3c s\u1eed d\u1ee5ng nhi\u1ec1u\" width=\"870\" height=\"580\" srcset=\"https:\/\/namchamvn.com.vn\/wp-content\/uploads\/2016\/10\/nam-cham-bac-dan-duoc-su-dung-nhieu.jpg 870w, https:\/\/namchamvn.com.vn\/wp-content\/uploads\/2016\/10\/nam-cham-bac-dan-duoc-su-dung-nhieu-300x200.jpg 300w, https:\/\/namchamvn.com.vn\/wp-content\/uploads\/2016\/10\/nam-cham-bac-dan-duoc-su-dung-nhieu-768x512.jpg 768w, https:\/\/namchamvn.com.vn\/wp-content\/uploads\/2016\/10\/nam-cham-bac-dan-duoc-su-dung-nhieu-600x400.jpg 600w\" sizes=\"(max-width: 870px) 100vw, 870px\" \/><p id=\"caption-attachment-7386\" class=\"wp-caption-text\"><em>Nam ch\u00e2m b\u1ea1c \u0111\u1ea1n \u0111\u01b0\u1ee3c \u1ee9ng d\u1ee5ng trong nhi\u1ec1u ng\u00e0nh s\u1ea3n xu\u1ea5t<\/em><\/p><\/div>\n<p style=\"text-align: justify;\">Khi nguy\u00ean li\u1ec7u \u0111i qua nam ch\u00e2m h\u00ecnh vi\u00ean \u0111\u1ea1n, b\u1ec1 m\u1eb7t t\u1eeb tr\u01b0\u1eddng c\u1ef1c m\u1ea1nh s\u1ebd gi\u1eef l\u1ea1i c\u00e1c t\u1ea1p ch\u1ea5t c\u00f3 ch\u1ee9a s\u1eaft. T\u1eeb \u0111\u00f3, b\u1ea3o v\u1ec7 nh\u1eefng thi\u1ebft b\u1ecb \u0111\u1eaft ti\u1ec1n nh\u01b0 m\u00e1y tr\u1ed9n, m\u00e1y nghi\u1ec1n.<\/p>\n<p style=\"text-align: justify;\">Do \u0111\u00f3, s\u1ea3n ph\u1ea9m \u0111\u01b0\u1ee3c \u1ee9ng d\u1ee5ng nhi\u1ec1u trong ng\u00e0nh s\u1ea3n xu\u1ea5t th\u1ee9c \u0103n ch\u0103n nu\u00f4i, ng\u00e0nh ch\u1ebf bi\u1ebfn v\u00e0 xay x\u00e1t b\u1ed9t, ng\u00e0nh ch\u1ebf bi\u1ebfn c\u00e1c lo\u1ea1i h\u1ea1t.<\/p>\n<h2 style=\"text-align: justify;\"><span style=\"color: #008000;\">5. C\u00f4ng ty T&amp;T &#8211; \u0110\u01a1n v\u1ecb h\u00e0ng \u0111\u1ea7u cung c\u1ea5p nam ch\u00e2m b\u1ea1c \u0111\u1ea1n l\u1ecdc t\u00e1ch s\u1eaft<\/span><\/h2>\n<p style=\"text-align: justify;\">L\u00e0 m\u1ed9t trong nh\u1eefng \u0111\u01a1n v\u1ecb ti\u00ean phong trong l\u0129nh v\u1ef1c s\u1ea3n xu\u1ea5t, cung c\u1ea5p c\u00e1c ph\u01b0\u01a1ng ph\u00e1p l\u1ecdc t\u00e1ch s\u1eaft cho c\u00e1c c\u00f4ng ty, nh\u00e0 x\u01b0\u1edfng tr\u00ean \u0111\u1ecba b\u00e0n c\u1ea3 n\u01b0\u1edbc. T&amp;T lu\u00f4n n\u1ed7 l\u1ef1c nghi\u00ean c\u1ee9u, ph\u00e1t tri\u1ec3n nh\u1eefng s\u1ea3n ph\u1ea9m ch\u1ea5t l\u01b0\u1ee3ng nh\u1ea5t d\u00e0nh cho kh\u00e1ch h\u00e0ng, \u0111\u1ed1i t\u00e1c.<\/p>\n<p style=\"text-align: justify;\">H\u01a1n 14 n\u0103m kinh nghi\u1ec7m trong ng\u00e0nh, T&amp;T t\u1ef1 tin \u0111em \u0111\u1ebfn gi\u1ea3i ph\u00e1p l\u1ecdc t\u00e1ch s\u1eaft b\u1eb1ng nam ch\u00e2m b\u1ea1c \u0111\u1ea1n uy t\u00edn cho kh\u00e1ch h\u00e0ng. \u0110\u1ec3 nh\u1eadn \u0111\u01b0\u1ee3c b\u00e1o gi\u00e1 chi ti\u1ebft cho s\u1ea3n ph\u1ea9m, qu\u00fd kh\u00e1ch c\u00f3 th\u1ec3 li\u00ean h\u1ec7 v\u1edbi T&amp;T qua Hotline: 1800.6355.<\/p>\n<div id=\"attachment_7384\" style=\"width: 880px\" class=\"wp-caption aligncenter\"><img loading=\"lazy\" decoding=\"async\" aria-describedby=\"caption-attachment-7384\" class=\"size-full wp-image-7384\" src=\"https:\/\/namchamvn.com.vn\/wp-content\/uploads\/2016\/10\/cong-ty-cung-cap-nam-cham-bac-dan.jpg\" alt=\"c\u00f4ng ty cung c\u1ea5p nam ch\u00e2m b\u1ea1c \u0111\u1ea1n\" width=\"870\" height=\"580\" srcset=\"https:\/\/namchamvn.com.vn\/wp-content\/uploads\/2016\/10\/cong-ty-cung-cap-nam-cham-bac-dan.jpg 870w, https:\/\/namchamvn.com.vn\/wp-content\/uploads\/2016\/10\/cong-ty-cung-cap-nam-cham-bac-dan-300x200.jpg 300w, https:\/\/namchamvn.com.vn\/wp-content\/uploads\/2016\/10\/cong-ty-cung-cap-nam-cham-bac-dan-768x512.jpg 768w, https:\/\/namchamvn.com.vn\/wp-content\/uploads\/2016\/10\/cong-ty-cung-cap-nam-cham-bac-dan-600x400.jpg 600w\" sizes=\"(max-width: 870px) 100vw, 870px\" \/><p id=\"caption-attachment-7384\" class=\"wp-caption-text\"><em>Chi ph\u00ed c\u1ee7a nam ch\u00e2m h\u1ecfa ti\u1ec5n l\u1ecdc s\u1eaft t\u1ea1i T&amp;T lu\u00f4n \u1edf m\u1ee9c t\u1ed1i \u01b0u cho kh\u00e1ch h\u00e0ng<\/em><\/p><\/div>\n<p style=\"text-align: justify;\">\u0110\u1eb7c bi\u1ec7t, T&amp;T lu\u00f4n cam k\u1ebft v\u1ec1 ch\u1ea5t l\u01b0\u1ee3ng s\u1ea3n ph\u1ea9m c\u0169ng nh\u01b0 c\u00e1c d\u1ecbch v\u1ee5 ch\u0103m s\u00f3c kh\u00e1ch h\u00e0ng, h\u1eadu m\u00e3i. V\u00ec v\u1eady, khi \u0111\u1ebfn v\u1edbi T&amp;T, qu\u00fd kh\u00e1ch s\u1ebd lu\u00f4n \u0111\u01b0\u1ee3c tr\u1ea3i nghi\u1ec7m:<\/p>\n<ul style=\"text-align: justify;\">\n<li aria-level=\"1\">Lu\u00f4n \u0111a d\u1ea1ng k\u00edch th\u01b0\u1edbc, l\u1ef1c t\u1eeb c\u1ee7a nam ch\u00e2m.<\/li>\n<li aria-level=\"1\">Th\u1eddi gian b\u1ea3o h\u00e0nh l\u00ean \u0111\u1ebfn 36 th\u00e1ng, 1 \u0111\u1ed5i 1 n\u1ebfu kh\u00f4ng \u0111\u1ea1t hi\u1ec7u qu\u1ea3 nh\u01b0 cam k\u1ebft.<\/li>\n<li aria-level=\"1\">T\u00ednh hi\u1ec7u qu\u1ea3 s\u1eed d\u1ee5ng v\u00ec kh\u1ea3 n\u0103ng l\u1ecdc t\u00e1ch tri\u1ec7t \u0111\u1ec3 l\u00ean \u0111\u1ebfn 99%.<\/li>\n<\/ul>\n<p style=\"text-align: justify;\"><strong>Nam ch\u00e2m b\u1ea1c \u0111\u1ea1n <\/strong>hi\u1ec7n nay \u0111ang nh\u1eadn \u0111\u01b0\u1ee3c nhi\u1ec1u s\u1ef1 \u0111\u00f3n nh\u1eadn c\u1ee7a c\u1ee7a kh\u00e1ch h\u00e0ng, \u0111\u1ed1i t\u00e1c. M\u1ed7i ng\u00e0nh s\u1ea3n xu\u1ea5t, d\u00e2y chuy\u1ec1n, quy m\u00f4 c\u1ee7a c\u00f4ng ty s\u1ebd ph\u00f9 h\u1ee3p v\u1edbi nam ch\u00e2m h\u00ecnh b\u1ea1c \u0111\u1ea1n v\u1edbi l\u1ef1c t\u1eeb kh\u00e1c nhau. \u0110\u1ec3 ch\u1ecdn s\u1ea3n ph\u1ea9m ph\u00f9 h\u1ee3p, qu\u00fd kh\u00e1ch vui l\u00f2ng li\u00ean h\u1ec7 v\u1edbi T&amp;T theo th\u00f4ng tin d\u01b0\u1edbi \u0111\u00e2y \u0111\u1ec3 \u0111\u01b0\u1ee3c t\u01b0 v\u1ea5n c\u1ee5 th\u1ec3 nh\u1ea5t!<\/p>\n<p style=\"text-align: justify;\"><strong>TH\u00d4NG TIN CHI TI\u1ebeT:<\/strong><\/p>\n<p style=\"text-align: justify;\"><span style=\"color: #008000;\"><strong>C\u00d4NG TY CP XNK V\u1eacT T\u01af M\u00c1Y M\u00d3C T&amp;T<\/strong><\/span><\/p>\n<p style=\"text-align: justify;\"><strong>Tr\u1ee5 s\u1edf ch\u00ednh:<\/strong> S\u1ed1 602, T\u00f2a nh\u00e0 CT1, Ph\u1ed1 \u0110\u1ed7 Nhu\u1eadn, Ph\u01b0\u1eddng Xu\u00e2n \u0110\u1ec9nh, Q. B\u1eafc T\u1eeb Li\u00eam, H\u00e0 N\u1ed9i<\/p>\n<p style=\"text-align: justify;\"><strong>VP HCM:<\/strong> 1073\/63B C\u00e1ch M\u1ea1ng Th\u00e1ng T\u00e1m, Ph\u01b0\u1eddng T\u00e2n S\u01a1n Nh\u1ea5t, HCM<\/p>\n<p style=\"text-align: justify;\"><strong>Kho:<\/strong> S\u1ed1 9 Th\u1ee5y Ph\u01b0\u01a1ng, P. \u0110\u00f4ng Ng\u1ea1c, Q. B\u1eafc T\u1eeb Li\u00eam, TP. H\u00e0 N\u1ed9i<\/p>\n<p style=\"text-align: justify;\"><strong>\u0110i\u1ec7n tho\u1ea1i:<\/strong> (+84) 47305 6699<\/p>\n<p style=\"text-align: justify;\"><strong>Hotline\/Zalo: <\/strong>0937.813.868 (24\/7)<\/p>\n<p style=\"text-align: center;\"><span style=\"color: #008000;\"><em><strong>Nam Ch\u00e2m Thanh \u2013 Nam Ch\u00e2m L\u01b0\u1edbi TTVM \u2013 L\u1ecdc S\u1eaft Hi\u1ec7u Qu\u1ea3 \u2013 T\u1eeb T\u00ednh B\u1ec1n L\u00e2u!\u00a0<\/strong><\/em><\/span><\/p>\n","protected":false},"excerpt":{"rendered":"<p>Nam ch\u00e2m b\u1ea1c \u0111\u1ea1n l\u00e0 m\u1ed9t trong nh\u1eefng ph\u01b0\u01a1ng ph\u00e1p l\u1ecdc t\u00e1ch s\u1eaft hi\u1ec7u qu\u1ea3, \u0111\u01b0\u1ee3c \u1ee9ng d\u1ee5ng trong nhi\u1ec1u ng\u00e0nh s\u1ea3n xu\u1ea5t. V\u1eady ph\u01b0\u01a1ng ph\u00e1p n\u00e0y c\u00f3 g\u00ec \u1ea5n t\u01b0\u1ee3ng, hi\u1ec7u qu\u1ea3 l\u1ecdc t\u00e1ch s\u1eaft c\u00f3 tri\u1ec7t \u0111\u1ec3 hay kh\u00f4ng\u2026 C\u00f9ng T&amp;T t\u00ecm hi\u1ec3u k\u1ef9 h\u01a1n trong b\u00e0i vi\u1ebft n\u00e0y nh\u00e9! 1. C\u1ea5u t\u1ea1o [&hellip;]<\/p>\n","protected":false},"featured_media":7865,"comment_status":"open","ping_status":"closed","template":"","meta":{"rank_math_lock_modified_date":false},"product_cat":[308],"product_tag":[309,310,311,312,313],"class_list":{"0":"post-1723","1":"product","2":"type-product","3":"status-publish","4":"has-post-thumbnail","6":"product_cat-magnetic-bullet-magnet","7":"product_tag-nam-cham-bac-dan-en","8":"product_tag-nam-cham-trong-ong-lieu-en","9":"product_tag-nam-cham-tach-sat-en","10":"product_tag-nam-cham-loc-sat-trong-ong-en","11":"product_tag-nam-cham-loc-sat-en","13":"first","14":"instock","15":"shipping-taxable","16":"product-type-simple"},"_links":{"self":[{"href":"https:\/\/namchamvn.com.vn\/en\/wp-json\/wp\/v2\/product\/1723"}],"collection":[{"href":"https:\/\/namchamvn.com.vn\/en\/wp-json\/wp\/v2\/product"}],"about":[{"href":"https:\/\/namchamvn.com.vn\/en\/wp-json\/wp\/v2\/types\/product"}],"replies":[{"embeddable":true,"href":"https:\/\/namchamvn.com.vn\/en\/wp-json\/wp\/v2\/comments?post=1723"}],"wp:featuredmedia":[{"embeddable":true,"href":"https:\/\/namchamvn.com.vn\/en\/wp-json\/wp\/v2\/media\/7865"}],"wp:attachment":[{"href":"https:\/\/namchamvn.com.vn\/en\/wp-json\/wp\/v2\/media?parent=1723"}],"wp:term":[{"taxonomy":"product_cat","embeddable":true,"href":"https:\/\/namchamvn.com.vn\/en\/wp-json\/wp\/v2\/product_cat?post=1723"},{"taxonomy":"product_tag","embeddable":true,"href":"https:\/\/namchamvn.com.vn\/en\/wp-json\/wp\/v2\/product_tag?post=1723"}],"curies":[{"name":"wp","href":"https:\/\/api.w.org\/{rel}","templated":true}]}}