{"id":1731,"date":"2016-10-11T09:54:36","date_gmt":"2016-10-11T09:54:36","guid":{"rendered":"https:\/\/namchamvn.com.vn\/san-pham\/nam-cham-luoi\/?lang=en"},"modified":"2024-10-02T23:48:41","modified_gmt":"2024-10-02T16:48:41","slug":"nam-cham-luoi","status":"publish","type":"product","link":"https:\/\/namchamvn.com.vn\/en\/san-pham\/nam-cham-luoi","title":{"rendered":"Nam Ch\u00e2m Thanh &#8211; Nam Ch\u00e2m L\u01b0\u1edbi"},"content":{"rendered":"<p style=\"text-align: justify;\"><span style=\"color: #000000;\">Gi\u1ea3i ph\u00e1p l\u1ecdc t\u00e1ch s\u1eaft s\u1eed d\u1ee5ng <a style=\"color: #000000;\" href=\"https:\/\/namchamvn.com.vn\/?attachment_id=5050&#038;lang=en\">nam ch\u00e2m thanh<\/a> \u2013 nam ch\u00e2m l\u01b0\u1edbi \u0111\u01b0\u1ee3c r\u1ea5t nhi\u1ec1u kh\u00e1ch h\u00e0ng c\u1ee7a T&amp;T l\u1ef1a ch\u1ecdn b\u1edfi chi ph\u00ed ph\u1ea3i ch\u0103ng, hi\u1ec7u qu\u1ea3 t\u00e1ch s\u1eaft t\u1ed1i \u01b0u trong nh\u1eefng \u0111i\u1ec1u ki\u1ec7n s\u1eed d\u1ee5ng nh\u1ea5t \u0111\u1ecbnh, c\u0169ng nh\u01b0 thu\u1eadn ti\u1ec7n khi thao t\u00e1c v\u1ec7 sinh.<\/span><\/p>\n<p style=\"text-align: justify;\"><span style=\"color: #000000;\">Tr\u1ea3i qua 13 n\u0103m t\u1ed3n t\u1ea1i v\u00e0 ph\u00e1t tri\u1ec3n tr\u00ean th\u1ecb tr\u01b0\u1eddng, hi\u1ec7n t\u1ea1i T&amp;T c\u00f3 \u0111\u1ebfn 10 gi\u1ea3i ph\u00e1p \u0111\u1ec3 l\u1ecdc t\u00e1ch t\u1ea1p ch\u1ea5t m\u1ed9t c\u00e1ch hi\u1ec7u qu\u1ea3 v\u00e0 ph\u00f9 h\u1ee3p v\u1edbi t\u1eebng nhu c\u1ea7u kh\u00e1c nhau c\u1ee7a kh\u00e1ch h\u00e0ng. N\u1ebfu nh\u01b0 <a style=\"color: #000000;\" href=\"https:\/\/namchamvn.com.vn\/san-pham\/nam-cham-phang-flating-magnet\">nam ch\u00e2m ph\u1eb3ng<\/a>, nam ch\u00e2m \u0111i\u1ec7n \u0111\u01b0\u1ee3c treo b\u00ean tr\u00ean b\u1ec1 m\u1eb7t v\u1eadt li\u1ec7u \u0111em l\u1ea1i nh\u1eefng hi\u1ec7u qu\u1ea3 ngo\u00e0i mong \u0111\u1ee3i v\u1ec1 kh\u1ea3 n\u0103ng h\u00fat s\u1ea1ch t\u1ea1p ch\u1ea5t c\u00f3 t\u1eeb t\u00ednh th\u00ec v\u1edbi nh\u1eefng li\u1ec7u n\u1eb1m trong c\u00e1c \u1ed1ng d\u1eabn hay ph\u1ec5u c\u1ea5p, vi\u1ec7c \u0111\u1eb7t nam ch\u00e2m d\u1ea1ng kh\u1ed1i t\u1ea1i v\u1ecb tr\u00ed n\u00e0y g\u1ea7n nh\u01b0 l\u00e0 kh\u00f4ng th\u1ec3. Ph\u01b0\u01a1ng \u00e1n m\u00e0 T&amp;T sau nhi\u1ec1u th\u1eddi gian nghi\u00ean c\u1ee9u v\u00e0 th\u1ef1c nghi\u1ec7m th\u00ec c\u00e1c t\u1ea5m hay thanh nam ch\u00e2m c\u00f3 ti\u1ebft di\u1ec7n nh\u1ecf h\u01a1n l\u00e0 ph\u00f9 h\u1ee3p trong tr\u01b0\u1eddng h\u1ee3p n\u00e0y, ph\u01b0\u01a1ng ph\u00e1p n\u00e0y \u0111\u00e3 v\u00e0 \u0111ang \u0111\u01b0\u1ee3c r\u1ea5t nhi\u1ec1u c\u00e1c kh\u00e1ch h\u00e0ng c\u1ee7a ch\u00fang t\u00f4i tin d\u00f9ng.<\/span><\/p>\n<p style=\"text-align: justify;\"><img loading=\"lazy\" decoding=\"async\" class=\"aligncenter wp-image-5052 size-full\" title=\"Nam Ch\u00e2m Thanh\" src=\"https:\/\/namchamvn.com.vn\/wp-content\/uploads\/2016\/10\/Nam-Cham-Thanh.png\" alt=\"Nam Ch\u00e2m Thanh\" width=\"630\" height=\"412\" srcset=\"https:\/\/namchamvn.com.vn\/wp-content\/uploads\/2016\/10\/Nam-Cham-Thanh.png 630w, https:\/\/namchamvn.com.vn\/wp-content\/uploads\/2016\/10\/Nam-Cham-Thanh-600x392.png 600w, https:\/\/namchamvn.com.vn\/wp-content\/uploads\/2016\/10\/Nam-Cham-Thanh-300x196.png 300w\" sizes=\"(max-width: 630px) 100vw, 630px\" \/><img loading=\"lazy\" decoding=\"async\" class=\"aligncenter wp-image-5050 size-full\" title=\"Nam Ch\u00e2m L\u01b0\u1edbi\" src=\"https:\/\/namchamvn.com.vn\/wp-content\/uploads\/2016\/10\/Nam-Cham-Luoi.png\" alt=\"Nam Ch\u00e2m L\u01b0\u1edbi\" width=\"630\" height=\"412\" srcset=\"https:\/\/namchamvn.com.vn\/wp-content\/uploads\/2016\/10\/Nam-Cham-Luoi.png 630w, https:\/\/namchamvn.com.vn\/wp-content\/uploads\/2016\/10\/Nam-Cham-Luoi-600x392.png 600w, https:\/\/namchamvn.com.vn\/wp-content\/uploads\/2016\/10\/Nam-Cham-Luoi-300x196.png 300w\" sizes=\"(max-width: 630px) 100vw, 630px\" \/><img loading=\"lazy\" decoding=\"async\" class=\"aligncenter wp-image-5048 size-full\" title=\"Nam Ch\u00e2m Thanh - Nam Ch\u00e2m L\u01b0\u1edbi\" src=\"https:\/\/namchamvn.com.vn\/wp-content\/uploads\/2016\/10\/Nam-Cham-Luoi-2.png\" alt=\"Nam Ch\u00e2m Thanh - Nam Ch\u00e2m L\u01b0\u1edbi\" width=\"630\" height=\"412\" srcset=\"https:\/\/namchamvn.com.vn\/wp-content\/uploads\/2016\/10\/Nam-Cham-Luoi-2.png 630w, https:\/\/namchamvn.com.vn\/wp-content\/uploads\/2016\/10\/Nam-Cham-Luoi-2-600x392.png 600w, https:\/\/namchamvn.com.vn\/wp-content\/uploads\/2016\/10\/Nam-Cham-Luoi-2-300x196.png 300w\" sizes=\"(max-width: 630px) 100vw, 630px\" \/><\/p>\n<h2><span style=\"font-size: 12pt; color: #008000;\"><strong>C\u00d9NG T&amp;T \u0110I S\u00c2U H\u01a0N V\u1ec0 \u0110\u1eb6C T\u00cdNH C\u1ee6A NAM THANH &#8211; NAM CH\u00c2M L\u01af\u1edaI:<\/strong><\/span><\/h2>\n<ul>\n<li style=\"text-align: justify;\"><span style=\"color: #000000;\"><strong>C\u1ea5u t\u1ea1o<\/strong>: Nam ch\u00e2m \u0111\u01b0\u1ee3c c\u1ea5u t\u1ea1o b\u1eb1ng nhi\u1ec1u vi\u00ean nam ch\u00e2m \u0111\u1ea5t hi\u1ebfm(NdFeB) gh\u00e9p l\u1ea1i v\u1edbi nhau t\u1ea1o th\u00e0nh m\u1ed9t kh\u1ed1i h\u00ecnh tr\u1ee5 tr\u00f2n v\u00e0 t\u1eeb c\u00e1c kh\u1ed1i n\u00e0y s\u1ebd \u0111\u01b0\u1ee3c k\u1ef9 thu\u1eadt c\u1ee7a T&amp;T ch\u1ebf t\u1ea1o \u0111\u1ec3 g\u1eafn k\u1ebft l\u1ea1i th\u00e0nh nam ch\u00e2m d\u1ea1ng l\u01b0\u1edbi \u0111\u1eb7t trong \u1ed1ng d\u1eabn li\u1ec7u, b\u00ean ngo\u00e0i nam ch\u00e2m \u0111\u01b0\u1ee3c b\u1ea3o v\u1ec7 b\u1edfi l\u1edbp v\u1ecf l\u00e0m b\u1eb1ng inox 304 ch\u1ea5t l\u01b0\u1ee3ng cao gi\u00fap b\u1ea3o v\u1ec7 nam ch\u00e2m v\u00e0 t\u0103ng tu\u1ed5i th\u1ecd s\u1eed d\u1ee5ng.<\/span><\/li>\n<li style=\"text-align: justify;\"><span style=\"color: #000000;\"><strong>L\u1ef1c t\u1eeb:<\/strong> C\u00f3 r\u1ea5t nhi\u1ec1u k\u00edch th\u01b0\u1edbc v\u00e0 l\u1ef1c t\u1eeb kh\u00e1c nhau \u0111\u1ec3 ph\u00f9 h\u1ee3p v\u1edbi m\u1ecdi nhu c\u1ea7u s\u1eed d\u1ee5ng c\u1ee7a kh\u00e1ch h\u00e0ng. Hi\u1ec7n nay, Ch\u00fang t\u00f4i c\u00f3 c\u00e1c lo\u1ea1i l\u1ef1c t\u1eeb sau: 3000 Gauss, 5000 Gauss, 7000 Gauss, 9000 Gauss, 12000 Gauss\u2026<\/span><\/li>\n<li style=\"text-align: justify;\"><span style=\"color: #000000;\"><strong>C\u00e1ch s\u1eed d\u1ee5ng:<\/strong> Nam ch\u00e2m thanh &#8211; <a style=\"color: #000000;\" href=\"https:\/\/namchamvn.com.vn\/?attachment_id=5050&#038;lang=en\">Nam ch\u00e2m l\u01b0\u1edbi<\/a> th\u01b0\u1eddng \u0111\u01b0\u1ee3c \u0111\u1eb7t trong c\u00e1c \u1ed1ng d\u1eabn li\u1ec7u, ph\u1ec5u c\u1ea5p li\u1ec7u c\u1ee7a x\u01b0\u1edfng s\u1ea3n xu\u1ea5t, nh\u00e0 m\u00e1y s\u1ea3n xu\u1ea5t. V\u1eadt li\u1ec7u ch\u1ea3y qua b\u1ed9 nam ch\u00e2m n\u1ebfu c\u00f3 s\u1eaft (v\u1eadt c\u00f3 t\u1eeb t\u00ednh) s\u1ebd b\u1ecb l\u1ef1c t\u1eeb c\u1ee7a nam ch\u00e2m thanh h\u00fat l\u1ea1i. T\u1eeb \u0111\u00f3 lo\u1ea1i b\u1ecf \u0111\u01b0\u1ee3c t\u1ea1p ch\u1ea5t s\u1eaft ra kh\u1ecfi h\u1ed7n h\u1ee3p v\u1eadt li\u1ec7u. Gi\u00fap b\u1ea3o v\u1ec7 m\u00e1y m\u00f3c v\u00e0 t\u0103ng ch\u1ea5t l\u01b0\u1ee3ng s\u1ea3n ph\u1ea9m.<\/span><\/li>\n<li style=\"text-align: justify;\"><span style=\"color: #000000;\"><strong>\u1ee8ng d\u1ee5ng:<\/strong> Nam ch\u00e2m thanh &#8211; Nam ch\u00e2m l\u01b0\u1edbi c\u00f3 t\u00e1c d\u1ee5ng h\u00fat s\u1eaft ,l\u1ecdc s\u1eaft trong c\u00e1c lo\u1ea1i v\u1eadt li\u1ec7u b\u1ed9t, h\u1ea1t, n\u01b0\u1edbc\u2026Ch\u00ednh v\u00ec v\u1eady nam ch\u00e2m l\u01b0\u1edbi\/thanh \u0111\u01b0\u1ee3c d\u00f9ng ph\u1ed5 bi\u1ebfn trong ng\u00e0nh ch\u1ebf bi\u1ebfn th\u1ee9c \u0103n ch\u0103n nu\u00f4i ,ch\u1ebf bi\u1ebfn n\u00f4ng, l\u00e2m nghi\u1ec7p nh\u01b0 : \u0111\u01b0\u1eddng , caf\u00e9 ,tr\u00e0 ,ti\u00eau, ch\u00e8, g\u1ed7 d\u0103m, b\u1ed9t \u0111\u00e1, g\u1ea1ch men\u2026<\/span><\/li>\n<li style=\"text-align: justify;\"><span style=\"color: #000000;\"><strong>\u01afu \u0111i\u1ec3m:<\/strong> L\u1eafp \u0111\u1eb7t, ho\u1ea1t \u0111\u1ed9ng \u0111\u01a1n gi\u1ea3n. Hi\u1ec7u qu\u1ea3 l\u1ecdc t\u01b0\u01a1ng \u0111\u1ed1i cao m\u00e0 gi\u00e1 th\u00e0nh ph\u1ea3i ch\u0103ng. \u1ee8ng d\u1ee5ng r\u1ed9ng r\u00e3i tr\u00ean th\u1ecb tr\u01b0\u1eddng, tu\u1ed5i th\u1ecd cao. Kh\u00f4ng t\u1ed1n n\u0103ng l\u01b0\u1ee3ng khi v\u1eadn h\u00e0nh.<\/span><\/li>\n<\/ul>\n<p><img loading=\"lazy\" decoding=\"async\" class=\"aligncenter wp-image-5054 size-full\" title=\"\u1ee8ng d\u1ee5ng Nam Ch\u00e2m Thanh - Nam Ch\u00e2m L\u01b0\u1edbi\" src=\"https:\/\/namchamvn.com.vn\/wp-content\/uploads\/2016\/10\/Ung-dung-nam-cham-thanh-nam-cham-luoi.gif\" alt=\"\u1ee8ng d\u1ee5ng Nam Ch\u00e2m Thanh - Nam Ch\u00e2m L\u01b0\u1edbi\" width=\"630\" height=\"412\" \/><\/p>\n<p style=\"text-align: justify;\"><span style=\"color: #000000;\"><strong>Hi\u1ec7n nay, t\u1ea1i c\u00f4ng ty ch\u00fang t\u00f4i \u0111ang c\u00f3 s\u1eb5n r\u1ea5t nhi\u1ec1u k\u00edch th\u01b0\u1edbc nam ch\u00e2m thanh \u0111\u01a1n, nam ch\u00e2m thanh d\u1ea1ng l\u01b0\u1edbi, nam ch\u00e2m thanh v\u1ec7 sinh nhanh, nam ch\u00e2m thanh l\u1ef1c h\u00fat m\u1ea1nh d\u00f9ng trong s\u1ea3n xu\u1ea5t, khai th\u00e1c&#8230; v\u1edbi c\u00e1c \u0111\u1eb7c \u0111i\u1ec3m n\u1ed5i b\u1eadt nh\u01b0:<\/strong><\/span><\/p>\n<ul style=\"text-align: justify;\">\n<li><span style=\"color: #000000;\">K\u00edch th\u01b0\u1edbc theo ti\u00eau chu\u1ea9n: D22, D25, D32,\u2026.<\/span><\/li>\n<li><span style=\"color: #000000;\">Chi\u1ec1u d\u00e0i: T\u1eeb 150 mm \u0111\u1ebfn 1000 mm.<\/span><\/li>\n<li><span style=\"color: #000000;\">L\u1ef1c t\u1eeb m\u1ea1nh: 7000 Gauss, 9000 Gauss,10.000 Gauss,13.000 Gauss \u2026.<\/span><\/li>\n<li><span style=\"color: #000000;\">Thi\u1ebft k\u1ebf ph\u00f9 h\u1ee3p, h\u1ea1n ch\u1ebf hi\u1ec7n t\u01b0\u1ee3ng t\u1eafc ngh\u1ebdn v\u1eadt li\u1ec7u<\/span><\/li>\n<li><span style=\"color: #000000;\">Th\u1eddi gian b\u1ea3o h\u00e0nh l\u00ean \u0111\u1ebfn 12 th\u00e1ng.<\/span><\/li>\n<\/ul>\n<p><iframe loading=\"lazy\" title=\"YouTube video player\" src=\"https:\/\/www.youtube.com\/embed\/jHny8VbU9Uo\" width=\"100%\" height=\"352\" frameborder=\"0\" allowfullscreen=\"allowfullscreen\"><span data-mce-type=\"bookmark\" style=\"display: inline-block; width: 0px; overflow: hidden; line-height: 0;\" class=\"mce_SELRES_start\">\ufeff<\/span><span data-mce-type=\"bookmark\" style=\"display: inline-block; width: 0px; overflow: hidden; line-height: 0;\" class=\"mce_SELRES_start\">\ufeff<\/span><\/iframe><\/p>\n<p><strong>K<span style=\"color: #000000;\">h\u00e1ch h\u00e0ng c\u1ee7a T&amp;T \u0111\u00e3 s\u1eed d\u1ee5ng v\u00e0 \u0111\u00e1nh gi\u00e1 cao v\u1ec1 ch\u1ea5t l\u01b0\u1ee3ng l\u1ecdc s\u1eaft c\u0169ng nh\u01b0 \u0111\u1ed9 b\u1ec1n c\u1ee7a s\u1ea3n ph\u1ea9m T\u1ea1i T&amp;T<\/span><\/strong><\/p>\n<ul>\n<li><span style=\"color: #000000;\">Ch\u00fang t\u00f4i lu\u00f4n t\u01b0 v\u1ea5n gi\u1ea3i ph\u00e1p t\u1ed1t nh\u1ea5t v\u00e0 ph\u00f9 h\u1ee3p nh\u1ea5t cho Qu\u00fd kh\u00e1ch.<\/span><\/li>\n<li><span style=\"color: #000000;\">C\u00e1c ch\u1ebf \u0111\u1ed9 b\u1ea3o h\u00e0nh lu\u00f4n \u0111\u01b0\u1ee3c coi tr\u1ecdng v\u00e0 lu\u00f4n gi\u00e0nh \u01b0u ti\u00ean s\u1ed1 1 \u0111\u1ec3 k\u1ecbp th\u1eddi x\u1eed l\u00fd m\u1ecdi s\u1ef1 c\u1ed1 khi \u0111\u01b0\u1ee3c th\u00f4ng b\u00e1o.<\/span><\/li>\n<li><span style=\"color: #000000;\">Gi\u00e1 th\u00e0nh ph\u1ea3i ch\u0103ng v\u00e0 lu\u00f4n k\u00e8m nhi\u1ec1u \u01b0u \u0111\u00e3i khi mua h\u00e0ng.<\/span><\/li>\n<\/ul>\n<h3><span style=\"font-size: 12pt; color: #008000;\"><strong>NGO\u00c0I S\u1ea2N PH\u1ea8M NAM CH\u00c2M \u0110I\u1ec6N TTVM T&amp;T C\u00d2N CUNG C\u1ea4P C\u00c1C S\u1ea2N PH\u1ea8M L\u1eccC T\u00c1CH S\u1eaeT TR\u00caN M\u1eb6T B\u0102NG T\u1ea2I:<\/strong><\/span><\/h3>\n<p><span style=\"color: #000000;\">1 \u2013 Nam ch\u00e2m Ph\u1eb3ng TTVM:<\/span> <span style=\"color: #ff0000;\"><a style=\"color: #ff0000;\" href=\"https:\/\/namchamvn.com.vn\/san-pham\/nam-cham-phang-flating-magnet\/\">Click \u0111\u1ec3 xem chi ti\u1ebft<\/a><\/span><\/p>\n<p><span style=\"color: #000000;\">2 \u2013 B\u0103ng T\u1ea3i T\u1eeb TTVM:<\/span> <span style=\"color: #ff0000;\"><a style=\"color: #ff0000;\" href=\"https:\/\/namchamvn.com.vn\/nam-cham-loc-tach-sat\/bang-tai-tu?lang=en\">Click \u0111\u1ec3 xem chi ti\u1ebft<\/a><\/span><\/p>\n<p><span style=\"color: #000000;\">3 \u2013 Qu\u1ea3 L\u00f4 T\u1eeb TTVM:<\/span> <span style=\"color: #ff0000;\"><a style=\"color: #ff0000;\" href=\"https:\/\/namchamvn.com.vn\/san-pham\/qua-lo-tu-ru-lo\/\">Click \u0111\u1ec3 xem chi ti\u1ebft<\/a><\/span><\/p>\n<p><span style=\"color: #000000;\">V\u00e0 7 ph\u01b0\u01a1ng ph\u00e1p l\u1ecdc t\u00e1ch s\u1eaft ra kh\u1ecfi h\u1ed7n h\u1ee3p v\u1eadt li\u1ec7u Qu\u00fd Kh\u00e1ch c\u00f3 th\u1ec3 tham kh\u1ea3o qua \u0111\u01b0\u1eddng link ph\u00eda d\u01b0\u1edbi<\/span><\/p>\n<p><iframe loading=\"lazy\" class=\"wp-embedded-content\" title=\"\u201c7 Ph\u01b0\u01a1ng Ph\u00e1p L\u1ecdc T\u00e1ch S\u1eaft Ra Kh\u1ecfi H\u1ed7n H\u1ee3p V\u00e0 V\u1eadt Li\u1ec7u \u2013 Nam Ch\u00e2m T&amp;T\u201d \u2014 C\u00d4NG TY C\u1ed4 PH\u1ea6N XNK V\u1eacT T\u01af - M\u00c1Y M\u00d3C T&amp;T\" src=\"https:\/\/namchamvn.com.vn\/nam-cham-loc-tach-sat\/embed#?secret=cIIe4TVPVY\" width=\"500\" height=\"325\" frameborder=\"0\" marginwidth=\"0\" marginheight=\"0\" scrolling=\"no\" sandbox=\"allow-scripts\" data-secret=\"cIIe4TVPVY\" data-mce-fragment=\"1\"><\/iframe><\/p>\n<p><em><span style=\"color: #000000;\">Ngo\u00e0i ra T&amp;T c\u00f2n cung c\u1ea5p s\u1ea3n ph\u1ea9m B\u0103ng T\u1ea3i Heesung \u0111\u1ea7y \u0111\u1ee7 ch\u1ee7ng lo\u1ea1i t\u1eeb c\u00e1c kh\u1ed5 B500 \u2013 B2000 h\u00e0ng c\u00f3 s\u1eb5n t\u1ea1i kho c\u00f3 th\u1ec3 giao ngay cho qu\u00fd kh\u00e1ch. Qu\u00fd kh\u00e1ch c\u00f3 th\u1ec3 t\u00ecm hi\u1ec3u th\u00eam v\u1ec1 c\u00e1c s\u1ea3n ph\u1ea9m b\u0103ng t\u1ea3i Heesung t\u1ea1i \u0111\u00e2y:<\/span>\u00a0<span style=\"color: #ff0000;\"><a style=\"color: #ff0000;\" href=\"http:\/\/bangtaicaosu.com.vn\/\" target=\"_blank\" rel=\"noopener\">http:\/\/bangtaicaosu.com.vn<\/a><\/span>\u00a0ho\u1eb7c\u00a0<a href=\"http:\/\/bangtaiheesung.com\/\" target=\"_blank\" rel=\"noopener\"><span style=\"color: #ff0000;\">http:\/\/bangtaiheesung.com<\/span><\/a><\/em><\/p>\n<p><span style=\"color: #000000;\">Qu\u00fd kh\u00e1ch c\u00f3 b\u1ea5t c\u1ee9 nhu c\u1ea7u t\u00ecm hi\u1ec3u, t\u01b0 v\u1ea5n, b\u00e1o gi\u00e1 v\u1ec1 s\u1ea3n ph\u1ea9m <a href=\"https:\/\/namchamvn.com.vn\/?attachment_id=5050&#038;lang=en\">nam ch\u00e2m thanh &#8211; nam ch\u00e2m l\u01b0\u1edbi<\/a>\u00a0vui l\u00f2ng li\u00ean h\u1ec7 ngay v\u1edbi ch\u00fang t\u00f4i qua s\u1ed1 Hotline: 0937.813.868 \/ 1800 6355 (T\u1ed5ng \u0111\u00e0i g\u1ecdi mi\u1ec5n ph\u00ed)<\/span><\/p>\n<p><span style=\"color: #000000;\">Tr\u00e2n tr\u1ecdng c\u1ea3m \u01a1n Qu\u00fd Kh\u00e1ch!<\/span><\/p>\n<p style=\"text-align: center;\"><span style=\"color: #008000;\"><strong>\u201cT&amp;T \u2013 Gi\u1eef T\u00e2m s\u00e1ng \u0111\u1ec3 tr\u01b0\u1eddng t\u1ed3n \u2013 T\u1ea1o T\u00edn l\u1edbn \u0111\u1ec3 v\u01b0\u01a1n xa\u201d<\/strong><\/span><\/p>\n<p><strong>TH\u00d4NG TIN CHI TI\u1ebeT:<\/strong><\/p>\n<div><b>C\u00d4NG TY CP XNK V\u1eacT T\u01af M\u00c1Y M\u00d3C T&amp;T<\/b><\/div>\n<div><b>Add:\u00a0<\/b>S\u1ed1 404 , T\u00f2a nh\u00e0 CT1 , Ph\u1ed1 \u0110\u1ed7 Nhu\u1eadn, P. Xu\u00e2n \u0110\u1ec9nh, Q. B\u1eafc T\u1eeb Li\u00eam, TP. H\u00e0 N\u1ed9i<\/div>\n<div><b>Tel\u00a0 :\u00a0<\/b>(+84) 47305 6699<\/div>\n<div><strong>Kho:\u00a0<\/strong>S\u1ed1 9 Th\u1ee5y Ph\u01b0\u01a1ng, \u0110\u00f4ng Ng\u1ea1c, B\u1eafc T\u1eeb Li\u00eam, H\u00e0 N\u1ed9i<\/div>\n<div><b>Hotline<\/b>\u00a0\/ Zalo:\u00a0<span style=\"color: #ff0000;\"><b>0937.813.868<\/b>\u00a0<\/span>(24\/7)<\/div>\n<div><b>Hotline KH d\u1ef1 \u00e1n:\u00a0<a class=\"text-is-phone-number\">0936.895.888<\/a><\/b><\/div>\n<div><b>T\u1ed5ng \u0111\u00e0i mi\u1ec5n ph\u00ed:<\/b>\u00a0<b>1800.6355\u00a0<\/b>(Gi\u1edd HC)<\/div>\n<p><strong>Nam Ch\u00e2m Thanh &#8211; Nam Ch\u00e2m L\u01b0\u1edbi TTVM \u2013 L\u1ecdc S\u1eaft Hi\u1ec7u Qu\u1ea3 \u2013 T\u1eeb T\u00ednh B\u1ec1n L\u00e2u<\/strong><\/p>\n","protected":false},"excerpt":{"rendered":"<p>Gi\u1ea3i ph\u00e1p l\u1ecdc t\u00e1ch s\u1eaft s\u1eed d\u1ee5ng nam ch\u00e2m thanh \u2013 nam ch\u00e2m l\u01b0\u1edbi \u0111\u01b0\u1ee3c r\u1ea5t nhi\u1ec1u kh\u00e1ch h\u00e0ng c\u1ee7a T&amp;T l\u1ef1a ch\u1ecdn b\u1edfi chi ph\u00ed ph\u1ea3i ch\u0103ng, hi\u1ec7u qu\u1ea3 t\u00e1ch s\u1eaft t\u1ed1i \u01b0u trong nh\u1eefng \u0111i\u1ec1u ki\u1ec7n s\u1eed d\u1ee5ng nh\u1ea5t \u0111\u1ecbnh, c\u0169ng nh\u01b0 thu\u1eadn ti\u1ec7n khi thao t\u00e1c v\u1ec7 sinh. Tr\u1ea3i qua 13 n\u0103m [&hellip;]<\/p>\n","protected":false},"featured_media":5053,"comment_status":"open","ping_status":"closed","template":"","meta":{"rank_math_lock_modified_date":false},"product_cat":[392],"product_tag":[],"class_list":{"0":"post-1731","1":"product","2":"type-product","3":"status-publish","4":"has-post-thumbnail","6":"product_cat-con-lan","8":"first","9":"instock","10":"shipping-taxable","11":"product-type-simple"},"_links":{"self":[{"href":"https:\/\/namchamvn.com.vn\/en\/wp-json\/wp\/v2\/product\/1731"}],"collection":[{"href":"https:\/\/namchamvn.com.vn\/en\/wp-json\/wp\/v2\/product"}],"about":[{"href":"https:\/\/namchamvn.com.vn\/en\/wp-json\/wp\/v2\/types\/product"}],"replies":[{"embeddable":true,"href":"https:\/\/namchamvn.com.vn\/en\/wp-json\/wp\/v2\/comments?post=1731"}],"wp:featuredmedia":[{"embeddable":true,"href":"https:\/\/namchamvn.com.vn\/en\/wp-json\/wp\/v2\/media\/5053"}],"wp:attachment":[{"href":"https:\/\/namchamvn.com.vn\/en\/wp-json\/wp\/v2\/media?parent=1731"}],"wp:term":[{"taxonomy":"product_cat","embeddable":true,"href":"https:\/\/namchamvn.com.vn\/en\/wp-json\/wp\/v2\/product_cat?post=1731"},{"taxonomy":"product_tag","embeddable":true,"href":"https:\/\/namchamvn.com.vn\/en\/wp-json\/wp\/v2\/product_tag?post=1731"}],"curies":[{"name":"wp","href":"https:\/\/api.w.org\/{rel}","templated":true}]}}