{"id":1732,"date":"2016-10-12T07:22:18","date_gmt":"2016-10-12T07:22:18","guid":{"rendered":"https:\/\/namchamvn.com.vn\/san-pham\/dan-noi-bang-tai\/?lang=en"},"modified":"2024-09-26T04:27:30","modified_gmt":"2024-09-26T04:27:30","slug":"dan-noi-bang-tai","status":"publish","type":"product","link":"https:\/\/namchamvn.com.vn\/en\/san-pham\/dan-noi-bang-tai","title":{"rendered":"D\u00e1n N\u1ed1i B\u0103ng T\u1ea3i"},"content":{"rendered":"<h1><span style=\"font-family: 'times new roman', times, serif;\">D\u00e1n N\u1ed1i B\u0103ng T\u1ea3i Cao Su<\/span><\/h1>\n<h3><span style=\"font-family: 'times new roman', times, serif;\">D\u00e1n N\u1ed1i <a href=\"https:\/\/namchamvn.com.vn\/bang-tai-cao-su\">B\u0103ng T\u1ea3i Cao Su<\/a> hi\u1ec7n nay tr\u00ean th\u1ecb tr\u01b0\u1eddng ph\u1ed5 bi\u1ebfn 3 c\u00e1ch d\u00e1n n\u1ed1i b\u0103ng t\u1ea3i,th\u00f4ng d\u1ee5ng v\u00e0 th\u01b0\u1eddng xuy\u00ean ph\u1ea3i k\u1ec3 \u0111\u1ebfn m\u1ed1i n\u1ed1i ngu\u1ed9i,gi\u00e1 th\u00e0nh ph\u1ea3i ch\u0103ng,m\u1ed1i n\u1ed1i \u0111\u1ea3m b\u1ea3o ch\u1ea5t l\u01b0\u1ee3ng.<\/span><\/h3>\n<h3><strong>&gt;&gt;&gt;&gt;&gt;&gt; Qu\u00fd kh\u00e1ch c\u00f3 th\u1ec3 tham kh\u1ea3o b\u1ea3ng gi\u00e1 b\u0103ng t\u1ea3i cao su c\u00e1c lo\u1ea1i\u00a0<a href=\"http:\/\/hethongbangtai.vn\/bang-tai-cao-su-gia-chi-226k\/\" target=\"_blank\" rel=\"noopener\">t\u1ea1i \u0111\u00e2y<\/a><\/strong><\/h3>\n<h2><span style=\"font-family: 'times new roman', times, serif;\">1.m\u1ed1i n\u1ed1i s\u1eed d\u1ee5ng gim<\/span><\/h2>\n<p><span style=\"font-family: 'times new roman', times, serif;\">+) M\u1ed1i n\u1ed1i n\u00e0y c\u00f3 nhi\u1ec1u lo\u1ea1i n\u1ed1i nh\u01b0 m\u1ed1i n\u1ed1i gim x\u01b0\u01a1ng c\u00e1 hay c\u00f2n g\u1ecdi l\u00e0 m\u1ed1i n\u1ed1i gim ch\u00e2n r\u1ebft, m\u1ed1i n\u1ed1i 3 ch\u00e2n.t\u1ea5t c\u1ea3 \u0111\u1ec1u c\u00f3 \u0111i\u1ec3m nh\u01b0\u1ee3c v\u00e0 \u01b0u \u0111i\u1ec3m kh\u00e1c nhau, \u0111\u1ed9 b\u1ec1n tu\u1ed5i th\u1ecd t\u1ea5t c\u1ea3 c\u00e1c m\u1ed1i n\u1ed1i kh\u00f4ng th\u1ec3 nh\u01b0 2 m\u1ed1i n\u1ed1i b\u1eb1ng keo \u0111\u01b0\u1ee3c,khi n\u1ed1i l\u00e0 gim \u1ed1c ho\u1eb7c \u0111inh t\u00e1n tr\u1ef1c ti\u1ebfp v\u00e0o b\u0103ng t\u1ea3i, n\u00ean khi t\u1ea3i kh\u00f4ng th\u1ec3 tr\u00e1nh \u0111\u01b0\u1ee3c hay n\u01b0\u1edbc \u0111\u1ed9 \u1ea9m len L\u1ecfi\u00a0v\u00e0o khe \u1edf l\u1ed7 gim,v\u1ec1 l\u00e2u v\u1ec1 d\u00e0i t\u1eeb nh\u1eefng v\u1ebft nh\u01b0ng n\u00f3 s\u1ebd g\u00e2y \u1ea3nh h\u01b0\u1edfng tr\u1ef1c ti\u1ebfp \u0111\u1ebfn b\u0103ng t\u1ea3i,khi\u1ebfn tu\u1ed5i th\u1ecd c\u1ee7a m\u1ed1i n\u1ed1i b\u1ecb gi\u1ea3m xu\u1ed1ng.<\/span><\/p>\n<h2><span style=\"font-family: 'times new roman', times, serif;\"><img loading=\"lazy\" decoding=\"async\" class=\"alignnone wp-image-5068 \" src=\"http:\/\/bangtaicaosu.com.vn\/wp-content\/uploads\/2016\/09\/14483933_1057159537734943_388091504_n-500x375.jpg\" alt=\"Ph\u00f2ng t\u1eadp th\u1ec3 d\u1ee5c B\u0103ng T\u1ea3i, ph\u00f2ng t\u1eadp th\u1ec3 d\u1ee5c X\u01b0\u01a1ng c\u00e1\" width=\"348\" height=\"261\" \/> <img loading=\"lazy\" decoding=\"async\" class=\"wp-image-5069 alignnone\" src=\"http:\/\/bangtaicaosu.com.vn\/wp-content\/uploads\/2016\/09\/14518353_1057159564401607_720576045_n-375x500.jpg\" alt=\"Ph\u00f2ng t\u1eadp th\u1ec3 d\u1ee5c B\u0103ng T\u1ea3i 3 Ch\u00e2n,\" width=\"197\" height=\"263\" \/><\/span><br \/>\n<span style=\"font-family: 'times new roman', times, serif;\">2. <a href=\"http:\/\/bangtaicaosu.com.vn\/cac-cach-dan-noi-bang-tai-cao-su\/\" target=\"_blank\" rel=\"noopener\">M\u1ed1i N\u1ed1i ngu\u1ed9i, s\u1eed d\u1ee5ng keo SC2000 c\u1ee7a\u00a0\u0111\u1ee9c.<\/a><\/span><\/h2>\n<p><span style=\"font-family: 'times new roman', times, serif;\">M<\/span><span lang=\"vi\" style=\"font-family: 'times new roman', times, serif;\">\u1ed1i n\u1ed1i ngu\u1ed9i \u0111\u1ea3m b\u1ea3o h\u01a1n r\u1ea5t nhi\u1ec1u so v\u1edbi m\u1ed1i n\u1ed1i gim,s\u1eed d\u1ee5ng \u0111\u1ee9c SC2000 c\u1ee7a \u0111\u1ee9c v\u00e0 nh\u1eefng c\u00f4ng \u0111o\u1ea1n t\u1ef7 M\u1ef7 tr\u00ean n\u1ed1i, th\u1eddi gian ch\u1edd keo, t\u1ed1n nhi\u1ec1u s\u1ee9c c\u00f4ng h\u01a1n so v\u1edbi n\u1ed1i gim.<\/span><\/p>\n<p><span style=\"font-family: 'times new roman', times, serif;\"><img loading=\"lazy\" decoding=\"async\" class=\"alignnone wp-image-2380\" src=\"http:\/\/bangtaicaosu.com.vn\/wp-content\/uploads\/2016\/01\/Keo-TT-500x431.jpg\" alt=\"keo d\u00e1n b\u0103ng t\u1ea3i cao su gi\u00e1 r\u1ebb-keo d\u00e1n T &amp; T\" width=\"345\" height=\"297\" \/><\/span><\/p>\n<p id=\"tw-target-text\" class=\"tw-data-text tw-ta tw-text-small\" dir=\"ltr\" data-placeholder=\"B\u1ea3n d\u1ecbch\"><span lang=\"vi\" style=\"font-family: 'times new roman', times, serif;\">Hi\u1ec7n nay tr\u00ean th\u1ecb tr\u01b0\u1eddng c\u00f3 r\u1ea5t nhi\u1ec1u lo\u1ea1i keo, ch\u1ea5t l\u01b0\u1ee3ng t\u1ed1t v\u00e0 kh\u00f4ng t\u1ed1t\u00a0kh\u00e1c nhau, ch\u1ea5t l\u01b0\u1ee3ng keo ch\u01b0a t\u1ed1t Nh\u01b0 Keo TL-T60, gi\u00e1 th\u00e0nh c\u1ee7a 2 lo\u1ea1i keo n\u00e0y th\u01b0\u1eddng th\u1ea5p h\u01a1n 200 ho\u1eb7c 300 ngh\u00ecn so v\u1edbi keo SC2000 (\u0111\u1ee9c) .N\u1ebfu d\u00f9ng keo TL-T th\u00ec m\u1ed1i n\u1ed1i kh\u00f4ng \u0111\u01b0\u1ee3c \u0111\u1ea3m b\u1ea3o, kh\u00f4ng \u0111\u01b0\u1ee3c \u1ed5n \u0111\u1ecbnh,c\u00e1i \u0111\u00f3 c\u0169ng kh\u00f4ng th\u1ec3 ki\u1ec3m ch\u1ee9ng b\u1eb1ng l\u1eddi n\u00f3i \u0111\u01b0\u1ee3c,ch\u1ec9 c\u00f3 th\u1ef1c t\u1ebf ch\u1ea1y b\u0103ng t\u1ea3i m\u1edbi bi\u1ebft \u0111\u01b0\u1ee3c c\u1ee5 th\u1ec3 n\u00f3 \u1ea3nh h\u01b0\u1edfng th\u1ebf n\u00e0o \u0111\u1ebfn \u0111\u1ed9 b\u1ec1n c\u1ee7a m\u1ed1i n\u1ed1i.n\u1ebfu l\u00e0 s\u1eed d\u1ee5ng keo t\u1ed1t r\u1ed3i m\u00e0 m\u1ed1i n\u1ed1i ch\u01b0a t\u1ed1t th\u00ec ch\u1ec9 xem l\u1ea1i tay ngh\u1ec1 c\u1ee7a b\u1ed9 ph\u1eadn d\u00e1n n\u1ed1i,quy c\u00e1ch v\u00e0 quy tr\u00ecnh kh\u00e1c th\u1ef1c hi\u1ec7n c\u00f3 \u0111\u00fang v\u00e0 \u0111\u1ea3m b\u1ea3o ch\u01b0a.th\u1eddi gian ch\u1edd\u00a0keo \u0111\u00e3 ph\u00f9 h\u1ee3p ch\u01b0a ch\u01b0a.<\/span><\/p>\n<h3 class=\"tw-data-text tw-ta tw-text-small\" dir=\"ltr\" data-placeholder=\"B\u1ea3n d\u1ecbch\">Th\u00f4ng Tin V\u1ec1 Ph\u1ee5 Ki\u1ec7n M\u1ed1i N\u1ed1i<\/h3>\n<p class=\"tw-data-text tw-ta tw-text-small\" dir=\"ltr\" data-placeholder=\"B\u1ea3n d\u1ecbch\">V\u1eadt li\u1ec7u s\u1eeda ch\u1eefa, d\u00e1n b\u0103ng t\u1ea3i cao su c\u1ee7a hang REMATIPTOP &#8211; \u0110\u1ee8C<br \/>\n1) Keo d\u00e1n ngu\u1ed9i, s\u01b0a ch\u1eefa ngu\u1ed9i b\u0103ng t\u1ea3i: SC 2000<br \/>\n&#8211; Tr\u1ecdng l\u01b0\u1ee3ng: 1kg\/h\u1ed9p<br \/>\n&#8211; D\u00f9ng d\u00e1n n\u1ed1i ngu\u1ed9i b\u0103ng t\u1ea3i cao su b\u1ed1 v\u1ea3i, b\u1ecdc cao su l\u00ean Tang b\u0103ng t\u1ea3i\u2026<br \/>\n2) Keo l\u00f3t PR 300<br \/>\n&#8211; D\u00f9ng s\u01a1n l\u00f3t m\u1ed9t l\u1edbp k\u1ebft d\u00ednh gi\u1eefa b\u1ec1 m\u1eb7t kim lo\u1ea1i (b\u1ec1 m\u1eb7t tang b\u0103ng) v\u00e0 T\u1ea5m cao su b\u1ecdc<br \/>\n3) Keo d\u00e1n l\u01b0u h\u00f3a b\u0103ng t\u1ea3i cao su TIP TOP T &amp; T4, Keo d\u00e1n l\u01b0u h\u00f3a STL \u2013 RF<br \/>\n&#8211; Tr\u1ecdng l\u01b0\u1ee3ng: 3,5kg\/ H\u1ed9p ho\u1eb7c 7kg\/h\u1ed9p<br \/>\n&#8211; D\u00f9ng d\u00e1n n\u1ed1i l\u01b0u h\u00f3a b\u0103ng t\u1ea3i cao su b\u1ed1 V\u1ea3i, B\u0103ng t\u1ea3i cao su b\u1ed1 th\u00e9p, d\u00f9ng s\u1eeda ch\u1eefa v\u1ebft<br \/>\nr\u00e1ch\u2026b\u1eb1ng ph\u01b0\u01a1ng ph\u00e1p l\u01b0u h\u00f3a n\u00f3ng b\u0103ng t\u1ea3i<br \/>\n4) Cao su non d\u00e1n l\u01b0u h\u00f3a b\u0103ng t\u1ea3i cao su, lo\u1ea1i 0,8, 1 mm \u0111\u1ebfn 4mm..<br \/>\nQuy c\u00e1ch: Kh\u1ed5 r\u1ed9ng B500mm x d\u00e0y 1mm ( 1 Cu\u1ed9n = 10kg)<br \/>\nKh\u1ed5 R\u1ed9ng B500mm x d\u00e0y 2mm (1 Cu\u1ed9n = 10Kg)<br \/>\nKh\u1ed5 r\u1ed9ng B500mm x d\u00e0y 3mm ( 1 Cu\u1ed9n = 10Kg)<br \/>\nCao su non d\u00e1n n\u1ed1i b\u0103ng t\u1ea3i ch\u1ecbu nhi\u1ec7t<br \/>\nQuy c\u00e1ch: Kh\u1ed5 r\u1ed9ng B500 x 0,8mm<br \/>\nKh\u1ed5 r\u1ed9ng B500 x 3mm\u2026\u2026.<br \/>\n5) D\u1ee5ng c\u1ee5 d\u00e1n n\u1ed1i, s\u1eeda ch\u1eefa b\u0103ng t\u1ea3i c\u1ee7a REMATIPTOP<br \/>\n6) V\u1eadt t\u01b0 s\u1eeda ch\u1eefa b\u0103ng t\u1ea3i cao su chuy\u00ean d\u1ee5ng:<br \/>\n&#8211; D\u1ea3i v\u00e1 r\u00e1ch d\u1ecdc b\u0103ng t\u1ea3i c\u00e1c kh\u1ed5 r\u1ed9ng: B150, B220,B300<br \/>\n&#8211; Mi\u1ebfng v\u00e1 l\u1ed7 th\u1ee7ng\u2026\u2026.<br \/>\n7) M\u00e1y l\u01b0u h\u00f3a b\u0103ng t\u1ea3i c\u1ee7a Trung Qu\u1ed1c, Ho\u1eb7c h\u00e3ng REMATIPTOP<br \/>\n8) D\u1ecbch v\u1ee5 d\u00e1n n\u1ed1i b\u0103ng t\u1ea3i, B\u1ecdc Rulo ( Tang) b\u0103ng t\u1ea3i t\u1ea1i C\u00f4ng tr\u01b0\u1eddng<br \/>\n9) Cung c\u1ea5p c\u00e1c lo\u1ea1i g\u1ea1t b\u0103ng t\u1ea3i, G\u1ed1m ch\u1ecbu m\u00f2n c\u00e1c lo\u1ea1i c\u1ee7a h\u1ea3ng REMATIPTOP..<\/p>\n<p class=\"tw-data-text tw-ta tw-text-small\" dir=\"ltr\" data-placeholder=\"B\u1ea3n d\u1ecbch\"><span lang=\"vi\" style=\"font-family: 'times new roman', times, serif;\">V\u1edbi B\u0103ng T\u1ea3i Heesung ch\u1ec9 cung c\u1ea5p h\u00e0ng ch\u1ea5t l\u01b0\u1ee3ng t\u1ed1t\u00a0v\u00e0 m\u1ecdi th\u1ee9 t\u1ed1t nh\u1ea5t cho kh\u00e1ch h\u00e0ng v\u00e0 ch\u00fang t\u00f4i kh\u00f4ng cung c\u1ea5p h\u00e0ng k\u00e9m ch\u1ea5t l\u01b0\u1ee3ng.<\/span><\/p>\n<h2><span style=\"font-family: 'times new roman', times, serif;\">3. <a href=\"http:\/\/bangtaicaosu.com.vn\/dan-noi-luu-hoa-bang-tai\/\" target=\"_blank\" rel=\"noopener\">M\u1ed1i n\u1ed1i L\u01b0u H\u00f3a, hay c\u00f2n g\u1ecdi\u00a0l\u00e0\u00a0m\u1ed1i n\u1ed1i \u00e9p nhi\u1ec7t<\/a><\/span><\/h2>\n<p><span style=\"font-family: 'times new roman', times, serif;\">\u00a0V\u1edbi m\u1ed1i n\u1ed1i n\u00e0y s\u1eed d\u1ee5ng keo Tiptop (\u0111\u1ee9c),v\u00e0 nhi\u1ec1u th\u00e0nh ph\u1ea7n kh\u00e1c nh\u01b0 :cao su non, n\u01b0\u1edbc l\u00e0m s\u1ea1ch b\u0103ng t\u1ea3i.y\u00eau c\u1ea7u \u0111\u1ea3m b\u1ea3o h\u01a1n r\u1ea5t nhi\u1ec1u so v\u1edbi m\u1ed1i n\u1ed1i ngu\u1ed9i,m\u1ed1i d\u00e1n l\u01b0u h\u00f3a kh\u00f4ng ch\u1ec9 n\u00f3i v\u1ec1 \u0111\u1ed9\u00a0b\u1ec1n,tu\u1ed5i th\u1ecd m\u00e0 c\u00f2n \u0111\u1eb9p v\u1ec1 c\u1ea3 h\u00ecnh th\u1ee9c,n\u1ebfu nh\u00ecn tho\u00e1ng qua th\u00ec c\u00f3 th\u1ec3 nh\u01b0 \u0111o\u1ea1n b\u0103ng li\u1ec1n m\u00e0 kh\u00f4ng c\u00f3 m\u1ed9t d\u1ea5u v\u1ebft n\u1ed1i,ph\u1ea3i ki\u1ec3m tra th\u1eadt k\u0129 m\u1edbi th\u1ea5y \u0111\u01b0\u1ee3c v\u1ebft n\u1ed1i,h\u00ecnh th\u1ee9c \u0111\u1eb9p,khi n\u1ed1i c\u0169ng y\u00eau c\u1ea7u ch\u1edd keo nhi\u1ec1u l\u00e2u, t\u1eeb 4-6h \u0111\u1ed3ng h\u1ed3 ch\u1edd keo.m\u1ed1i n\u1ed1i \u00e9p nhi\u1ec7t lu\u00f4n \u0111\u01b0\u1ee3c s\u1eed d\u1ee5ng trong m\u00f4i tr\u01b0\u1eddng t\u1ea3i n\u1eb7ng,c\u00f3 \u0111i\u1ec1u ki\u1ec7n ho\u1ea1t \u0111\u1ed9ng cao &#8230;nh\u01b0 t\u1ea3i than \u0111\u00e1 v\u1edbi k\u00edch th\u01b0\u1edbc v\u1eadt li\u1ec7u l\u1edbn&#8230;<\/span><br \/>\n<span style=\"font-family: 'times new roman', times, serif;\"><img loading=\"lazy\" decoding=\"async\" class=\"alignnone size-full wp-image-1914\" src=\"http:\/\/bangtaicaosu.com.vn\/wp-content\/uploads\/2013\/12\/Keo-STG.jpg\" alt=\"Keo STG\" width=\"200\" height=\"200\" \/><\/span><\/p>\n<p><span style=\"font-family: 'times new roman', times, serif;\">Ngo\u00e0i m\u1ed1i n\u1ed1i ra\u00a0<a href=\"http:\/\/bangtaicaosu.com.vn\/\" target=\"_blank\" rel=\"noopener\">B\u0103ng t\u1ea3i cao su<\/a> c\u00f2n l\u00e0 ph\u1ea7n quan tr\u1ecdng nh\u1ea5t trong qu\u00e1 tr\u00ecnh ho\u1ea1t \u0111\u1ed9ng s\u1ea3n xu\u1ea5t.N\u1ebfu b\u0103ng t\u1ea3i cao su c\u1ee7a b\u1ea1n ch\u01b0a \u0111\u1ea3m b\u1ea3o l\u01b0\u1ee3ng s\u1ebd g\u00e2y r\u1ea5t nhi\u1ec1u phi\u1ec1n ph\u1ee9c nh\u01b0: T\u1ea1m d\u1eebng \u0111\u1ec3 s\u1eeda,thay th\u1ebf b\u0103ng t\u1ea3i, n\u1ed1i b\u0103ng t\u1ea3i, c\u00f2n n\u1ebfu h\u1ecfng n\u1eb7ng h\u01a1n khi t\u1ea1m d\u1eebng s\u1ea3n xu\u1ea5t g\u00e2y thi\u1ec7t h\u1ea1i kh\u00f4ng nh\u1ecf \u0111\u1ebfn ho\u1ea1t \u0111\u1ed9ng kinh doanh c\u1ee7a c\u00f4ng ty,t\u1ed1n chi ph\u00ed nh\u00e2n c\u00f4ng s\u1eeda b\u0103ng t\u1ea3i.\u0110\u1ec3 gi\u1ea3i quy\u1ebft v\u1ea5n \u0111\u1ec1 tr\u00ean qu\u00fd kh\u00e1ch h\u00e0ng c\u1ea7n l\u01b0u \u00fd:mua h\u00e0ng \u0111\u1ec3 \u0111\u1ea3m b\u1ea3o ch\u1ea5t l\u01b0\u1ee3ng,s\u1eed d\u1ee5ng m\u1ed1i n\u1ed1i theo t\u01b0 v\u1ea5n c\u1ee7a k\u0129 thu\u1eadt,s\u1eed d\u1ee5ng keo t\u1ed1t,v\u00e0 ch\u1ec9 mua h\u00e0ng ch\u00ednh h\u00e3ng,ph\u00e2n lo\u1ea1i theo \u0111\u00fang \u0111i\u1ec1u ki\u1ec7n s\u1eed d\u1ee5ng b\u0103ng t\u1ea3i.<\/span><\/p>\n<h3><span style=\"font-family: 'times new roman', times, serif;\">\u2022 C\u00e1c y\u1ebfu t\u1ed1 c\u1ea7n cho 1 d\u00e2y truy\u1ec1n t\u1ed1t nh\u1ea5t c\u1ee7a b\u1ea1n<\/span><\/h3>\n<h4><span style=\"font-family: 'times new roman', times, serif;\">&#8211; T\u00ecm ch\u1ed7 b\u00e1n h\u00e0ng b\u0103ng t\u1ea3i chuy\u00ean nghi\u1ec7p.<\/span><\/h4>\n<h4><span style=\"font-family: 'times new roman', times, serif;\">&#8211; T\u1eadn m\u1eaft xem kho b\u00e3i, \u0111\u1ec3 c\u00f3 s\u1ef1 t\u01b0 v\u1ea5n v\u00e0 so s\u00e1nh.<\/span><\/h4>\n<h4><span style=\"font-family: 'times new roman', times, serif;\">&#8211; Th\u1eed b\u0103ng t\u1ea3i tr\u01b0\u1edbc mua.<\/span><\/h4>\n<p><span style=\"font-family: 'times new roman', times, serif;\">\u00a0K<\/span><span style=\"font-family: 'times new roman', times, serif;\">i\u1ec3m tra k\u0129 b\u0103ng cao su tr\u01b0\u1edbc khi mua.\u0110\u1ed1i v\u1edbi b\u0103ng t\u1ea3i cao su th\u00ec cao su c\u1ea5u th\u00e0nh b\u0103ng t\u1ea3i quy\u1ebft \u0111\u1ecbnh 80% ch\u1ea5t l\u01b0\u1ee3ng b\u0103ng t\u1ea3i ch\u1ee9 kh\u00f4ng ph\u1ea3i s\u1ee3 b\u1ed1 .Ngo\u00e0i ra c\u00f2n nh\u00ecn l\u1edbp b\u1ed1 b\u00ean trong. (Y\u00eau c\u1ea7u b\u1ed1 \u0111\u1ecf) y\u00eau c\u1ea7u b\u1ea3o h\u00e0nh c\u1ee5 th\u1ec3 khi mua.\u0110\u1ec3 d\u00e2y truy\u1ec1n c\u1ee7a m\u00ecnh \u0111\u01b0\u1ee3c \u0111\u1ea3m b\u1ea3o v\u00e0 an to\u00e0n h\u01a1n h\u00e3y s\u1eed d\u1ee5ng b\u0103ng t\u1ea3i heesung \u0111\u1ec3 gi\u1ea3i quy\u1ebft m\u1ecdi v\u1ea5n \u0111\u1ec1 b\u1ea1n \u0111ang m\u1eafc ph\u1ea3i.<\/span><\/p>\n<p style=\"text-align: center;\">Qu\u00fd Kh\u00e1ch quan t\u00e2m vui l\u00f2ng li\u00ean h\u1ec7 cho Ch\u00fang t\u00f4i \u0111\u1ec3 \u0111\u01b0\u1ee3c t\u01b0 v\u1ea5n mi\u1ec5n ph\u00ed:<br \/>\nHotline: 0937.813.868 ho\u1eb7c 1800.6355 ( T\u1ed5ng \u0111\u00e0i g\u1ecdi mi\u1ec5n ph\u00ed).<br \/>\nTr\u00e2n tr\u1ecdng c\u1ea3m \u01a1n Qu\u00fd Kh\u00e1ch!<\/p>\n<p style=\"padding-left: 210px; text-align: center;\"><a href=\"http:\/\/bangtaiheesung.com\/\" target=\"_blank\" rel=\"noopener\"><span style=\"font-family: 'times new roman', times, serif;\">\u00a0<span style=\"color: #ff0000;\">B\u0103ng T\u1ea3i HEESUNG<\/span><\/span><\/a><\/p>\n<p style=\"padding-left: 210px; text-align: center;\"><span style=\"color: #ff0000; font-family: 'times new roman', times, serif;\">\u00a0 Ch\u1ea5t L\u01b0\u1ee3ng H\u00e0ng \u0110\u1ea7u \u2013 Tu\u1ed5i Th\u1ecd B\u1ec1n l\u00e2u<\/span><\/p>\n","protected":false},"excerpt":{"rendered":"<p>D\u00e1n N\u1ed1i B\u0103ng T\u1ea3i Cao Su D\u00e1n N\u1ed1i B\u0103ng T\u1ea3i Cao Su hi\u1ec7n nay tr\u00ean th\u1ecb tr\u01b0\u1eddng ph\u1ed5 bi\u1ebfn 3 c\u00e1ch d\u00e1n n\u1ed1i b\u0103ng t\u1ea3i,th\u00f4ng d\u1ee5ng v\u00e0 th\u01b0\u1eddng xuy\u00ean ph\u1ea3i k\u1ec3 \u0111\u1ebfn m\u1ed1i n\u1ed1i ngu\u1ed9i,gi\u00e1 th\u00e0nh ph\u1ea3i ch\u0103ng,m\u1ed1i n\u1ed1i \u0111\u1ea3m b\u1ea3o ch\u1ea5t l\u01b0\u1ee3ng. &gt;&gt;&gt;&gt;&gt;&gt; Qu\u00fd kh\u00e1ch c\u00f3 th\u1ec3 tham kh\u1ea3o b\u1ea3ng gi\u00e1 b\u0103ng t\u1ea3i cao [&hellip;]<\/p>\n","protected":false},"featured_media":1540,"comment_status":"open","ping_status":"closed","template":"","meta":{"rank_math_lock_modified_date":false},"product_cat":[392],"product_tag":[],"class_list":{"0":"post-1732","1":"product","2":"type-product","3":"status-publish","4":"has-post-thumbnail","6":"product_cat-con-lan","8":"first","9":"instock","10":"shipping-taxable","11":"product-type-simple"},"_links":{"self":[{"href":"https:\/\/namchamvn.com.vn\/en\/wp-json\/wp\/v2\/product\/1732"}],"collection":[{"href":"https:\/\/namchamvn.com.vn\/en\/wp-json\/wp\/v2\/product"}],"about":[{"href":"https:\/\/namchamvn.com.vn\/en\/wp-json\/wp\/v2\/types\/product"}],"replies":[{"embeddable":true,"href":"https:\/\/namchamvn.com.vn\/en\/wp-json\/wp\/v2\/comments?post=1732"}],"wp:featuredmedia":[{"embeddable":true,"href":"https:\/\/namchamvn.com.vn\/en\/wp-json\/wp\/v2\/media\/1540"}],"wp:attachment":[{"href":"https:\/\/namchamvn.com.vn\/en\/wp-json\/wp\/v2\/media?parent=1732"}],"wp:term":[{"taxonomy":"product_cat","embeddable":true,"href":"https:\/\/namchamvn.com.vn\/en\/wp-json\/wp\/v2\/product_cat?post=1732"},{"taxonomy":"product_tag","embeddable":true,"href":"https:\/\/namchamvn.com.vn\/en\/wp-json\/wp\/v2\/product_tag?post=1732"}],"curies":[{"name":"wp","href":"https:\/\/api.w.org\/{rel}","templated":true}]}}