{"id":1733,"date":"2016-10-11T04:45:02","date_gmt":"2016-10-11T04:45:02","guid":{"rendered":"https:\/\/namchamvn.com.vn\/san-pham\/khung-bang-tai\/?lang=en"},"modified":"2024-09-26T04:29:14","modified_gmt":"2024-09-26T04:29:14","slug":"khung-bang-tai","status":"publish","type":"product","link":"https:\/\/namchamvn.com.vn\/en\/san-pham\/khung-bang-tai","title":{"rendered":"Khung B\u0103ng T\u1ea3i"},"content":{"rendered":"<h2><span style=\"font-family: 'times new roman', times, serif;\"><strong><span style=\"font-size: 16px;\"><code>Chuy\u00ean sa\u0309n xu\u1ea5t gia c\u00f4ng H\u00ea\u0323 th\u1ed1ng khung <a href=\"https:\/\/namchamvn.com.vn\/bang-tai-cao-su\">b\u0103ng ta\u0309i<\/a><\/code><\/span><\/strong><\/span><\/h2>\n<p><span style=\"font-family: 'times new roman', times, serif;\">[catlist id=58 template=a1]<\/span><\/p>\n<p style=\"text-align: center;\">Qu\u00fd Kh\u00e1ch quan t\u00e2m vui l\u00f2ng li\u00ean h\u1ec7 cho Ch\u00fang t\u00f4i \u0111\u1ec3 \u0111\u01b0\u1ee3c t\u01b0 v\u1ea5n mi\u1ec5n ph\u00ed:<br \/>\nHotline: 0937.813.868 ho\u1eb7c 1800.6355 ( T\u1ed5ng \u0111\u00e0i g\u1ecdi mi\u1ec5n ph\u00ed).<br \/>\nTr\u00e2n tr\u1ecdng c\u1ea3m \u01a1n Qu\u00fd Kh\u00e1ch!<\/p>\n<p style=\"padding-left: 210px; text-align: center;\"><span style=\"font-family: 'times new roman', times, serif;\">\u00a0<span style=\"color: #ff0000;\">B\u0103ng T\u1ea3i HEESUNG<\/span><\/span><\/p>\n<p style=\"padding-left: 210px; text-align: center;\"><span style=\"color: #ff0000; font-family: 'times new roman', times, serif;\">\u00a0 Ch\u1ea5t L\u01b0\u1ee3ng H\u00e0ng \u0110\u1ea7u \u2013 Tu\u1ed5i Th\u1ecd B\u1ec1n l\u00e2u<\/span><\/p>\n","protected":false},"excerpt":{"rendered":"<p>Chuy\u00ean sa\u0309n xu\u1ea5t gia c\u00f4ng H\u00ea\u0323 th\u1ed1ng khung b\u0103ng ta\u0309i [catlist id=58 template=a1] Qu\u00fd Kh\u00e1ch quan t\u00e2m vui l\u00f2ng li\u00ean h\u1ec7 cho Ch\u00fang t\u00f4i \u0111\u1ec3 \u0111\u01b0\u1ee3c t\u01b0 v\u1ea5n mi\u1ec5n ph\u00ed: Hotline: 0937.813.868 ho\u1eb7c 1800.6355 ( T\u1ed5ng \u0111\u00e0i g\u1ecdi mi\u1ec5n ph\u00ed). Tr\u00e2n tr\u1ecdng c\u1ea3m \u01a1n Qu\u00fd Kh\u00e1ch! \u00a0B\u0103ng T\u1ea3i HEESUNG \u00a0 Ch\u1ea5t L\u01b0\u1ee3ng H\u00e0ng \u0110\u1ea7u \u2013 [&hellip;]<\/p>\n","protected":false},"featured_media":1539,"comment_status":"open","ping_status":"closed","template":"","meta":{"rank_math_lock_modified_date":false},"product_cat":[392],"product_tag":[],"class_list":{"0":"post-1733","1":"product","2":"type-product","3":"status-publish","4":"has-post-thumbnail","6":"product_cat-con-lan","8":"first","9":"instock","10":"shipping-taxable","11":"product-type-simple"},"_links":{"self":[{"href":"https:\/\/namchamvn.com.vn\/en\/wp-json\/wp\/v2\/product\/1733"}],"collection":[{"href":"https:\/\/namchamvn.com.vn\/en\/wp-json\/wp\/v2\/product"}],"about":[{"href":"https:\/\/namchamvn.com.vn\/en\/wp-json\/wp\/v2\/types\/product"}],"replies":[{"embeddable":true,"href":"https:\/\/namchamvn.com.vn\/en\/wp-json\/wp\/v2\/comments?post=1733"}],"wp:featuredmedia":[{"embeddable":true,"href":"https:\/\/namchamvn.com.vn\/en\/wp-json\/wp\/v2\/media\/1539"}],"wp:attachment":[{"href":"https:\/\/namchamvn.com.vn\/en\/wp-json\/wp\/v2\/media?parent=1733"}],"wp:term":[{"taxonomy":"product_cat","embeddable":true,"href":"https:\/\/namchamvn.com.vn\/en\/wp-json\/wp\/v2\/product_cat?post=1733"},{"taxonomy":"product_tag","embeddable":true,"href":"https:\/\/namchamvn.com.vn\/en\/wp-json\/wp\/v2\/product_tag?post=1733"}],"curies":[{"name":"wp","href":"https:\/\/api.w.org\/{rel}","templated":true}]}}