{"id":1734,"date":"2016-10-11T04:44:13","date_gmt":"2016-10-11T04:44:13","guid":{"rendered":"https:\/\/namchamvn.com.vn\/san-pham\/bang-tai-pvc\/?lang=en"},"modified":"2024-09-26T04:30:42","modified_gmt":"2024-09-26T04:30:42","slug":"bang-tai-pvc","status":"publish","type":"product","link":"https:\/\/namchamvn.com.vn\/en\/san-pham\/bang-tai-pvc","title":{"rendered":"B\u0103ng T\u1ea3i PVC"},"content":{"rendered":"<h1><span style=\"font-family: 'times new roman', times, serif;\">B\u0103ng t\u1ea3i PVC<\/span><\/h1>\n<p>\u0110\u01b0\u1ee3c chia th\u00e0nh nhi\u1ec1u lo\u1ea1i trong c\u00e1c \u0111i\u1ec1u ki\u1ec7n m\u00f4i tr\u01b0\u1eddng l\u00e0m vi\u1ec7c kh\u00e1c nhau,m\u00f4i tr\u01b0\u1eddng y\u00eau c\u1ea7u \u0111\u1ed9 d\u1ed1c th\u00ec c\u1ea7n <a href=\"https:\/\/namchamvn.com.vn\/bang-tai-cao-su\">b\u0103ng t\u1ea3i<\/a> PVC c\u00f3 \u0111\u1ed9 nh\u00e1m cao,t\u00f9y theo d\u1ed1c<\/p>\n<h2><span style=\"font-family: 'times new roman', times, serif;\">B\u0103ng T\u1ea3i PVC \u0111\u01b0\u1ee3c s\u1eed\u00a0 d\u1ee5ng:<\/span><\/h2>\n<p><span style=\"font-family: 'times new roman', times, serif;\">cho t\u1ea3i th\u1ef1c ph\u1ea9m, t\u1ea3i trong c\u00f4ng nghi\u1ec7p \u0111i\u1ec7n t\u1eed, th\u1ee7y s\u1ea3n, t\u1ea3i trong nh\u00e0 x\u01b0\u1edfng. V\u1edbi y\u00eau c\u1ea7u s\u1ea1ch s\u1ebd, nh\u1eb9 nh\u00e0ng&#8230;<\/span><\/p>\n<h3><span style=\"font-family: 'times new roman', times, serif;\">&#8211; \u0110\u1ed9 d\u00e0y b\u0103ng t\u1ea3i PVC: 1mm; 2mm; 3mm; 4mm; 5mm.<\/span><\/h3>\n<h3><span style=\"font-family: 'times new roman', times, serif;\">&#8211; B\u1ea3n r\u1ed9ng b\u0103ng t\u1ea3i PVC: theo y\u00eau c\u1ee7a kh\u00e1ch h\u00e0ng ( Max : 2500mm)<\/span><\/h3>\n<h3><span style=\"font-family: 'times new roman', times, serif;\">&#8211; Chu vi n\u1ed1i tr\u00f2n t\u00f9y theo y\u00eau c\u1ea7u c\u1ee7a kh\u00e1ch h\u00e0ng.<\/span><\/h3>\n<p style=\"text-align: center;\">Qu\u00fd Kh\u00e1ch quan t\u00e2m vui l\u00f2ng li\u00ean h\u1ec7 cho Ch\u00fang t\u00f4i \u0111\u1ec3 \u0111\u01b0\u1ee3c t\u01b0 v\u1ea5n mi\u1ec5n ph\u00ed:<br \/>\nHotline: 0937.813.868 ho\u1eb7c 1800.6355 ( T\u1ed5ng \u0111\u00e0i g\u1ecdi mi\u1ec5n ph\u00ed).<br \/>\nTr\u00e2n tr\u1ecdng c\u1ea3m \u01a1n Qu\u00fd Kh\u00e1ch!<\/p>\n<p style=\"padding-left: 210px; text-align: center;\"><span style=\"font-family: 'times new roman', times, serif;\">\u00a0<span style=\"color: #ff0000;\">B\u0103ng T\u1ea3i HEESUNG<\/span><\/span><\/p>\n<p style=\"padding-left: 210px; text-align: center;\"><span style=\"color: #ff0000; font-family: 'times new roman', times, serif;\">\u00a0 Ch\u1ea5t L\u01b0\u1ee3ng H\u00e0ng \u0110\u1ea7u \u2013 Tu\u1ed5i Th\u1ecd B\u1ec1n l\u00e2u<\/span><\/p>\n","protected":false},"excerpt":{"rendered":"<p>B\u0103ng t\u1ea3i PVC \u0110\u01b0\u1ee3c chia th\u00e0nh nhi\u1ec1u lo\u1ea1i trong c\u00e1c \u0111i\u1ec1u ki\u1ec7n m\u00f4i tr\u01b0\u1eddng l\u00e0m vi\u1ec7c kh\u00e1c nhau,m\u00f4i tr\u01b0\u1eddng y\u00eau c\u1ea7u \u0111\u1ed9 d\u1ed1c th\u00ec c\u1ea7n b\u0103ng t\u1ea3i PVC c\u00f3 \u0111\u1ed9 nh\u00e1m cao,t\u00f9y theo d\u1ed1c B\u0103ng T\u1ea3i PVC \u0111\u01b0\u1ee3c s\u1eed\u00a0 d\u1ee5ng: cho t\u1ea3i th\u1ef1c ph\u1ea9m, t\u1ea3i trong c\u00f4ng nghi\u1ec7p \u0111i\u1ec7n t\u1eed, th\u1ee7y s\u1ea3n, t\u1ea3i trong nh\u00e0 [&hellip;]<\/p>\n","protected":false},"featured_media":1538,"comment_status":"open","ping_status":"closed","template":"","meta":{"rank_math_lock_modified_date":false},"product_cat":[392],"product_tag":[],"class_list":{"0":"post-1734","1":"product","2":"type-product","3":"status-publish","4":"has-post-thumbnail","6":"product_cat-con-lan","8":"first","9":"instock","10":"shipping-taxable","11":"product-type-simple"},"_links":{"self":[{"href":"https:\/\/namchamvn.com.vn\/en\/wp-json\/wp\/v2\/product\/1734"}],"collection":[{"href":"https:\/\/namchamvn.com.vn\/en\/wp-json\/wp\/v2\/product"}],"about":[{"href":"https:\/\/namchamvn.com.vn\/en\/wp-json\/wp\/v2\/types\/product"}],"replies":[{"embeddable":true,"href":"https:\/\/namchamvn.com.vn\/en\/wp-json\/wp\/v2\/comments?post=1734"}],"wp:featuredmedia":[{"embeddable":true,"href":"https:\/\/namchamvn.com.vn\/en\/wp-json\/wp\/v2\/media\/1538"}],"wp:attachment":[{"href":"https:\/\/namchamvn.com.vn\/en\/wp-json\/wp\/v2\/media?parent=1734"}],"wp:term":[{"taxonomy":"product_cat","embeddable":true,"href":"https:\/\/namchamvn.com.vn\/en\/wp-json\/wp\/v2\/product_cat?post=1734"},{"taxonomy":"product_tag","embeddable":true,"href":"https:\/\/namchamvn.com.vn\/en\/wp-json\/wp\/v2\/product_tag?post=1734"}],"curies":[{"name":"wp","href":"https:\/\/api.w.org\/{rel}","templated":true}]}}