{"id":1735,"date":"2016-10-11T04:43:24","date_gmt":"2016-10-11T04:43:24","guid":{"rendered":"https:\/\/namchamvn.com.vn\/san-pham\/bang-tai-tu\/?lang=en"},"modified":"2024-09-26T04:31:53","modified_gmt":"2024-09-26T04:31:53","slug":"bang-tai-tu","status":"publish","type":"product","link":"https:\/\/namchamvn.com.vn\/en\/san-pham\/bang-tai-tu","title":{"rendered":"B\u0103ng T\u1ea3i T\u1eeb"},"content":{"rendered":"<h1><em>M\u00c1Y TUY\u1ec2N T\u1eea B\u0102NG T\u1ea2I D\u1ea0NG TREO, B\u0102NG T\u1ea2I T\u1eea L\u1eccC S\u1eaeT TR\u00caN B\u0102NG T\u1ea2I<\/em><\/h1>\n<p><iframe loading=\"lazy\" title=\"B\u0103ng t\u1ea3i T\u1eeb s\u1eed d\u1ee5ng nam ch\u00e2m ph\u1eb3ng TTVM | L\u1ecdc T\u00e1ch S\u1eaft Tr\u00ean B\u0103ng T\u1ea3i\" width=\"500\" height=\"281\" src=\"https:\/\/www.youtube.com\/embed\/BWjk-MnV-co?feature=oembed\" frameborder=\"0\" allow=\"accelerometer; autoplay; clipboard-write; encrypted-media; gyroscope; picture-in-picture; web-share\" referrerpolicy=\"strict-origin-when-cross-origin\" allowfullscreen><\/iframe><\/p>\n<div id=\"attachment_1849\" class=\"wp-caption alignnone\">\n<p><img loading=\"lazy\" decoding=\"async\" class=\"alignnone size-full wp-image-4320\" src=\"https:\/\/namchamvn.com.vn\/wp-content\/uploads\/2016\/10\/cau-tao-may-tuyen-tu-bang-tai-2-500x375.jpg\" alt=\"\" width=\"500\" height=\"375\" srcset=\"https:\/\/namchamvn.com.vn\/wp-content\/uploads\/2016\/10\/cau-tao-may-tuyen-tu-bang-tai-2-500x375.jpg 500w, https:\/\/namchamvn.com.vn\/wp-content\/uploads\/2016\/10\/cau-tao-may-tuyen-tu-bang-tai-2-500x375-300x225.jpg 300w\" sizes=\"(max-width: 500px) 100vw, 500px\" \/><\/p>\n<h2 class=\"wp-caption-text\"><a href=\"http:\/\/bangtaiheesung.com\/\" target=\"_blank\" rel=\"noopener\">b\u0103ng t\u1ea3i<\/a> t\u1eeb l\u1ecdc s\u1eaft tr\u00ean b\u0103ng t\u1ea3i<\/h2>\n<\/div>\n<p><a href=\"https:\/\/namchamvn.com.vn\/bang-tai-cao-su\">B\u0103ng t\u1ea3i<\/a> t\u1eeb l\u1ecdc s\u1eaft tr\u00ean b\u0103ng t\u1ea3i \u0111\u01b0\u1ee3c c\u1ea5u t\u1ea1o v\u1edbi l\u00f5i l\u00e0 m\u1ed9t <strong>Nam ch\u00e2m ph\u1eb3ng<\/strong> ch\u1ee9a <strong>Nam ch\u00e2m \u0111\u1ea5t hi\u1ebfm<\/strong> hay <strong>Nam ch\u00e2m \u0111en<\/strong>, b\u00ean ngo\u00e0i d\u00e2y chuy\u1ec1n ch\u1ea1y b\u1eb1ng \u0111i\u1ec7n. M\u00e1y tuy\u1ec3n t\u1eeb b\u0103ng t\u1ea3i d\u1ea1ng treo th\u01b0\u1eddng \u0111\u01b0\u1ee3c treo tr\u00ean c\u00e1c b\u0103ng t\u1ea3i nguy\u00ean li\u1ec7u ch\u1ea1y qua, gi\u00fap lo\u1ea1i b\u1ecf t\u1ef1 \u0111\u1ed9ng c\u00e1c h\u1ea1t mang t\u1eeb l\u1eabn trong d\u00f2ng s\u1ea3n ph\u1ea9m ch\u1ea1y tr\u00ean b\u0103ng t\u1ea3i.<\/p>\n<p><iframe loading=\"lazy\" title=\"B\u0103ng t\u1ea3i t\u1eeb l\u1ecdc s\u1eaft tr\u00ean m\u1eb7t b\u0103ng t\u1ea3i - T&amp;T\" width=\"500\" height=\"375\" src=\"https:\/\/www.youtube.com\/embed\/ShbbJBtPOk8?feature=oembed\" frameborder=\"0\" allow=\"accelerometer; autoplay; clipboard-write; encrypted-media; gyroscope; picture-in-picture; web-share\" referrerpolicy=\"strict-origin-when-cross-origin\" allowfullscreen><\/iframe><\/p>\n<p><strong>M\u00e1y tuy\u1ec3n t\u1eeb b\u0103ng t\u1ea3i d\u1ea1ng treo<\/strong> thi\u1ebft k\u1ebf v\u1edbi nhi\u1ec1u h\u00ecnh d\u1ea1ng v\u00e0 k\u00edch th\u01b0\u1edbc kh\u00e1c nhau, ph\u1ee5 thu\u1ed9c v\u00e0o h\u1ec7 th\u1ed1ng s\u1eb5n c\u00f3 c\u1ee7a qu\u00fd kh\u00e1ch h\u00e0ng hay nhu c\u1ea7u s\u1eed d\u1ee5ng. Ch\u00fang c\u00f3 th\u1ec3 treo \u1edf nhi\u1ec1u v\u1ecb tr\u00ed kh\u00e1c nhau.<\/p>\n<h3><img loading=\"lazy\" decoding=\"async\" class=\"alignnone size-full wp-image-4316\" src=\"https:\/\/namchamvn.com.vn\/wp-content\/uploads\/2016\/10\/may-tuyen-tu-dang-treo.gif\" alt=\"\" width=\"258\" height=\"151\" \/><\/h3>\n<h3><strong>\u1ee8ng d\u1ee5ng C\u1ee7a B\u0103ng T\u1ea3i T\u1eeb:<\/strong><\/h3>\n<ul>\n<li>C\u00f4ng nghi\u1ec7p ch\u1ebf bi\u1ebfn th\u1ef1c ph\u1ea9m : tr\u00e0, cafe, \u0111\u01b0\u1eddng, ti\u00eau, b\u1ed9t m\u00ec, gia v\u1ecb, \u2026<\/li>\n<li>Nh\u00e0 m\u00e1y x\u1eed l\u00fd r\u00e1c th\u1ea3i.<\/li>\n<li>C\u00f4ng nghi\u1ec7p s\u1ea3n xu\u1ea5t b\u1ed9t kh\u00f4 : th\u1ee9c \u0103n gia s\u00fac \u2026<\/li>\n<li>C\u00f4ng nghi\u1ec7p khai kho\u00e1ng : qu\u1eb7ng titan, qu\u1eb7ng s\u1eaft, \u0111\u1ed3ng, ch\u00ec, \u2026<\/li>\n<li>C\u00f4ng nghi\u1ec7p nh\u1ef1a.<\/li>\n<li>C\u00f4ng nghi\u1ec7p th\u1ee7y tinh.<\/li>\n<\/ul>\n<p>Xem th\u00eam d\u00f2ng s\u1ea3n ph\u1ea9m <strong><a href=\"http:\/\/bangtaiheesung.com\/bang-tai-chiu-nhiet\/\" target=\"_blank\" rel=\"noopener\">b\u0103ng t\u1ea3i ch\u1ecbu nhi\u1ec7t heesung<\/a><\/strong><\/p>\n<p>Qu\u00fd kh\u00e1ch c\u00f3 nhu c\u1ea7u t\u00ecm hi\u1ec3u v\u00e0 s\u1eed d\u1ee5ng b\u0103ng t\u1ea3i t\u1eeb l\u1ecdc s\u1eaft tr\u00ean b\u0103ng t\u1ea3i vui l\u00f2ng li\u00ean h\u1ec7 Hotline: 0937.813.868 \u0111\u1ec3 \u0111\u01b0\u1ee3c t\u01b0 v\u1ea5n mi\u1ec5n ph\u00ed.<\/p>\n<p style=\"text-align: center;\">Qu\u00fd Kh\u00e1ch quan t\u00e2m vui l\u00f2ng li\u00ean h\u1ec7 cho Ch\u00fang t\u00f4i \u0111\u1ec3 \u0111\u01b0\u1ee3c t\u01b0 v\u1ea5n mi\u1ec5n ph\u00ed:<br \/>\nHotline: 0937.813.868 ho\u1eb7c 1800.6355 ( T\u1ed5ng \u0111\u00e0i g\u1ecdi mi\u1ec5n ph\u00ed).<br \/>\nTr\u00e2n tr\u1ecdng c\u1ea3m \u01a1n Qu\u00fd Kh\u00e1ch!<\/p>\n<p style=\"padding-left: 210px; text-align: center;\"><span style=\"font-family: 'times new roman', times, serif;\">\u00a0<span style=\"color: #ff0000;\">B\u0103ng T\u1ea3i HEESUNG<\/span><\/span><\/p>\n<p style=\"padding-left: 210px; text-align: center;\"><span style=\"color: #ff0000; font-family: 'times new roman', times, serif;\">\u00a0 Ch\u1ea5t L\u01b0\u1ee3ng H\u00e0ng \u0110\u1ea7u \u2013 Tu\u1ed5i Th\u1ecd B<\/span><\/p>\n","protected":false},"excerpt":{"rendered":"<p>M\u00c1Y TUY\u1ec2N T\u1eea B\u0102NG T\u1ea2I D\u1ea0NG TREO, B\u0102NG T\u1ea2I T\u1eea L\u1eccC S\u1eaeT TR\u00caN B\u0102NG T\u1ea2I b\u0103ng t\u1ea3i t\u1eeb l\u1ecdc s\u1eaft tr\u00ean b\u0103ng t\u1ea3i B\u0103ng t\u1ea3i t\u1eeb l\u1ecdc s\u1eaft tr\u00ean b\u0103ng t\u1ea3i \u0111\u01b0\u1ee3c c\u1ea5u t\u1ea1o v\u1edbi l\u00f5i l\u00e0 m\u1ed9t Nam ch\u00e2m ph\u1eb3ng ch\u1ee9a Nam ch\u00e2m \u0111\u1ea5t hi\u1ebfm hay Nam ch\u00e2m \u0111en, b\u00ean ngo\u00e0i d\u00e2y chuy\u1ec1n ch\u1ea1y [&hellip;]<\/p>\n","protected":false},"featured_media":4317,"comment_status":"open","ping_status":"closed","template":"","meta":{"rank_math_lock_modified_date":false},"product_cat":[392],"product_tag":[],"class_list":{"0":"post-1735","1":"product","2":"type-product","3":"status-publish","4":"has-post-thumbnail","6":"product_cat-con-lan","8":"first","9":"instock","10":"shipping-taxable","11":"product-type-simple"},"_links":{"self":[{"href":"https:\/\/namchamvn.com.vn\/en\/wp-json\/wp\/v2\/product\/1735"}],"collection":[{"href":"https:\/\/namchamvn.com.vn\/en\/wp-json\/wp\/v2\/product"}],"about":[{"href":"https:\/\/namchamvn.com.vn\/en\/wp-json\/wp\/v2\/types\/product"}],"replies":[{"embeddable":true,"href":"https:\/\/namchamvn.com.vn\/en\/wp-json\/wp\/v2\/comments?post=1735"}],"wp:featuredmedia":[{"embeddable":true,"href":"https:\/\/namchamvn.com.vn\/en\/wp-json\/wp\/v2\/media\/4317"}],"wp:attachment":[{"href":"https:\/\/namchamvn.com.vn\/en\/wp-json\/wp\/v2\/media?parent=1735"}],"wp:term":[{"taxonomy":"product_cat","embeddable":true,"href":"https:\/\/namchamvn.com.vn\/en\/wp-json\/wp\/v2\/product_cat?post=1735"},{"taxonomy":"product_tag","embeddable":true,"href":"https:\/\/namchamvn.com.vn\/en\/wp-json\/wp\/v2\/product_tag?post=1735"}],"curies":[{"name":"wp","href":"https:\/\/api.w.org\/{rel}","templated":true}]}}