{"id":1747,"date":"2016-10-11T04:37:16","date_gmt":"2016-10-11T04:37:16","guid":{"rendered":"https:\/\/namchamvn.com.vn\/san-pham\/bang-tai-cao-su-ep200\/?lang=en"},"modified":"2024-09-26T04:35:25","modified_gmt":"2024-09-26T04:35:25","slug":"bang-tai-cao-su-ep200","status":"publish","type":"product","link":"https:\/\/namchamvn.com.vn\/en\/san-pham\/bang-tai-cao-su-ep200","title":{"rendered":"B\u0103ng T\u1ea3i Cao Su EP200"},"content":{"rendered":"<h2><span style=\"font-family: 'times new roman', times, serif;\"><strong><em><a href=\"https:\/\/namchamvn.com.vn\/bang-tai-cao-su\">B\u0103ng t\u1ea3i cao su<\/a> Heesung EP200\/18Mpa<\/em><\/strong><\/span><\/h2>\n<p><span style=\"font-family: 'times new roman', times, serif;\">\u0110\u00e2y l\u00e0 s\u1ea3n ph\u1ea9m c\u00f3 l\u1edbp c\u1ed1t b\u1ed1 EP 1250 \/5ply\u00a0 &#8211; 18Mpa\u00a0 v\u1edbi c\u01b0\u1eddng \u0111\u1ed9 kh\u00e1ng m\u00f2n l\u00ean \u0111\u1ebfn 18MP. Lo\u1ea1i Heesung EP200 n\u00e0y c\u00f3 th\u1ec3 n\u00f3i t\u00f4t nh\u1ea5t th\u1ecb tr\u01b0\u1eddng hi\u1ec7n nay .T&amp;T s\u1ebd b\u1ea3o h\u00e0nh 12 &#8211; 36 th\u00e1ng \u0111\u1ed1i v\u1edbi t\u1ea3i c\u00e1c s\u1ea3n ph\u1ea9m d\u1ea1ng c\u1ee5c v\u1eeba v\u00e0 d\u1ea1ng h\u1ea1t . \u0110\u00e2y l\u00e0 s\u1ea3n ph\u1ea9m c\u00f3 th\u1eddi gian b\u1ea3o h\u00e0nh l\u00e2u nh\u1ea5t tr\u00ean th\u1ecb tr\u01b0\u1eddng vi\u1ec7t Nam hi\u1ec7n nay . H\u1ecfng do l\u1ed7i s\u1ea3n xu\u1ea5t xin ho\u00e0n ti\u1ec1n ho\u1eb7c \u0111\u1ed5i tr\u1ea3 m\u1edbi mi\u1ec5n ph\u00ed .<\/span><\/p>\n<h3><span style=\"font-family: 'times new roman', times, serif;\"><em><strong>T\u1ea1i sao <\/strong><a href=\"http:\/\/bangtaiheesung.com\/bang-tai-bo\/ep\/\" target=\"_blank\" rel=\"noopener\">b\u0103ng t\u1ea3i Heesung EP 200<\/a><strong> t\u1ed1t nh\u1ea5t th\u1ecb tr\u01b0\u1eddng hi\u1ec7n nay ?<\/strong><\/em><\/span><\/h3>\n<ul>\n<li><span style=\"font-family: 'times new roman', times, serif;\">Ch\u00ednh v\u00ec c\u00f3 l\u1ef1c kh\u00e1ng m\u00e0i m\u00f2n l\u00e0 c\u1ef1c t\u1ed1t \u0111\u1ebfn 18 MPA n\u00ean lo\u1ea1i \u00a0b\u0103ng t\u1ea3i n\u00e0y ch\u1ecbu \u0111\u01b0\u1ee3c m\u1ecdi th\u1eed th\u00e1ch \u0111\u1ed1i v\u1edbi c\u00e1c y\u00eau c\u1ea7u d\u00f9 l\u00e0 kh\u00e1c nghi\u1ec7t nh\u1ea5t .Nh\u01b0 v\u1eadt li\u1ec7u t\u1ea3i l\u1edbn ,t\u1ed1c \u0111\u1ed9 ch\u1ea1y c\u1ee7a v\u1eadt li\u1ec7u cao m\u00e0 c\u00e1c b\u0103ng b\u00ecnh th\u01b0\u1eddng kh\u00e1c kh\u00f4ng h\u1ec1 c\u00f3 \u0111\u01b0\u1ee3c .<\/span><\/li>\n<li><span style=\"font-family: 'times new roman', times, serif;\">Hi\u1ec7n nay c\u00e1c b\u0103ng t\u1ea3i ph\u1ed5 th\u00f4ng th\u1ecb tr\u01b0\u1eddng \u0111a ph\u1ea7n c\u00f3 \u0111\u1ed9 kh\u00e1ng m\u00e0i m\u00f2n ch\u1ec9 t\u1eeb 6-8Mpa v\u00e0 kh\u00f4ng th\u1ec3 ch\u1ecbu t\u1ea3i d\u1ea1ng v\u00e2t li\u1ec7u d\u1ea1ng c\u1ee5c l\u1edbn ,t\u1ed1c \u0111\u1ed9 b\u0103ng t\u1ea3i nhanh.Nh\u1eefng lo\u1ea1i b\u0103ng t\u1ea3i ph\u1ed5 th\u00f4ng \u1ea5y kh\u00f4ng th\u1ec3 d\u00f9ng cho vi\u1ec7c khai th\u00e1c \u0111\u00e1,t\u1ea3i than tuy\u1ebfn d\u00e0i,s\u1ea3n xu\u1ea5t qu\u1eb7ng .,xi m\u0103ng tuy\u1ebfn nguy\u00ean li\u1ec7u ..n\u1ebfu c\u00f3 d\u00f9ng ch\u1ec9 \u0111\u01b0\u1ee3c 3 th\u00e1ng .<\/span><\/li>\n<\/ul>\n<h4>\u00a0Qu\u00fd kh\u00e1ch c\u00f3 th\u1ec3 xem qua d\u00f2ng s\u1ea3n ph\u1ea9m <a href=\"http:\/\/bangtaiheesung.com\/bang-tai-chiu-nhiet\/\" target=\"_blank\" rel=\"noopener\">b\u0103ng t\u1ea3i ch\u1ecbu nhi\u1ec7t c\u00f4ng ngh\u1ec7 h\u00e0n qu\u1ed1c<\/a><\/h4>\n<p><span lang=\"EN-US\" style=\"font-family: 'times new roman', times, serif;\">Duy nh\u1ea5t ch\u1ec9 c\u00f3 t\u1ea1i T&amp;T. \u0110\u1ec3 tr\u00e1nh mua ph\u1ea3i h\u00e0ng gi\u1ea3, h\u00e0ng k\u00e9m ch\u1ea5t l\u01b0\u1ee3ng h\u00e3y nh\u1ea5c m\u00e1y g\u1ecdi cho ch\u00fang t\u00f4i theo s\u1ed1 <strong>0466748968<\/strong> ho\u1eb7c<span style=\"color: #ff0000;\"> <strong>0983459738 <\/strong><\/span>\u0111\u1ec3 \u0111\u01b0\u1ee3c t\u01b0 v\u1ea5n \u0111\u1ec3 qu\u00fd kh\u00e1ch h\u00e0ng c\u00f3 th\u1ec3 <a href=\"http:\/\/bangtaiheesung.com\/\" target=\"_blank\" rel=\"noopener\"><strong>mua b\u0103ng t\u1ea3i cao su<\/strong><\/a> gi\u00e1 r\u1ebb nh\u1ea5t<\/span><\/p>\n<h4><span style=\"font-family: 'times new roman', times, serif;\"><strong>Th\u00f4ng s\u1ed1 K\u1ef9 Thu\u1eadt B\u0103ng t\u1ea3i\u00a0 Heesung Ep200<\/strong><\/span><\/h4>\n<table border=\"1\" cellspacing=\"0\" cellpadding=\"0\">\n<tbody>\n<tr>\n<td colspan=\"3\" valign=\"top\" width=\"220\">\n<p align=\"center\"><span style=\"font-family: 'times new roman', times, serif;\">M\u00e3 s\u1ed1 v\u1ea3i s\u1ee3i<\/span><\/p>\n<\/td>\n<td colspan=\"2\" valign=\"top\" width=\"428\">\n<p align=\"center\"><span style=\"font-family: 'times new roman', times, serif;\">EP &#8211; 200<\/span><\/p>\n<\/td>\n<\/tr>\n<tr>\n<td colspan=\"3\" valign=\"top\" width=\"220\">\n<p align=\"center\"><span style=\"font-family: 'times new roman', times, serif;\">\u0110\u1ed9 d\u00e0y v\u1ea3i cao su<\/span><\/p>\n<\/td>\n<td colspan=\"2\" valign=\"top\" width=\"428\">\n<p align=\"center\"><span style=\"font-family: 'times new roman', times, serif;\">1.20<\/span><\/p>\n<\/td>\n<\/tr>\n<tr>\n<td rowspan=\"6\" valign=\"top\" width=\"149\">\n<p align=\"center\"><span style=\"font-family: 'times new roman', times, serif;\">\u00a0\u00a0\u00a0\u00a0\u00a0\u00a0\u00a0\u00a0\u00a0\u00a0\u00a0\u00a0\u00a0\u00a0\u00a0\u00a0\u00a0\u00a0\u00a0\u00a0\u00a0\u00a0\u00a0\u00a0\u00a0\u00a0\u00a0\u00a0\u00a0\u00a0\u00a0\u00a0 C\u01b0\u1eddng \u0111\u1ed9 k\u00e9o gi\u00e3n Theo chi\u1ec1u d\u1ecdc (KN\/m)<\/span><\/p>\n<\/td>\n<td colspan=\"2\" valign=\"top\" width=\"71\">\n<p align=\"center\"><span style=\"font-family: 'times new roman', times, serif;\">03 l\u1edbp<\/span><\/p>\n<\/td>\n<td colspan=\"2\" valign=\"top\" width=\"428\">\n<p align=\"center\"><span style=\"font-family: 'times new roman', times, serif;\">750<\/span><\/p>\n<\/td>\n<\/tr>\n<tr>\n<td colspan=\"2\" valign=\"top\" width=\"71\">\n<p align=\"center\"><span style=\"font-family: 'times new roman', times, serif;\">04 l\u1edbp<\/span><\/p>\n<\/td>\n<td colspan=\"2\" valign=\"top\" width=\"428\">\n<p align=\"center\"><span style=\"font-family: 'times new roman', times, serif;\">1000<\/span><\/p>\n<\/td>\n<\/tr>\n<tr>\n<td colspan=\"2\" valign=\"top\" width=\"71\">\n<p align=\"center\"><span style=\"font-family: 'times new roman', times, serif;\">05 l\u1edbp<\/span><\/p>\n<\/td>\n<td colspan=\"2\" valign=\"top\" width=\"428\">\n<p align=\"center\"><span style=\"font-family: 'times new roman', times, serif;\">1250<\/span><\/p>\n<\/td>\n<\/tr>\n<tr>\n<td colspan=\"2\" valign=\"top\" width=\"71\">\n<p align=\"center\"><span style=\"font-family: 'times new roman', times, serif;\">06 l\u1edbp<\/span><\/p>\n<\/td>\n<td colspan=\"2\" valign=\"top\" width=\"428\"><span style=\"font-family: 'times new roman', times, serif;\">\u00a0\u00a0\u00a0 \u00a0\u00a0\u00a0\u00a0\u00a0\u00a0\u00a0\u00a0\u00a0\u00a0\u00a0\u00a0\u00a0\u00a0\u00a0\u00a0 \u00a0\u00a0\u00a0\u00a0\u00a0\u00a0\u00a0\u00a0\u00a0\u00a0\u00a0\u00a0\u00a0\u00a0\u00a0\u00a0\u00a0\u00a0\u00a0\u00a0\u00a0\u00a0\u00a0\u00a0\u00a0\u00a0\u00a0\u00a0\u00a01500<\/span><\/td>\n<\/tr>\n<tr>\n<td colspan=\"2\" valign=\"top\" width=\"71\">\n<p align=\"center\"><span style=\"font-family: 'times new roman', times, serif;\">07 l\u1edbp<\/span><\/p>\n<\/td>\n<td colspan=\"2\" valign=\"top\" width=\"428\">\n<p align=\"center\"><span style=\"font-family: 'times new roman', times, serif;\">1750<\/span><\/p>\n<\/td>\n<\/tr>\n<tr>\n<td colspan=\"2\" valign=\"top\" width=\"71\">\n<p align=\"center\"><span style=\"font-family: 'times new roman', times, serif;\">08 l\u1edbp<\/span><\/p>\n<\/td>\n<td colspan=\"2\" valign=\"top\" width=\"428\">\n<p align=\"center\"><span style=\"font-family: 'times new roman', times, serif;\">2000<\/span><\/p>\n<\/td>\n<\/tr>\n<tr>\n<td colspan=\"3\" valign=\"top\" width=\"220\">\n<p align=\"center\"><span style=\"font-family: 'times new roman', times, serif;\">L\u1ef1c d\u00ednh l\u1edbp gi\u1eefa (N\/mm)<\/span><\/p>\n<\/td>\n<td colspan=\"2\" valign=\"top\" width=\"428\">\n<p align=\"center\"><span style=\"font-family: 'times new roman', times, serif;\">\u2265 4.5<\/span><\/p>\n<\/td>\n<\/tr>\n<tr>\n<td colspan=\"3\" valign=\"top\" width=\"220\">\n<p align=\"center\"><span style=\"font-family: 'times new roman', times, serif;\">T\u1ef7 l\u1ec7 co gi\u00e3n l\u1ef1c tham kh\u1ea3o<\/span><\/p>\n<\/td>\n<td colspan=\"2\" valign=\"top\" width=\"428\">\n<p align=\"center\"><span style=\"font-family: 'times new roman', times, serif;\">\u2264 4%<\/span><\/p>\n<\/td>\n<\/tr>\n<tr>\n<td colspan=\"3\" valign=\"top\" width=\"220\">\n<p align=\"center\"><span style=\"font-family: 'times new roman', times, serif;\">Ph\u1ea1m vi c\u1ee7a \u0111\u1ed9 r\u1ed9ng (mm)<\/span><\/p>\n<\/td>\n<td colspan=\"2\" valign=\"top\" width=\"428\">\n<p align=\"center\"><span style=\"font-family: 'times new roman', times, serif;\">200 ~ 160<\/span><\/p>\n<\/td>\n<\/tr>\n<tr>\n<td colspan=\"2\" rowspan=\"2\" valign=\"top\" width=\"160\">\n<p align=\"center\"><span style=\"font-family: 'times new roman', times, serif;\">\u0110\u1ed9 d\u00e0y cao su ph\u1ee7 (mm)<\/span><\/p>\n<\/td>\n<td valign=\"top\" width=\"60\">\n<p align=\"center\"><span style=\"font-family: 'times new roman', times, serif;\">tr\u00ean<\/span><\/p>\n<\/td>\n<td colspan=\"2\" valign=\"top\" width=\"428\">\n<p align=\"center\"><span style=\"font-family: 'times new roman', times, serif;\">2 ~ 8<\/span><\/p>\n<\/td>\n<\/tr>\n<tr>\n<td valign=\"top\" width=\"60\">\n<p align=\"center\"><span style=\"font-family: 'times new roman', times, serif;\">d\u01b0\u1edbi<\/span><\/p>\n<\/td>\n<td colspan=\"2\" valign=\"top\" width=\"428\">\n<p align=\"center\"><span style=\"font-family: 'times new roman', times, serif;\">0 ~ 4.5<\/span><\/p>\n<\/td>\n<\/tr>\n<tr>\n<td colspan=\"3\" valign=\"top\" width=\"220\">\n<p align=\"center\"><span style=\"font-family: 'times new roman', times, serif;\">\u0110\u1ed9 d\u00e0i cu\u1ed9n b\u0103ng t\u1ea3i (m\/ cu\u1ed9n)<\/span><\/p>\n<\/td>\n<td valign=\"top\" width=\"72\">\n<p align=\"center\"><span style=\"font-family: 'times new roman', times, serif;\">\u2264 250m<\/span><\/p>\n<\/td>\n<td valign=\"top\" width=\"356\"><span style=\"font-family: 'times new roman', times, serif;\">\u00a0\u00a0\u00a0\u00a0\u00a0\u00a0\u00a0\u00a0\u00a0\u00a0\u00a0\u00a0\u00a0\u00a0\u00a0\u00a0\u00a0\u00a0\u00a0\u00a0\u00a0\u00a0\u00a0\u00a0\u00a0\u00a0\u00a0\u00a0\u00a0\u00a0\u00a0\u00a0 \u2264 200m<\/span><\/td>\n<\/tr>\n<\/tbody>\n<\/table>\n<p style=\"text-align: center;\">Qu\u00fd Kh\u00e1ch quan t\u00e2m vui l\u00f2ng li\u00ean h\u1ec7 cho Ch\u00fang t\u00f4i \u0111\u1ec3 \u0111\u01b0\u1ee3c t\u01b0 v\u1ea5n mi\u1ec5n ph\u00ed:<br \/>\nHotline: 0937.813.868 ho\u1eb7c 1800.6355 ( T\u1ed5ng \u0111\u00e0i g\u1ecdi mi\u1ec5n ph\u00ed).<br \/>\nTr\u00e2n tr\u1ecdng c\u1ea3m \u01a1n Qu\u00fd Kh\u00e1ch!<\/p>\n<p style=\"padding-left: 210px; text-align: center;\"><span style=\"font-family: 'times new roman', times, serif;\">\u00a0<span style=\"color: #ff0000;\">B\u0103ng T\u1ea3i HEESUNG<\/span><\/span><\/p>\n<p style=\"padding-left: 210px; text-align: center;\"><span style=\"color: #ff0000; font-family: 'times new roman', times, serif;\">\u00a0 Ch\u1ea5t L\u01b0\u1ee3ng H\u00e0ng \u0110\u1ea7u \u2013 Tu\u1ed5i Th\u1ecd B\u1ec1n L\u00e2u<\/span><\/p>\n","protected":false},"excerpt":{"rendered":"<p>B\u0103ng t\u1ea3i cao su Heesung EP200\/18Mpa \u0110\u00e2y l\u00e0 s\u1ea3n ph\u1ea9m c\u00f3 l\u1edbp c\u1ed1t b\u1ed1 EP 1250 \/5ply\u00a0 &#8211; 18Mpa\u00a0 v\u1edbi c\u01b0\u1eddng \u0111\u1ed9 kh\u00e1ng m\u00f2n l\u00ean \u0111\u1ebfn 18MP. Lo\u1ea1i Heesung EP200 n\u00e0y c\u00f3 th\u1ec3 n\u00f3i t\u00f4t nh\u1ea5t th\u1ecb tr\u01b0\u1eddng hi\u1ec7n nay .T&amp;T s\u1ebd b\u1ea3o h\u00e0nh 12 &#8211; 36 th\u00e1ng \u0111\u1ed1i v\u1edbi t\u1ea3i c\u00e1c s\u1ea3n ph\u1ea9m d\u1ea1ng [&hellip;]<\/p>\n","protected":false},"featured_media":1529,"comment_status":"open","ping_status":"closed","template":"","meta":{"rank_math_lock_modified_date":false},"product_cat":[392],"product_tag":[],"class_list":{"0":"post-1747","1":"product","2":"type-product","3":"status-publish","4":"has-post-thumbnail","6":"product_cat-con-lan","8":"first","9":"instock","10":"shipping-taxable","11":"product-type-simple"},"_links":{"self":[{"href":"https:\/\/namchamvn.com.vn\/en\/wp-json\/wp\/v2\/product\/1747"}],"collection":[{"href":"https:\/\/namchamvn.com.vn\/en\/wp-json\/wp\/v2\/product"}],"about":[{"href":"https:\/\/namchamvn.com.vn\/en\/wp-json\/wp\/v2\/types\/product"}],"replies":[{"embeddable":true,"href":"https:\/\/namchamvn.com.vn\/en\/wp-json\/wp\/v2\/comments?post=1747"}],"wp:featuredmedia":[{"embeddable":true,"href":"https:\/\/namchamvn.com.vn\/en\/wp-json\/wp\/v2\/media\/1529"}],"wp:attachment":[{"href":"https:\/\/namchamvn.com.vn\/en\/wp-json\/wp\/v2\/media?parent=1747"}],"wp:term":[{"taxonomy":"product_cat","embeddable":true,"href":"https:\/\/namchamvn.com.vn\/en\/wp-json\/wp\/v2\/product_cat?post=1747"},{"taxonomy":"product_tag","embeddable":true,"href":"https:\/\/namchamvn.com.vn\/en\/wp-json\/wp\/v2\/product_tag?post=1747"}],"curies":[{"name":"wp","href":"https:\/\/api.w.org\/{rel}","templated":true}]}}