{"id":1748,"date":"2016-10-11T04:28:19","date_gmt":"2016-10-11T04:28:19","guid":{"rendered":"https:\/\/namchamvn.com.vn\/san-pham\/bang-tai-cao-su-ep100\/?lang=en"},"modified":"2024-09-26T04:36:25","modified_gmt":"2024-09-26T04:36:25","slug":"bang-tai-cao-su-ep100","status":"publish","type":"product","link":"https:\/\/namchamvn.com.vn\/en\/san-pham\/bang-tai-cao-su-ep100","title":{"rendered":"B\u0103ng T\u1ea3i Cao Su EP100"},"content":{"rendered":"<h1><strong>B\u0103ng t\u1ea3i cao su Heesung EP 100<\/strong><\/h1>\n<h2><strong>\u0110\u1eb7c \u0111i\u1ec3m C\u1ee7a B\u0103ng T\u1ea3i Cao Su HeeSung<\/strong><\/h2>\n<div>\u0110\u00e2y l\u00e0 lo\u1ea1i <a href=\"https:\/\/namchamvn.com.vn\/bang-tai-cao-su\">b\u0103ng t\u1ea3i cao su<\/a> ph\u1ed5 th\u00f4ng \u0111\u01b0\u1ee3c s\u1ea3n xu\u1ea5t tr\u00ean d\u00e2y chuy\u1ec1n c\u00f4ng ngh\u1ec7 c\u1ee7a H\u00e0n Qu\u1ed1c,\u00a0c\u00f3 c\u01b0\u1eddng \u0111\u1ed9 kh\u00e1ng m\u00f2n cao, \u0111\u1ed9 d\u00e0y l\u1edbp v\u1ea3i\u00a0cao su ch\u1ea5t l\u01b0\u1ee3ng t\u1ed1t, c\u00f3 t\u00ednh ch\u1ed1ng co gi\u00e3n cao, t\u00ednh n\u0103ng t\u1ea1o m\u00e1ng \u01b0u vi\u1ec7t theo chi\u1ec1u ngang, ch\u1ecbu n\u01b0\u1edbc t\u1ed1t, h\u1ec7 s\u1ed1 an to\u00e0n cao, th\u00edch h\u1ee3p \u0111\u1ec3 chuy\u1ec1n t\u1ea3i nh\u1eefng v\u1eadt li\u1ec7u c\u00f3 t\u1ea3i tr\u1ecdng trung b\u00ecnh v\u00e0 tr\u00ean trung b\u00ecnh\u00a0\u1edf kho\u1ea3ng c\u00e1ch v\u1eeba v\u00e0 xa.\u00a0<strong><a href=\"http:\/\/bangtaiheesung.com\" target=\"_blank\" rel=\"noopener\">B\u0103ng t\u1ea3i Heesung<\/a><\/strong> \u0111\u01b0\u1ee3c \u0111\u01b0a v\u00e0o th\u1ecb tr\u01b0\u1eddng VN h\u01a1n 8\u00a0n\u0103m qua v\u00e0 \u0111\u01b0\u1ee3c c\u00e1c kh\u00e1ch h\u00e0ng, \u0111\u1ed1i t\u00e1c tin c\u1eady \u0111\u00e1nh gi\u00e1 l\u00e0 m\u1ed9t trong nh\u1eefng lo\u1ea1i b\u0103ng t\u1ea3i t\u1ed1t nh\u1ea5t th\u1ecb tr\u01b0\u1eddng Vi\u1ec7t Nam hi\u1ec7n nay b\u00ean c\u1ea1nh hai \u0111\u01a1n v\u1ecb kh\u00e1c l\u00e0 b\u0103ng t\u1ea3i cao su RUBECO c\u1ee7a Cao Su B\u1ebfn Th\u00e0nh v\u00e0 B\u0103ng t\u1ea3i c\u1ee7a nh\u00e0 m\u00e1y Z175 BQP<i>.<\/i><\/div>\n<div><\/div>\n<div>\u00a0<img loading=\"lazy\" decoding=\"async\" class=\"alignnone size-medium wp-image-559\" src=\"https:\/\/namchamvn.com.vn\/wp-content\/uploads\/2016\/10\/b\u0103ng-t\u1ea3i-cao-su-heesung-300x195.jpg\" alt=\"bang-tai-cao-su-heesung\" width=\"300\" height=\"195\" srcset=\"https:\/\/namchamvn.com.vn\/wp-content\/uploads\/2016\/10\/b\u0103ng-t\u1ea3i-cao-su-heesung-300x195.jpg 300w, https:\/\/namchamvn.com.vn\/wp-content\/uploads\/2016\/10\/b\u0103ng-t\u1ea3i-cao-su-heesung-768x498.jpg 768w, https:\/\/namchamvn.com.vn\/wp-content\/uploads\/2016\/10\/b\u0103ng-t\u1ea3i-cao-su-heesung-1024x665.jpg 1024w\" sizes=\"(max-width: 300px) 100vw, 300px\" \/><\/div>\n<h3><strong><span style=\"font-size: medium;\">C\u1ea5u T\u1ea1o\u00a0C\u1ee7a B\u0103ng T\u1ea3i Cao Su HeeSung<\/span><\/strong><\/h3>\n<div><span style=\"font-size: medium;\">S\u1eed d\u1ee5ng lo\u1ea1i l\u1edbp b\u1ed1 l\u00e0 Polyester (EP), ch\u1ee7ng lo\u1ea1i l\u1edbp b\u1ed1 l\u00e0 EP100, \u0111\u1ed9 d\u00e0y l\u1edbp b\u1ed1 0.75mm\/ l\u1edbp b\u1ed1. C\u00f3 c\u01b0\u1eddng \u0111\u1ed9 ch\u1ecbu t\u1ea3i 100N\/mm tr\u00ean 1 l\u1edbp b\u1ed1, c\u01b0\u1eddng \u0111\u1ed9 kh\u00e1ng m\u00f2n l\u00e0 10MPA, \u0111\u1ed9 d\u1ea7y b\u1ec1 m\u1eb7t tr\u00ean 2 \u2013 8, m\u1eb7t d\u01b0\u1edbi l\u00e0 0 \u2013 4.5mm t\u00f9y theo y\u00eau c\u1ea7u ho\u1eb7c \u0111i\u1ec1u ki\u1ec7n s\u1eed d\u1ee5ng c\u1ee7a kh\u00e1ch h\u00e0ng, kh\u1ed5 r\u1ed9ng b\u0103ng l\u00e0 t\u1eeb B400 \u2013 B2,500mm, d\u00e0i t\u1ed1i \u0111a 300m\/ cu\u1ed9n. C\u00f3 th\u1ec3 d\u00e0i h\u01a1n n\u1ebfu kh\u00e1ch h\u00e0ng y\u00eau c\u1ea7u.<\/span><\/div>\n<div><\/div>\n<div>\n<h3 style=\"text-align: justify;\"><strong><a href=\"http:\/\/bangtaiheesung.com\/bang-tai-chiu-nhiet\/\" target=\"_blank\" rel=\"noopener\">Th\u00f4ng s\u1ed1 k\u1ef9 thu\u1eadt B\u0103ng T\u1ea3i Cao Su<\/a> HeeSung<\/strong><\/h3>\n<table style=\"height: 291px;\" border=\"0\" width=\"498\" cellspacing=\"0\" cellpadding=\"0\">\n<tbody>\n<tr>\n<td width=\"637\">\n<table style=\"height: 142px;\" border=\"1\" width=\"245\" cellspacing=\"0\" cellpadding=\"0\">\n<tbody>\n<tr style=\"text-align: justify;\">\n<td rowspan=\"2\" width=\"59\">\n<div style=\"text-align: center;\" align=\"center\">Lo\u1ea1i b\u0103ng t\u1ea3i<\/div>\n<\/td>\n<td style=\"text-align: center;\" colspan=\"2\" width=\"132\">\n<div align=\"center\">C\u1ea5u tr\u00fac v\u1ea3i<\/div>\n<\/td>\n<td style=\"text-align: center;\" rowspan=\"2\" width=\"53\">\n<div align=\"center\">Lo\u1ea1i v\u1ea3i<\/div>\n<\/td>\n<td style=\"text-align: center;\" rowspan=\"2\" width=\"60\">\n<div align=\"center\">\u0110\u1ed9 d\u00e0y l\u1edbp v\u1ea3i b\u1ed1(mm\/P)<\/div>\n<\/td>\n<td style=\"text-align: center;\" colspan=\"5\" width=\"164\">\n<div align=\"center\">H\u1ec7 s\u1ed1 c\u01b0\u1eddng l\u1ef1c (N\/mm)<\/div>\n<\/td>\n<td style=\"text-align: center;\" colspan=\"2\" width=\"78\">\n<div align=\"center\">\u0110\u1ed9 ph\u1ee7 cao su(mm)<\/div>\n<\/td>\n<td style=\"text-align: center;\" rowspan=\"2\" width=\"36\">\n<div align=\"center\">Kh\u1ed5 r\u1ed9ng b\u0103ng t\u1ea3i (mm)<\/div>\n<\/td>\n<td style=\"text-align: center;\" rowspan=\"2\" width=\"41\">\n<div align=\"center\">Chi\u1ec1u d\u00e0i cu\u1ed9n<\/div>\n<div align=\"center\">(m)<\/div>\n<\/td>\n<\/tr>\n<tr style=\"text-align: justify;\">\n<td width=\"66\">\n<div align=\"center\">S\u1ee3i d\u1ecdc<\/div>\n<\/td>\n<td width=\"66\">\n<div align=\"center\">S\u1ee3i ngang<\/div>\n<\/td>\n<td width=\"26\">\n<div align=\"center\">2 l\u1edbp<\/div>\n<\/td>\n<td width=\"28\">\n<div align=\"center\">3 l\u1edbp<\/div>\n<\/td>\n<td width=\"38\">\n<div align=\"center\">4 l\u1edbp<\/div>\n<\/td>\n<td width=\"36\">\n<div align=\"center\">5 l\u1edbp<\/div>\n<\/td>\n<td width=\"36\">\n<div align=\"center\">6 l\u1edbp<\/div>\n<\/td>\n<td width=\"42\">\n<div align=\"center\">\u0110\u1ed9 ph\u1ee7 cao su m\u1eb7t tr\u00ean<\/div>\n<\/td>\n<td width=\"36\">\n<div align=\"center\">\u0110\u1ed9 ph\u1ee7 cao su m\u1eb7t d\u01b0\u1edbi<\/div>\n<\/td>\n<\/tr>\n<tr>\n<td style=\"text-align: justify;\" rowspan=\"9\" width=\"59\">\n<div align=\"center\"><span style=\"color: #ff0000;\">EP<\/span><\/div>\n<\/td>\n<td style=\"text-align: justify;\" rowspan=\"9\" width=\"66\">\n<div align=\"center\"><span style=\"color: #ff0000;\">Polyester<\/span><\/div>\n<\/td>\n<td style=\"text-align: justify;\" rowspan=\"9\" width=\"66\">\n<div align=\"center\"><span style=\"color: #ff0000;\">olyester<\/span><\/div>\n<\/td>\n<td style=\"text-align: justify;\" width=\"53\"><\/td>\n<td style=\"text-align: justify;\" width=\"60\"><\/td>\n<td style=\"text-align: justify;\" width=\"26\"><\/td>\n<td style=\"text-align: justify;\" width=\"28\"><\/td>\n<td style=\"text-align: justify;\" width=\"38\"><\/td>\n<td style=\"text-align: justify;\" width=\"36\"><\/td>\n<td style=\"text-align: justify;\" width=\"36\"><\/td>\n<td style=\"text-align: justify;\" rowspan=\"9\" width=\"42\">\n<div align=\"center\">2.0~8<\/div>\n<\/td>\n<td style=\"text-align: justify;\" rowspan=\"9\" width=\"36\">\n<div align=\"center\">0~<\/div>\n<div align=\"center\">4.5<\/div>\n<\/td>\n<td style=\"text-align: justify;\" rowspan=\"3\" width=\"36\">\n<div align=\"center\"><span style=\"color: #ff0000;\">400~2500<\/span><\/div>\n<\/td>\n<td rowspan=\"9\" width=\"41\">\n<div style=\"text-align: justify;\" align=\"center\"><span style=\"color: #ff0000;\">\u2264300<\/span><\/div>\n<\/td>\n<\/tr>\n<tr>\n<td width=\"53\">\n<div align=\"center\"><span style=\"color: #ff0000;\">EP-100<\/span><\/div>\n<\/td>\n<td width=\"60\">\n<div align=\"center\"><span style=\"color: #ff0000;\">0.75<\/span><\/div>\n<\/td>\n<td width=\"26\">\n<div align=\"center\"><span style=\"color: #ff0000;\">200<\/span><\/div>\n<\/td>\n<td width=\"28\">\n<div align=\"center\"><span style=\"color: #ff0000;\">300<\/span><\/div>\n<\/td>\n<td width=\"38\">\n<div align=\"center\"><span style=\"color: #ff0000;\">400<\/span><\/div>\n<\/td>\n<td width=\"36\">\n<div align=\"center\"><span style=\"color: #ff0000;\">500<\/span><\/div>\n<\/td>\n<td width=\"36\">\n<div align=\"center\"><span style=\"color: #ff0000;\">600<\/span><\/div>\n<\/td>\n<\/tr>\n<tr>\n<td width=\"53\"><\/td>\n<td width=\"60\"><\/td>\n<td width=\"26\"><\/td>\n<td width=\"28\"><\/td>\n<td width=\"38\"><\/td>\n<td width=\"36\"><\/td>\n<td width=\"36\"><\/td>\n<\/tr>\n<\/tbody>\n<\/table>\n<\/td>\n<\/tr>\n<\/tbody>\n<\/table>\n<p style=\"text-align: center;\">\u00a0<span style=\"color: #ff0000;\">B\u0103ng T\u1ea3i HEESUNG<\/span>Qu\u00fd Kh\u00e1ch quan t\u00e2m vui l\u00f2ng li\u00ean h\u1ec7 cho Ch\u00fang t\u00f4i \u0111\u1ec3 \u0111\u01b0\u1ee3c t\u01b0 v\u1ea5n mi\u1ec5n ph\u00ed:<br \/>\nHotline: 0937.813.868 ho\u1eb7c 1800.6355 ( T\u1ed5ng \u0111\u00e0i g\u1ecdi mi\u1ec5n ph\u00ed).<br \/>\nTr\u00e2n tr\u1ecdng c\u1ea3m \u01a1n Qu\u00fd Kh\u00e1ch!<\/p>\n<p style=\"padding-left: 150px; text-align: center;\"><span style=\"color: #ff0000; font-family: 'times new roman', times, serif;\">\u00a0 Ch\u1ea5t L\u01b0\u1ee3ng H\u00e0ng \u0110\u1ea7u \u2013 Tu\u1ed5i Th\u1ecd B\u1ec1n L\u00e2u<\/span><\/p>\n<\/div>\n","protected":false},"excerpt":{"rendered":"<p>B\u0103ng t\u1ea3i cao su Heesung EP 100 \u0110\u1eb7c \u0111i\u1ec3m C\u1ee7a B\u0103ng T\u1ea3i Cao Su HeeSung \u0110\u00e2y l\u00e0 lo\u1ea1i b\u0103ng t\u1ea3i cao su ph\u1ed5 th\u00f4ng \u0111\u01b0\u1ee3c s\u1ea3n xu\u1ea5t tr\u00ean d\u00e2y chuy\u1ec1n c\u00f4ng ngh\u1ec7 c\u1ee7a H\u00e0n Qu\u1ed1c,\u00a0c\u00f3 c\u01b0\u1eddng \u0111\u1ed9 kh\u00e1ng m\u00f2n cao, \u0111\u1ed9 d\u00e0y l\u1edbp v\u1ea3i\u00a0cao su ch\u1ea5t l\u01b0\u1ee3ng t\u1ed1t, c\u00f3 t\u00ednh ch\u1ed1ng co gi\u00e3n cao, t\u00ednh [&hellip;]<\/p>\n","protected":false},"featured_media":1352,"comment_status":"open","ping_status":"closed","template":"","meta":{"rank_math_lock_modified_date":false},"product_cat":[392],"product_tag":[],"class_list":{"0":"post-1748","1":"product","2":"type-product","3":"status-publish","4":"has-post-thumbnail","6":"product_cat-con-lan","8":"first","9":"instock","10":"shipping-taxable","11":"product-type-simple"},"_links":{"self":[{"href":"https:\/\/namchamvn.com.vn\/en\/wp-json\/wp\/v2\/product\/1748"}],"collection":[{"href":"https:\/\/namchamvn.com.vn\/en\/wp-json\/wp\/v2\/product"}],"about":[{"href":"https:\/\/namchamvn.com.vn\/en\/wp-json\/wp\/v2\/types\/product"}],"replies":[{"embeddable":true,"href":"https:\/\/namchamvn.com.vn\/en\/wp-json\/wp\/v2\/comments?post=1748"}],"wp:featuredmedia":[{"embeddable":true,"href":"https:\/\/namchamvn.com.vn\/en\/wp-json\/wp\/v2\/media\/1352"}],"wp:attachment":[{"href":"https:\/\/namchamvn.com.vn\/en\/wp-json\/wp\/v2\/media?parent=1748"}],"wp:term":[{"taxonomy":"product_cat","embeddable":true,"href":"https:\/\/namchamvn.com.vn\/en\/wp-json\/wp\/v2\/product_cat?post=1748"},{"taxonomy":"product_tag","embeddable":true,"href":"https:\/\/namchamvn.com.vn\/en\/wp-json\/wp\/v2\/product_tag?post=1748"}],"curies":[{"name":"wp","href":"https:\/\/api.w.org\/{rel}","templated":true}]}}