{"id":1751,"date":"2016-08-28T19:35:36","date_gmt":"2016-08-28T19:35:36","guid":{"rendered":"https:\/\/namchamvn.com.vn\/san-pham\/nam-cham-nang-tay-gat\/?lang=en"},"modified":"2016-08-28T19:35:36","modified_gmt":"2016-08-28T19:35:36","slug":"nam-cham-nang-tay-gat","status":"publish","type":"product","link":"https:\/\/namchamvn.com.vn\/en\/san-pham\/nam-cham-nang-tay-gat","title":{"rendered":"Nam ch\u00e2m n\u00e2ng tay g\u1ea1t"},"content":{"rendered":"<p style=\"text-align: justify;\"><strong><u>Nam ch\u00e2m n\u00e2ng<\/u><\/strong><u>\u00a0<\/u>\u0111\u01b0\u1ee3c l\u00e0m b\u1eb1ng nam ch\u00e2m \u0111\u1ea5t hi\u1ebfm c\u00f3 l\u1ef1c t\u1eeb b\u1ec1 m\u1eb7t c\u1ef1c m\u1ea1nh d\u00f9ng \u0111\u1ec3 n\u00e2ng c\u00e1c lo\u1ea1i s\u1eaft, th\u00e9p trong c\u00e1c nh\u00e0 m\u00e1y, c\u00f4ng tr\u01b0\u1eddng gi\u00fap ti\u1ebft ki\u1ec7m chi ph\u00ed, n\u00e2ng cao n\u0103ng su\u1ea5t lao \u0111\u1ed9ng.<\/p>\n<p style=\"text-align: justify;\">G\u1ed3m nhi\u1ec1u lo\u1ea1i kh\u00e1c nhau , C\u00f3 c\u00e1c s\u1ee9c n\u00e2ng t\u1eeb 100 kg \u2013 06 t\u1ea5n.<\/p>\n<p style=\"text-align: justify;\"><img loading=\"lazy\" decoding=\"async\" class=\"aligncenter wp-image-876 size-full\" src=\"https:\/\/namchamvn.com.vn\/wp-content\/uploads\/2016\/08\/nam-ch\u00e2m-n\u00e2ng-tay-g\u1ea1t-1.jpg\" alt=\"nam-cham-nang-tay-gat\" width=\"600\" height=\"600\" srcset=\"https:\/\/namchamvn.com.vn\/wp-content\/uploads\/2016\/08\/nam-ch\u00e2m-n\u00e2ng-tay-g\u1ea1t-1.jpg 600w, https:\/\/namchamvn.com.vn\/wp-content\/uploads\/2016\/08\/nam-ch\u00e2m-n\u00e2ng-tay-g\u1ea1t-1-150x150.jpg 150w, https:\/\/namchamvn.com.vn\/wp-content\/uploads\/2016\/08\/nam-ch\u00e2m-n\u00e2ng-tay-g\u1ea1t-1-300x300.jpg 300w, https:\/\/namchamvn.com.vn\/wp-content\/uploads\/2016\/08\/nam-ch\u00e2m-n\u00e2ng-tay-g\u1ea1t-1-180x180.jpg 180w\" sizes=\"(max-width: 600px) 100vw, 600px\" \/><\/p>\n<p style=\"text-align: justify;\"><strong><u>B\u1ea3ng th\u1ed1ng s\u1ed1 nam ch\u00e2m n\u00e2ng:<\/u><\/strong><\/p>\n<p style=\"text-align: justify;\"><img loading=\"lazy\" decoding=\"async\" class=\"aligncenter wp-image-833 size-full\" src=\"https:\/\/namchamvn.com.vn\/wp-content\/uploads\/2016\/08\/jg.jpg\" alt=\"jg\" width=\"527\" height=\"194\" srcset=\"https:\/\/namchamvn.com.vn\/wp-content\/uploads\/2016\/08\/jg.jpg 527w, https:\/\/namchamvn.com.vn\/wp-content\/uploads\/2016\/08\/jg-300x110.jpg 300w\" sizes=\"(max-width: 527px) 100vw, 527px\" \/><\/p>\n<table style=\"height: 683px;\" width=\"824\">\n<tbody>\n<tr>\n<td style=\"text-align: center;\" rowspan=\"2\" width=\"82\">Model<\/td>\n<td style=\"text-align: center;\" rowspan=\"2\" width=\"95\">S\u1ee9c n\u00e2ng an to\u00e0n (Kg)<\/td>\n<td rowspan=\"2\" width=\"100\">\n<p style=\"text-align: center;\">S\u1ee9c n\u00e2ng t\u1ed1i \u0111a<\/p>\n<p style=\"text-align: center;\">(Kg)<\/p>\n<\/td>\n<td style=\"text-align: center;\" colspan=\"4\" width=\"306\">K\u00edch Th\u01b0\u1edbc(mm)<\/td>\n<td style=\"text-align: center;\" rowspan=\"2\" width=\"96\">Tr\u1ecdng l\u01b0\u1ee3ng nam ch\u00e2m (Kg)<\/td>\n<\/tr>\n<tr>\n<td style=\"text-align: center;\" width=\"77\">B<\/td>\n<td style=\"text-align: center;\" width=\"77\">E<\/td>\n<td style=\"text-align: center;\" width=\"77\">F<\/td>\n<td style=\"text-align: center;\" width=\"77\">D<\/td>\n<\/tr>\n<tr>\n<td style=\"text-align: center;\" width=\"82\">JG-100<\/td>\n<td style=\"text-align: center;\" width=\"95\">100<\/td>\n<td style=\"text-align: center;\" width=\"100\">300<\/td>\n<td style=\"text-align: center;\" width=\"77\">123<\/td>\n<td style=\"text-align: center;\" width=\"77\">62<\/td>\n<td style=\"text-align: center;\" width=\"77\">67<\/td>\n<td style=\"text-align: center;\" width=\"77\">140<\/td>\n<td style=\"text-align: center;\" width=\"96\">3<\/td>\n<\/tr>\n<tr>\n<td style=\"text-align: center;\" width=\"82\">JG-400<\/td>\n<td style=\"text-align: center;\" width=\"95\">400<\/td>\n<td style=\"text-align: center;\" width=\"100\">1200<\/td>\n<td style=\"text-align: center;\" width=\"77\">195<\/td>\n<td style=\"text-align: center;\" width=\"77\">95<\/td>\n<td style=\"text-align: center;\" width=\"77\">92<\/td>\n<td style=\"text-align: center;\" width=\"77\">160<\/td>\n<td style=\"text-align: center;\" width=\"96\">10<\/td>\n<\/tr>\n<tr>\n<td style=\"text-align: center;\" width=\"82\">JG-600<\/td>\n<td style=\"text-align: center;\" width=\"95\">600<\/td>\n<td style=\"text-align: center;\" width=\"100\">1800<\/td>\n<td style=\"text-align: center;\" width=\"77\">246<\/td>\n<td style=\"text-align: center;\" width=\"77\">120<\/td>\n<td style=\"text-align: center;\" width=\"77\">115<\/td>\n<td style=\"text-align: center;\" width=\"77\">220<\/td>\n<td style=\"text-align: center;\" width=\"96\">20<\/td>\n<\/tr>\n<tr>\n<td style=\"text-align: center;\" width=\"82\">JG-1000<\/td>\n<td style=\"text-align: center;\" width=\"95\">1000<\/td>\n<td style=\"text-align: center;\" width=\"100\">3000<\/td>\n<td style=\"text-align: center;\" width=\"77\">298<\/td>\n<td style=\"text-align: center;\" width=\"77\">153<\/td>\n<td style=\"text-align: center;\" width=\"77\">135<\/td>\n<td style=\"text-align: center;\" width=\"77\">250<\/td>\n<td style=\"text-align: center;\" width=\"96\">36<\/td>\n<\/tr>\n<tr>\n<td style=\"text-align: center;\" width=\"82\">JG-2000<\/td>\n<td style=\"text-align: center;\" width=\"95\">2000<\/td>\n<td style=\"text-align: center;\" width=\"100\">5000<\/td>\n<td style=\"text-align: center;\" width=\"77\">395<\/td>\n<td style=\"text-align: center;\" width=\"77\">172<\/td>\n<td style=\"text-align: center;\" width=\"77\">165<\/td>\n<td style=\"text-align: center;\" width=\"77\">350<\/td>\n<td style=\"text-align: center;\" width=\"96\">68<\/td>\n<\/tr>\n<tr>\n<td style=\"text-align: center;\" width=\"82\">JG-3000<\/td>\n<td style=\"text-align: center;\" width=\"95\">3000<\/td>\n<td style=\"text-align: center;\" width=\"100\">7500<\/td>\n<td style=\"text-align: center;\" width=\"77\">480<\/td>\n<td style=\"text-align: center;\" width=\"77\">175<\/td>\n<td style=\"text-align: center;\" width=\"77\">165<\/td>\n<td style=\"text-align: center;\" width=\"77\">350<\/td>\n<td style=\"text-align: center;\" width=\"96\">92<\/td>\n<\/tr>\n<tr>\n<td style=\"text-align: center;\" width=\"82\">JG-4000<\/td>\n<td style=\"text-align: center;\" width=\"95\">4000<\/td>\n<td style=\"text-align: center;\" width=\"100\">10500<\/td>\n<td style=\"text-align: center;\" width=\"77\">560<\/td>\n<td style=\"text-align: center;\" width=\"77\">175<\/td>\n<td style=\"text-align: center;\" width=\"77\">165<\/td>\n<td style=\"text-align: center;\" width=\"77\">360<\/td>\n<td style=\"text-align: center;\" width=\"96\">109<\/td>\n<\/tr>\n<tr>\n<td style=\"text-align: center;\" width=\"82\">JG-5000<\/td>\n<td style=\"text-align: center;\" width=\"95\">5000<\/td>\n<td style=\"text-align: center;\" width=\"100\">12500<\/td>\n<td style=\"text-align: center;\" width=\"77\">570<\/td>\n<td style=\"text-align: center;\" width=\"77\">230<\/td>\n<td style=\"text-align: center;\" width=\"77\">215<\/td>\n<td style=\"text-align: center;\" width=\"77\">680<\/td>\n<td style=\"text-align: center;\" width=\"96\">198<\/td>\n<\/tr>\n<tr>\n<td style=\"text-align: center;\" width=\"82\">JG-6000<\/td>\n<td style=\"text-align: center;\" width=\"95\">6000<\/td>\n<td style=\"text-align: center;\" width=\"100\">15000<\/td>\n<td style=\"text-align: center;\" width=\"77\">780<\/td>\n<td style=\"text-align: center;\" width=\"77\">230<\/td>\n<td style=\"text-align: center;\" width=\"77\">215<\/td>\n<td style=\"text-align: center;\" width=\"77\">720<\/td>\n<td style=\"text-align: center;\" width=\"96\">278<\/td>\n<\/tr>\n<\/tbody>\n<\/table>\n<p style=\"text-align: justify;\"><strong>C\u00e1ch s\u1eed d\u1ee5ng:<\/strong><\/p>\n<p style=\"text-align: justify;\"><strong><u>B1<\/u><\/strong><u>:<\/u> D\u00f9ng m\u00f3c c\u1ee7a h\u1ec7 th\u1ed1ng c\u00e1p, x\u00edch, m\u00f3c tr\u1ef1c ti\u1ebfp v\u00e0o tay m\u00f3c c\u1ee7a nam ch\u00e2m n\u00e2ng.<\/p>\n<p style=\"text-align: justify;\"><strong><u>B2<\/u><\/strong><u>:<\/u> Cho b\u1ec1 m\u1eb7t nam ch\u00e2m ti\u1ebfp x\u00fac tr\u1ef1c ti\u1ebfp v\u1edbi b\u1ec1 m\u1eb7t v\u1eadt c\u1ea7n n\u00e2ng.<\/p>\n<p style=\"text-align: justify;\"><strong><u>B3<\/u><\/strong><u>:<\/u> D\u00f9ng tay quay tay g\u1ea1t c\u1ee7a nam ch\u00e2m theo chi\u1ec1u nh\u01b0 k\u00fd hi\u1ec7u c\u00f3 s\u1eb5n tr\u00ean nam ch\u00e2m \u0111\u1ebfn \u0111i\u1ec3m ch\u1ed1t \u0111\u1ec3 m\u1edf t\u1eeb. Ngay l\u1eadp t\u1ee9c Nam ch\u00e2m s\u1ebd h\u00fat ch\u1eb7t v\u00e0o v\u1eadt.<\/p>\n<p style=\"text-align: justify;\"><strong><u>B4<\/u><\/strong><u>:<\/u> N\u00e2ng v\u00e0 di chuy\u1ec3n c\u00e1p, x\u00edch \u0111\u1ebfn v\u1ecb tr\u00ed y\u00eau c\u1ea7u v\u00e0 h\u1ea1 xu\u1ed1ng<\/p>\n<p style=\"text-align: justify;\"><strong><u>B5<\/u><\/strong><u>:<\/u> D\u00f9ng tay xoay tay g\u1ea1t c\u1ee7a nam ch\u00e2m theo chi\u1ec1u ng\u01b0\u1ee3c l\u1ea1i v\u1ec1 l\u00fac ban \u0111\u1ea7u \u0111\u1ec3 \u0111\u00f3ng t\u1eeb. Nam ch\u00e2m s\u1ebd b\u1ecb ng\u1eaft t\u1eeb v\u00e0 ng\u1eebng h\u00fat s\u1eaft th\u00e9p.<\/p>\n<p style=\"text-align: justify;\"><strong>\u01afu \u0111i\u1ec3m:<\/strong><\/p>\n<p style=\"text-align: justify;\">&#8211; Gi\u00e1 th\u00e0nh r\u1ebb b\u1eb1ng kho\u1ea3ng 1\/10 \u0111\u1ebfn 1\/15 nam ch\u00e2m \u0111i\u1ec7n.<\/p>\n<p style=\"text-align: justify;\">&#8211; Kh\u00f4ng s\u1eed d\u1ee5ng \u0111i\u1ec7n n\u0103ng n\u00ean ti\u1ebft ki\u1ec7m chi ph\u00ed.<\/p>\n<p style=\"text-align: justify;\">&#8211; Ti\u1ebft ki\u1ec7m \u0111\u01b0\u1ee3c chi ph\u00ed nh\u00e2n c\u00f4ng.<\/p>\n<p style=\"text-align: justify;\">&#8211; C\u00f3 th\u1ec3 l\u00e0m vi\u1ec7c li\u00ean t\u1ee5c, n\u00e2ng cao hi\u1ec7u su\u1ea5t lao \u0111\u1ed9ng.<\/p>\n<p style=\"text-align: justify;\"><strong><br \/>\n<\/strong><em>Qu\u00fd kh\u00e1ch c\u00f3 b\u1ea5t c\u1ee9 nhu c\u1ea7u t\u00ecm hi\u1ec3u, t\u01b0 v\u1ea5n, b\u00e1o gi\u00e1 v\u1ec1 s\u1ea3n ph\u1ea9m vui l\u00f2ng li\u00ean h\u1ec7 v\u1edbi ch\u00fang t\u00f4i qua s\u1ed1<\/em><\/p>\n<p style=\"text-align: justify;\"><em>Hotline CSKH:\u00a00937.813.868<\/em>\u00a0\u00a0<em><u>Email:\u00a0<a href=\"mailto:namchamttvm68@gmail.com\">namchamttvm@gmail.com<\/a><\/u><\/em><strong><br \/>\nTr\u00e2n tr\u1ecdng c\u1ea3m \u01a1n Qu\u00fd Kh\u00e1ch!<\/strong><\/p>\n<p style=\"text-align: justify;\"><em>M\u1eddi qu\u00fd kh\u00e1ch xem video quay l\u1ea1i c\u1ea3nh c\u00e1n b\u1ed9, c\u00f4ng nh\u00e2n VINA LIFT \u0111ang ki\u1ec3m tra ch\u1ea5t l\u01b0\u1ee3ng h\u00e0ng h\u00f3a <\/em><em>v\u00e0 nghi\u1ec7m thu \u00a0<\/em><u><a href=\"https:\/\/www.youtube.com\/watch?v=0sC-X3yIk4U\" target=\"_blank\" rel=\"noopener\"><em>https:\/\/www.youtube.com\/watch?v=0sC-X3yIk4U<\/em><\/a><\/u><strong><br \/>\n<\/strong><\/p>\n<p style=\"text-align: justify;\"><strong><em>&#8220;Nam Ch\u00e2m Lagos &#8211; V\u0129nh C\u1eedu V\u1edbi\u00a0 Th\u1eddi Gian&#8221;<\/em><\/strong><\/p>\n","protected":false},"excerpt":{"rendered":"<p><b><u>Nam ch\u00e2m n\u00e2ng<\/u><\/b><u>\u00a0<\/u>\u0111\u01b0\u1ee3c l\u00e0m b\u1eb1ng nam ch\u00e2m \u0111\u1ea5t hi\u1ebfm c\u00f3 l\u1ef1c t\u1eeb b\u1ec1 m\u1eb7t c\u1ef1c m\u1ea1nh d\u00f9ng \u0111\u1ec3 n\u00e2ng c\u00e1c lo\u1ea1i s\u1eaft, th\u00e9p trong c\u00e1c nh\u00e0 m\u00e1y, c\u00f4ng tr\u01b0\u1eddng gi\u00fap ti\u1ebft ki\u1ec7m chi ph\u00ed, n\u00e2ng cao n\u0103ng su\u1ea5t lao \u0111\u1ed9ng<\/p>\n","protected":false},"featured_media":1448,"comment_status":"open","ping_status":"closed","template":"","meta":{"rank_math_lock_modified_date":false},"product_cat":[286],"product_tag":[350,289],"class_list":{"0":"post-1751","1":"product","2":"type-product","3":"status-publish","4":"has-post-thumbnail","6":"product_cat-magnet-lifting","7":"product_tag-nam-cham-nang-tay-gat-en","8":"product_tag-nam-cham-nang-en","10":"first","11":"instock","12":"shipping-taxable","13":"product-type-simple"},"_links":{"self":[{"href":"https:\/\/namchamvn.com.vn\/en\/wp-json\/wp\/v2\/product\/1751"}],"collection":[{"href":"https:\/\/namchamvn.com.vn\/en\/wp-json\/wp\/v2\/product"}],"about":[{"href":"https:\/\/namchamvn.com.vn\/en\/wp-json\/wp\/v2\/types\/product"}],"replies":[{"embeddable":true,"href":"https:\/\/namchamvn.com.vn\/en\/wp-json\/wp\/v2\/comments?post=1751"}],"wp:featuredmedia":[{"embeddable":true,"href":"https:\/\/namchamvn.com.vn\/en\/wp-json\/wp\/v2\/media\/1448"}],"wp:attachment":[{"href":"https:\/\/namchamvn.com.vn\/en\/wp-json\/wp\/v2\/media?parent=1751"}],"wp:term":[{"taxonomy":"product_cat","embeddable":true,"href":"https:\/\/namchamvn.com.vn\/en\/wp-json\/wp\/v2\/product_cat?post=1751"},{"taxonomy":"product_tag","embeddable":true,"href":"https:\/\/namchamvn.com.vn\/en\/wp-json\/wp\/v2\/product_tag?post=1751"}],"curies":[{"name":"wp","href":"https:\/\/api.w.org\/{rel}","templated":true}]}}