{"id":1753,"date":"2016-08-28T19:28:48","date_gmt":"2016-08-28T19:28:48","guid":{"rendered":"https:\/\/namchamvn.com.vn\/san-pham\/nam-cham-dien-hut-sat-thep\/?lang=en"},"modified":"2025-10-03T11:21:50","modified_gmt":"2025-10-03T04:21:50","slug":"nam-cham-dien-cau-sat-thep","status":"publish","type":"product","link":"https:\/\/namchamvn.com.vn\/en\/san-pham\/nam-cham-dien-cau-sat-thep","title":{"rendered":"Nam ch\u00e2m \u0111i\u1ec7n c\u1ea9u s\u1eaft th\u00e9p TTVM &#8211; H\u00fat s\u1eaft si\u00eau kh\u1ecfe, L\u1ef1c t\u1eeb si\u00eau m\u1ea1nh, N\u0103ng su\u1ea5t h\u00fat cao"},"content":{"rendered":"<p><strong><u>C\u1ea5u t\u1ea1o c\u1ee7a Nam Ch\u00e2m \u0111i\u1ec7n c\u1ea9u s\u1eaft th\u00e9p<\/u>:<\/strong><\/p>\n<p>M\u1ed9t b\u1ed9 nam ch\u00e2m \u0111i\u1ec7n c\u1ea9u s\u1eaft th\u00e9p (th\u00e9p ph\u1ebf) bao g\u1ed3m 04 s\u1ea3n ph\u1ea9m:<\/p>\n<ol>\n<li>Nam ch\u00e2m \u0111i\u1ec7n<\/li>\n<li>T\u1ee7 \u0111i\u1ec1u khi\u1ec3n<\/li>\n<li>Tang cu\u1ed1n &amp; c\u00e1p<\/li>\n<li>Kh\u1edbp n\u1ed1i<\/li>\n<\/ol>\n<p style=\"text-align: justify;\"><strong><em><u>\u0110\u1eb7c \u0111i\u1ec3m<\/u><\/em>:<\/strong> Nam ch\u00e2m \u0111i\u1ec7n c\u1ea9u s\u1eaft th\u00e9p c\u00f3 l\u1ef1c t\u1eeb c\u1ef1c m\u1ea1nh v\u00e0 c\u00f3 th\u1ec3 thay \u0111\u1ed5i \u0111\u01b0\u1ee3c l\u1ef1c t\u1eeb d\u1ef1a v\u00e0o vi\u1ec7c thay \u0111\u1ed5i c\u01b0\u1eddng \u0111\u1ed9 d\u00f2ng \u0111i\u1ec7n, ti\u1ebft di\u1ec7n cu\u1ed9n d\u00e2y ho\u1eb7c s\u1ed1 v\u00f2ng cu\u1ed1n d\u00e2y \u0111\u1ed3ng. Ch\u00ednh v\u00ec th\u1ebf, t\u00f9y v\u00e0o y\u00eau c\u1ea7u c\u00f4ng vi\u1ec7c v\u00e0 \u0111i\u1ec1u ki\u1ec7n l\u00e0m vi\u1ec7c m\u00e0 c\u00f4ng ty ch\u00fang t\u00f4i ch\u1ebf t\u1ea1o v\u00e0 cung c\u1ea5p cho kh\u00e1ch h\u00e0ng k\u00edch th\u01b0\u1edbc nam ch\u00e2m v\u00e0 l\u1ef1c t\u1eeb nam ch\u00e2m kh\u00e1c nhau.<\/p>\n<div id=\"attachment_4303\" style=\"width: 522px\" class=\"wp-caption aligncenter\"><img loading=\"lazy\" decoding=\"async\" aria-describedby=\"caption-attachment-4303\" class=\"wp-image-4303 size-full\" src=\"https:\/\/namchamvn.com.vn\/wp-content\/uploads\/2018\/08\/nam-cham-dien-1.jpg\" alt=\"\" width=\"512\" height=\"492\" srcset=\"https:\/\/namchamvn.com.vn\/wp-content\/uploads\/2018\/08\/nam-cham-dien-1.jpg 512w, https:\/\/namchamvn.com.vn\/wp-content\/uploads\/2018\/08\/nam-cham-dien-1-300x288.jpg 300w\" sizes=\"(max-width: 512px) 100vw, 512px\" \/><p id=\"caption-attachment-4303\" class=\"wp-caption-text\"><em>Nam ch\u00e2m \u0111i\u1ec7n<\/em><\/p><\/div>\n<p style=\"text-align: justify;\"><strong><em><u>\u1ee8ng d\u1ee5ng<\/u><\/em>:\u00a0<\/strong>Nam ch\u00e2m \u0111i\u1ec7n c\u1ea9u s\u1eaft th\u00e9p \u0111\u01b0\u1ee3c d\u00f9ng trong r\u1ea5t nhi\u1ec1u ng\u00e0nh c\u00f4ng nghi\u1ec7p kh\u00e1c nhau, \u0110\u1eb7c bi\u1ec7t l\u00e0 c\u00f4ng nghi\u1ec7p s\u1ea3n xu\u1ea5t ch\u1ebf bi\u1ebfn s\u1eaft th\u00e9p<\/p>\n<p style=\"text-align: justify;\"><strong><em><u>\u01afu \u0111i\u1ec3m<\/u><\/em>:<\/strong> Ti\u1ebft ki\u1ec7m \u0111\u01b0\u1ee3c chi ph\u00ed nh\u00e2n c\u00f4ng, n\u0103ng su\u1ea5t, hi\u1ec7u qu\u1ea3 c\u00f4ng vi\u1ec7c t\u0103ng l\u00ean g\u1ea5p nhi\u1ec1u\u00a0 l\u1ea7n. \u1ede nhi\u1ec1u v\u1ecb tr\u00ed trong s\u1ea3n xu\u1ea5t ch\u1ebf bi\u1ebfn th\u00e9p, nam ch\u00e2m \u0111i\u1ec7n c\u1ea9u s\u1eaft th\u00e9p l\u00e0 thi\u1ebft b\u1ecb kh\u00f4ng th\u1ec3 thi\u1ebfu. Ngo\u00e0i ra, d\u1ec5 d\u00e0ng ho\u1ea1t \u0111\u1ed9ng \u0111\u00f3ng \u2013 nh\u1ea3 t\u1eeb r\u1ea5t linh ho\u1ea1t l\u00ean n\u00e2ng cao n\u0103ng su\u1ea5t lao \u0111\u1ed9ng d\u1eabn \u0111\u1ebfn ti\u1ebft ki\u1ec7m chi ph\u00ed r\u1ea5t l\u1edbn. C\u00e1c cu\u1ed9n (t\u1ea5m) th\u00e9p c\u00f3 th\u1ec3 \u0111\u01b0\u1ee3c h\u00fat &#8211; nh\u1ea3 v\u00e0 \u0111\u01b0\u1ee3c ki\u1ec3m so\u00e1t b\u1edfi t\u1ee7 \u0111i\u1ec1u khi\u1ec3n n\u1ebfu d\u00f2ng \u0111i\u1ec7n b\u1ed7ng nhi\u00ean v\u00ec m\u1ed9t nguy\u00ean nh\u00e2n n\u00e0o \u0111\u00f3 b\u1ecb ng\u1eaft \u0111i th\u00ec \u1edf t\u1ee7 \u0111i\u1ec1u khi\u1ec3n v\u1eabn t\u00edch m\u1ed9t l\u01b0\u1ee3ng \u0111i\u1ec7n t\u00edch nh\u1ea5t \u0111\u1ecbnh \u0111\u1ec3 cho ch\u00fang ta c\u00f3 th\u1ec3 h\u1ea1 cu\u1ed9n (t\u1ea5m) th\u00e9p xu\u1ed1ng.<\/p>\n<p><strong><u>B\u1ea3ng th\u00f4ng s\u1ed1 k\u1ef9 thu\u1eadt:<\/u><\/strong><\/p>\n<table width=\"762\">\n<tbody>\n<tr>\n<td rowspan=\"2\" width=\"129\">\u00a0Medel<\/td>\n<td rowspan=\"2\">\u00a0C\u00f4ng Su\u1ea5t<\/p>\n<p>(KW)<\/td>\n<td rowspan=\"2\">\u00a0\u0110\u01b0\u1eddng K\u00ednh<\/p>\n<p>(mm)<\/td>\n<td colspan=\"3\" width=\"362\">\u00a0\u00a0 S\u1ee9c N\u00e2ng (Kg)<\/td>\n<td rowspan=\"2\" width=\"131\">\u00a0Tr\u1ecdng L\u01b0\u1ee3ng<\/p>\n<p>(Kg)<\/td>\n<\/tr>\n<tr>\n<td width=\"120\">\u00a0Th\u00e9p kh\u1ed1i<\/td>\n<td width=\"135\">\u00a0Th\u00e9p Ph\u00f4i<\/td>\n<td width=\"105\">Ph\u1ebf Li\u1ec7u<\/td>\n<\/tr>\n<tr>\n<td width=\"129\">\u00a0MW5-50L\/1<\/td>\n<td>\u00a02,.6<\/td>\n<td>\u00a0500<\/td>\n<td width=\"120\">1200<\/td>\n<td width=\"135\">\u00a0220\/130<\/td>\n<td width=\"105\">\u00a080\/65<\/td>\n<td width=\"131\">\u00a0220<\/td>\n<\/tr>\n<tr>\n<td width=\"129\">\u00a0MW5-60L\/1<\/td>\n<td>\u00a03<\/td>\n<td>\u00a0600<\/td>\n<td width=\"120\">2000<\/td>\n<td width=\"135\">\u00a0290\/170<\/td>\n<td width=\"105\">\u00a095\/80<\/td>\n<td width=\"131\">\u00a0340<\/td>\n<\/tr>\n<tr>\n<td width=\"129\">\u00a0MW5-70L\/1<\/td>\n<td>\u00a03.3<\/td>\n<td>\u00a0700<\/td>\n<td width=\"120\">\u00a02500<\/td>\n<td width=\"135\">\u00a0380\/200<\/td>\n<td width=\"105\">\u00a0120\/100<\/td>\n<td width=\"131\">\u00a0478<\/td>\n<\/tr>\n<tr>\n<td width=\"129\">\u00a0MW5-80L\/1<\/td>\n<td>\u00a04<\/td>\n<td>\u00a0800<\/td>\n<td width=\"120\">\u00a03000<\/td>\n<td width=\"135\">\u00a0480\/250<\/td>\n<td width=\"105\">\u00a0150\/130<\/td>\n<td width=\"131\">\u00a0526<\/td>\n<\/tr>\n<tr>\n<td width=\"129\">\u00a0MW5-90L\/1<\/td>\n<td>5.9<\/td>\n<td>900<\/td>\n<td width=\"120\">4500<\/td>\n<td width=\"135\">600\/400<\/td>\n<td width=\"105\">250\/200<\/td>\n<td width=\"131\">623<\/td>\n<\/tr>\n<tr>\n<td width=\"129\">\u00a0MW5-110L\/1<\/td>\n<td>\u00a07.7<\/td>\n<td>1100<\/td>\n<td width=\"120\">\u00a06500<\/td>\n<td width=\"135\">\u00a01000\/800<\/td>\n<td width=\"105\">\u00a0450\/400<\/td>\n<td width=\"131\">\u00a01271<\/td>\n<\/tr>\n<tr>\n<td width=\"129\">\u00a0MW5-120L\/1<\/td>\n<td>10<\/td>\n<td>1200<\/td>\n<td width=\"120\">7500<\/td>\n<td width=\"135\">1300\/1000<\/td>\n<td width=\"105\">650\/500<\/td>\n<td width=\"131\">1700<\/td>\n<\/tr>\n<tr>\n<td width=\"129\">\u00a0MW5-130L\/1<\/td>\n<td>12<\/td>\n<td>1300<\/td>\n<td width=\"120\">8500<\/td>\n<td width=\"135\">1400\/1100<\/td>\n<td width=\"105\">700\/600<\/td>\n<td width=\"131\">2100<\/td>\n<\/tr>\n<tr>\n<td width=\"129\">\u00a0MW5-150L\/1<\/td>\n<td>15.6<\/td>\n<td>1500<\/td>\n<td width=\"120\">11000<\/td>\n<td width=\"135\">1900\/1500<\/td>\n<td width=\"105\">1100\/900<\/td>\n<td width=\"131\">2750<\/td>\n<\/tr>\n<tr>\n<td width=\"129\">\u00a0MW5-165L\/1<\/td>\n<td>16.5<\/td>\n<td>1650<\/td>\n<td width=\"120\">12500<\/td>\n<td width=\"135\">23000\/1800<\/td>\n<td width=\"105\">1300\/1100<\/td>\n<td width=\"131\">3245<\/td>\n<\/tr>\n<tr>\n<td width=\"129\">\u00a0MW5-180L\/1<\/td>\n<td>22.5<\/td>\n<td>1800<\/td>\n<td width=\"120\">14500<\/td>\n<td width=\"135\">2750\/2100<\/td>\n<td width=\"105\">1600\/1350<\/td>\n<td width=\"131\">4200<\/td>\n<\/tr>\n<tr>\n<td width=\"129\">\u00a0MW5-210L\/1<\/td>\n<td>28.4<\/td>\n<td>2100<\/td>\n<td width=\"120\">21000<\/td>\n<td width=\"135\">3500\/2800<\/td>\n<td width=\"105\">2200\/1850<\/td>\n<td width=\"131\">6800<\/td>\n<\/tr>\n<tr>\n<td width=\"129\">\u00a0MW5-240L\/1<\/td>\n<td>33.9<\/td>\n<td>2400<\/td>\n<td width=\"120\">26000<\/td>\n<td width=\"135\">4800\/3800<\/td>\n<td width=\"105\">2850\/2250<\/td>\n<td width=\"131\">9000<\/td>\n<\/tr>\n<\/tbody>\n<\/table>\n<p style=\"text-align: justify;\">M\u1ecdi quan t\u00e2m v\u00e0 y\u00eau c\u1ea7u b\u00e1o gi\u00e1, M\u1eddi Qu\u00fd kh\u00e1ch h\u00e0ng vui l\u00f2ng li\u00ean h\u1ec7 qua:<\/p>\n<p style=\"text-align: justify;\"><strong>Tr\u1ee5 s\u1edf ch\u00ednh:<\/strong> S\u1ed1 602, T\u00f2a nh\u00e0 CT1, Ph\u1ed1 \u0110\u1ed7 Nhu\u1eadn, Ph\u01b0\u1eddng Xu\u00e2n \u0110\u1ec9nh, Q. B\u1eafc T\u1eeb Li\u00eam, H\u00e0 N\u1ed9i<\/p>\n<p style=\"text-align: justify;\"><strong>VP HCM:<\/strong> 1073\/63B C\u00e1ch M\u1ea1ng Th\u00e1ng T\u00e1m, Ph\u01b0\u1eddng T\u00e2n S\u01a1n Nh\u1ea5t, HCM<\/p>\n<p style=\"text-align: justify;\"><strong>Kho:<\/strong> S\u1ed1 9 Th\u1ee5y Ph\u01b0\u01a1ng, P. \u0110\u00f4ng Ng\u1ea1c, Q. B\u1eafc T\u1eeb Li\u00eam, TP. H\u00e0 N\u1ed9i<\/p>\n<p style=\"text-align: justify;\"><strong>\u0110i\u1ec7n tho\u1ea1i:<\/strong> (+84) 47305 6699<\/p>\n<p style=\"text-align: justify;\"><strong>Hotline\/Zalo: <\/strong>0937.813.868 (24\/7)<\/p>\n<blockquote class=\"wp-embedded-content\" data-secret=\"BfqkYMMF7m\"><p><a href=\"https:\/\/namchamvn.com.vn\/danh-gia-uu-nhuoc-diem-nam-cha-phang-va-nam-cham-dien\">\u0110\u00e1nh gi\u00e1 \u01b0u nh\u01b0\u1ee3c \u0111i\u1ec3m nam ch\u00e2m ph\u1eb3ng v\u00e0 nam ch\u00e2m \u0111i\u1ec7n &#8211; T&#038;T<\/a><\/p><\/blockquote>\n<p><iframe loading=\"lazy\" class=\"wp-embedded-content\" sandbox=\"allow-scripts\" security=\"restricted\" style=\"position: absolute; visibility: hidden;\" title=\"&#8220;\u0110\u00e1nh gi\u00e1 \u01b0u nh\u01b0\u1ee3c \u0111i\u1ec3m nam ch\u00e2m ph\u1eb3ng v\u00e0 nam ch\u00e2m \u0111i\u1ec7n &#8211; T&#038;T&#8221; &#8212; Nam ch\u00e2m l\u1ecdc s\u1eaft TTVM | Cung c\u1ea5p gi\u1ea3i ph\u00e1p l\u1ecdc t\u00e1ch s\u1eaft trong c\u00f4ng nghi\u1ec7p\" src=\"https:\/\/namchamvn.com.vn\/danh-gia-uu-nhuoc-diem-nam-cha-phang-va-nam-cham-dien\/embed#?secret=kXSgih3stk#?secret=BfqkYMMF7m\" data-secret=\"BfqkYMMF7m\" width=\"500\" height=\"282\" frameborder=\"0\" marginwidth=\"0\" marginheight=\"0\" scrolling=\"no\"><\/iframe><\/p>\n","protected":false},"excerpt":{"rendered":"<p><strong><u>Nam ch\u00e2m \u0111i\u1ec7n d\u00f9ng \u0111\u1ec3 h\u00fat s\u1eaft th\u00e9p:<\/u><\/strong><\/p>\n<p>M\u1ed9t b\u1ed9 nam ch\u00e2m \u0111i\u1ec7n bao g\u1ed3m 04 s\u1ea3n ph\u1ea9m:<\/p>\n<ol>\n<li><strong>Nam ch\u00e2m \u0111i\u1ec7n<\/strong><\/li>\n<li>T\u1ee7 \u0111i\u1ec1u khi\u1ec3n<\/li>\n<li>Tang cu\u1ed1n &amp; c\u00e1p<\/li>\n<li>Kh\u1edbp n\u1ed1i.<\/li>\n<\/ol>\n","protected":false},"featured_media":7867,"comment_status":"open","ping_status":"closed","template":"","meta":{"rank_math_lock_modified_date":false},"product_cat":[348,39],"product_tag":[354,355,353,328],"class_list":{"0":"post-1753","1":"product","2":"type-product","3":"status-publish","4":"has-post-thumbnail","6":"product_cat-electromagnet","7":"product_cat-thiet-bi-loc-tach-sat","8":"product_tag-nam-cham-nang-ha-thep-en","9":"product_tag-nam-cham-hut-thep-en","10":"product_tag-nam-cham-dien-en","11":"product_tag-nam-cham-hut-sat-tren-bang-tai-en","13":"first","14":"instock","15":"shipping-taxable","16":"product-type-simple"},"_links":{"self":[{"href":"https:\/\/namchamvn.com.vn\/en\/wp-json\/wp\/v2\/product\/1753"}],"collection":[{"href":"https:\/\/namchamvn.com.vn\/en\/wp-json\/wp\/v2\/product"}],"about":[{"href":"https:\/\/namchamvn.com.vn\/en\/wp-json\/wp\/v2\/types\/product"}],"replies":[{"embeddable":true,"href":"https:\/\/namchamvn.com.vn\/en\/wp-json\/wp\/v2\/comments?post=1753"}],"wp:featuredmedia":[{"embeddable":true,"href":"https:\/\/namchamvn.com.vn\/en\/wp-json\/wp\/v2\/media\/7867"}],"wp:attachment":[{"href":"https:\/\/namchamvn.com.vn\/en\/wp-json\/wp\/v2\/media?parent=1753"}],"wp:term":[{"taxonomy":"product_cat","embeddable":true,"href":"https:\/\/namchamvn.com.vn\/en\/wp-json\/wp\/v2\/product_cat?post=1753"},{"taxonomy":"product_tag","embeddable":true,"href":"https:\/\/namchamvn.com.vn\/en\/wp-json\/wp\/v2\/product_tag?post=1753"}],"curies":[{"name":"wp","href":"https:\/\/api.w.org\/{rel}","templated":true}]}}